{"id":31,"date":"2024-09-25T20:49:46","date_gmt":"2024-09-25T20:49:46","guid":{"rendered":"https:\/\/qa-aws.australis.com\/?page_id=31"},"modified":"2025-05-28T13:22:34","modified_gmt":"2025-05-28T13:22:34","slug":"contato","status":"publish","type":"page","link":"https:\/\/www.australis.com\/pt\/contato\/","title":{"rendered":"Contato"},"content":{"rendered":"\n<span class=\"wp-block-australis-bp-spacer bp-spacer\" style=\"--_spacer-desktop-top:0;--_spacer-desktop-bot:120;--_spacer-mobile-top:0;--_spacer-mobile-bot:120\" id=\"bp-spacer\" aria-hidden=\"true\"><\/span>\n\n\n\n<section class=\"wp-block-australis-bp-container container  contact-form\" id=\"\" data-name=\"\" style=\"background-color:var(--azul);--background-color:var(--azul);color:var(--crema-fondo)\">\n<section class=\"wp-block-australis-bp-row row left middle mobile-center mobile-middle is-style-fixed\" style=\"--row-desktop-gap:0rem;--row-mobile-gap:0rem\">\n<div class=\"wp-block-columns is-layout-flex wp-container-core-columns-is-layout-9d6595d7 wp-block-columns-is-layout-flex\">\n<div class=\"wp-block-column title-box is-layout-flow wp-block-column-is-layout-flow\">\n<h1 class=\"wp-block-heading has-l-font-size\">Embarque em uma travessia pela Patag\u00f4nia com a Australis<\/h1>\n<\/div>\n<\/div>\n<\/section>\n\n\n\n<section class=\"wp-block-australis-bp-row row between start mobile-center mobile-middle is-style-fixed\" style=\"--row-desktop-gap:0rem;--row-mobile-gap:0rem\">\n<div class=\"wp-block-columns is-layout-flex wp-container-core-columns-is-layout-9d6595d7 wp-block-columns-is-layout-flex\">\n<div class=\"wp-block-column form-box is-layout-flow wp-block-column-is-layout-flow\" style=\"flex-basis:60%\">\n<script charset=\"utf-8\" type=\"text\/javascript\" src=\"\/\/js.hsforms.net\/forms\/embed\/v2.js\"><\/script>\n<script>\n  hbspt.forms.create({\n    portalId: \"1822104\",\n    formId: \"e99703af-e574-4ed0-a249-d6b489c6ddea\",\n    region: \"na1\"\n  });\n<\/script>\n<\/div>\n\n\n\n<div class=\"wp-block-column information-box is-layout-flow wp-block-column-is-layout-flow\" style=\"flex-basis:33%\">\n<h3 class=\"wp-block-heading has-s-font-size\" style=\"text-transform:capitalize\">Escrit\u00f3rios<\/h3>\n\n\n\n<div class=\"wp-block-group\"><div class=\"wp-block-group__inner-container is-layout-constrained wp-block-group-is-layout-constrained\">\n<h3 class=\"wp-block-heading has-s-font-size\" style=\"text-transform:capitalize\">Chile<\/h3>\n\n\n\n<div class=\"wp-block-buttons is-vertical is-layout-flex wp-container-core-buttons-is-layout-8cf370e7 wp-block-buttons-is-layout-flex\">\n<div class=\"wp-block-button\"><a class=\"wp-block-button__link has-cream-color has-darker-blue-background-color has-text-color has-background has-link-color wp-element-button\" href=\"tel:56227971000\" target=\"_blank\" rel=\"noreferrer noopener\"><img decoding=\"async\" class=\"wp-image-979\" style=\"width: 18px\" src=\"https:\/\/www.australis.com\/wp-content\/uploads\/2025\/01\/icon-phone.svg\" alt=\"\">+56 22 797 1000<\/a><\/div>\n\n\n\n<div class=\"wp-block-button\"><a class=\"wp-block-button__link has-cream-color has-darker-blue-background-color has-text-color has-background has-link-color wp-element-button\" href=\"mailto:sales@australis.com\" target=\"_blank\" rel=\"noreferrer noopener\"><img decoding=\"async\" class=\"wp-image-978\" style=\"width: 20px\" src=\"https:\/\/www.australis.com\/wp-content\/uploads\/2025\/01\/icon-email.svg\" alt=\"\">sales@australis.com<\/a><\/div>\n<\/div>\n<\/div><\/div>\n\n\n\n<div class=\"wp-block-group\"><div class=\"wp-block-group__inner-container is-layout-constrained wp-block-group-is-layout-constrained\">\n<h3 class=\"wp-block-heading has-s-font-size\" style=\"text-transform:capitalize\">Europa<\/h3>\n\n\n\n<div class=\"wp-block-buttons is-vertical is-layout-flex wp-container-core-buttons-is-layout-8cf370e7 wp-block-buttons-is-layout-flex\">\n<div class=\"wp-block-button\"><a class=\"wp-block-button__link has-cream-color has-darker-blue-background-color has-text-color has-background has-link-color wp-element-button\" href=\"tel:34934970484\" target=\"_blank\" rel=\"noreferrer noopener\"><img decoding=\"async\" class=\"wp-image-979\" style=\"width: 18px\" src=\"https:\/\/www.australis.com\/wp-content\/uploads\/2025\/01\/icon-phone.svg\" alt=\"\">+34 93 497 0484<\/a><\/div>\n\n\n\n<div class=\"wp-block-button\"><a class=\"wp-block-button__link has-cream-color has-darker-blue-background-color has-text-color has-background has-link-color wp-element-button\" href=\"mailto:europe@australis.com\" target=\"_blank\" rel=\"noreferrer noopener\"><img decoding=\"async\" class=\"wp-image-978\" style=\"width: 20px\" src=\"https:\/\/www.australis.com\/wp-content\/uploads\/2025\/01\/icon-email.svg\" alt=\"\">europe@australis.com<\/a><\/div>\n<\/div>\n<\/div><\/div>\n\n\n\n<div class=\"wp-block-group\"><div class=\"wp-block-group__inner-container is-layout-constrained wp-block-group-is-layout-constrained\">\n<h3 class=\"wp-block-heading has-s-font-size\" style=\"text-transform:capitalize\">E.U.A.<\/h3>\n\n\n\n<div class=\"wp-block-buttons is-vertical is-layout-flex wp-container-core-buttons-is-layout-8cf370e7 wp-block-buttons-is-layout-flex\">\n<div class=\"wp-block-button\"><a class=\"wp-block-button__link has-cream-color has-darker-blue-background-color has-text-color has-background has-link-color wp-element-button\" href=\"tel:18007430119\" target=\"_blank\" rel=\"noreferrer noopener\"><img decoding=\"async\" class=\"wp-image-979\" style=\"width: 18px\" src=\"https:\/\/www.australis.com\/wp-content\/uploads\/2025\/01\/icon-phone.svg\" alt=\"\">+1 800 743 0119<\/a><\/div>\n\n\n\n<div class=\"wp-block-button\"><a class=\"wp-block-button__link has-cream-color has-darker-blue-background-color has-text-color has-background has-link-color wp-element-button\" href=\"mailto:northamerica@australis.com\" target=\"_blank\" rel=\"noreferrer noopener\"><img decoding=\"async\" class=\"wp-image-978\" style=\"width: 20px\" src=\"https:\/\/www.australis.com\/wp-content\/uploads\/2025\/01\/icon-email.svg\" alt=\"\">northamerica@australis.com<\/a><\/div>\n<\/div>\n<\/div><\/div>\n\n\n\n<div class=\"wp-block-group\"><div class=\"wp-block-group__inner-container is-layout-constrained wp-block-group-is-layout-constrained\">\n<h3 class=\"wp-block-heading has-s-font-size\" style=\"text-transform:capitalize\">Argentina<\/h3>\n\n\n\n<div class=\"wp-block-buttons is-vertical is-layout-flex wp-container-core-buttons-is-layout-8cf370e7 wp-block-buttons-is-layout-flex\">\n<div class=\"wp-block-button\"><a class=\"wp-block-button__link has-cream-color has-darker-blue-background-color has-text-color has-background has-link-color wp-element-button\" href=\"tel:541159839402\" target=\"_blank\" rel=\"noreferrer noopener\"><img decoding=\"async\" class=\"wp-image-979\" style=\"width: 18px\" src=\"https:\/\/www.australis.com\/wp-content\/uploads\/2025\/01\/icon-phone.svg\" alt=\"\">+54 11 5983 9402<\/a><\/div>\n\n\n\n<div class=\"wp-block-button\"><a class=\"wp-block-button__link has-cream-color has-darker-blue-background-color has-text-color has-background has-link-color wp-element-button\" href=\"mailto:sales@australis.com\" target=\"_blank\" rel=\"noreferrer noopener\"><img decoding=\"async\" class=\"wp-image-978\" style=\"width: 20px\" src=\"https:\/\/www.australis.com\/wp-content\/uploads\/2025\/01\/icon-email.svg\" alt=\"\">sales@australis.com<\/a><\/div>\n<\/div>\n<\/div><\/div>\n<\/div>\n<\/div>\n<\/section>\n<\/section>\n\n\n\n<span class=\"wp-block-australis-bp-spacer bp-spacer\" style=\"--_spacer-desktop-top:0;--_spacer-desktop-bot:120;--_spacer-mobile-top:0;--_spacer-mobile-bot:120\" id=\"bp-spacer\" aria-hidden=\"true\"><\/span>\n\n\n\n<section class=\"wp-block-australis-bp-container container  trust-section\" id=\"\" data-name=\"\" style=\"background-color:var(--azul);--background-color:var(--azul);color:var(--crema-fondo)\">\n<section class=\"wp-block-australis-bp-row row center middle mobile-center mobile-middle\" style=\"--row-desktop-gap:0rem;--row-mobile-gap:0rem\">\n<div class=\"wp-block-columns is-layout-flex wp-container-core-columns-is-layout-9d6595d7 wp-block-columns-is-layout-flex\">\n<div class=\"wp-block-column is-layout-flow wp-block-column-is-layout-flow\">\n<h2 class=\"wp-block-heading has-text-align-center title has-l-font-size\">O que comentam sobre n\u00f3s<\/h2>\n\n\n\n<div class=\"wp-block-australis-bp-slider row full-width bp-slider undefined testimonials-slider\"><div class=\"splide\" data-splide=\"{&quot;pagination&quot;:true,&quot;breakpoints&quot;:{&quot;960&quot;:{}}}\"><div class=\"splide__track\"><ul class=\"splide__list\">\n<li class=\"wp-block-australis-bp-slide splide__slide\">\n<div aria-label=\"\" class=\"wp-block-australis-bp-group bp-group stack\" style=\"--_offset-custom-left-desktop:0rem;--_offset-custom-left-mobile:0rem;--_width-desktop:100%;--_width-mobile:100%;background-color:;color:\">\n<p class=\"has-l-font-size\">&#8220;Experi\u00eancia muito boa, tripula\u00e7\u00e3o sempre pronta a ajudar, am\u00e1vel e educada . Nosso gar\u00e7om , Jos\u00e9 , excelente , sempre nos atendendo muito bem e priorizando nosso bem estar. Nota 10 para todo o passeio e a experi\u00eancia&#8221;<br><\/p>\n\n\n\n<p class=\"has-xs-font-size\">Contanca Maria, Brasil<br>Nov. 2024, Passageira Stella Australis.<\/p>\n<\/div>\n<\/li>\n\n\n\n<li class=\"wp-block-australis-bp-slide splide__slide\">\n<div aria-label=\"\" class=\"wp-block-australis-bp-group bp-group stack\" style=\"--_offset-custom-left-desktop:0rem;--_offset-custom-left-mobile:0rem;--_width-desktop:100%;--_width-mobile:100%;background-color:;color:\">\n<p class=\"has-l-font-size\">\u201cO Cruzeiro correspondeu 100% \u00e0s minhas expectativas! Destaque para a tripula\u00e7\u00e3o, amig\u00e1vel e profissional, como nosso gar\u00e7om Jos\u00e9, sempre sol\u00edcito e conhecedor das particularidades dos passeios. BRAVO ZULU!\u201d<br><\/p>\n\n\n\n<p class=\"has-xs-font-size\">Maurilio, Brasil<br>Nov 2024, Passageiro Stella Australis<\/p>\n<\/div>\n<\/li>\n\n\n\n<li class=\"wp-block-australis-bp-slide splide__slide\">\n<div aria-label=\"\" class=\"wp-block-australis-bp-group bp-group stack\" style=\"--_offset-custom-left-desktop:0rem;--_offset-custom-left-mobile:0rem;--_width-desktop:100%;--_width-mobile:100%;background-color:;color:\">\n<p class=\"has-l-font-size\">\u201cGost\u00e1mos muito de todas as surpresas preparadas pela tripula\u00e7\u00e3o, da anima\u00e7\u00e3o, boa disposi\u00e7\u00e3o e profissionalismo&#8221;.<br><\/p>\n\n\n\n<p class=\"has-xs-font-size\">Ana Margarida, Portugal.<\/p>\n\n\n\n<p class=\"has-xs-font-size\">Dic. 2024, Passageira Ventus Australis<\/p>\n<\/div>\n<\/li>\n<\/ul><\/div><nav class=\"splide__arrows\"><button class=\"splide__arrow splide__arrow--prev\"><i class=\"icon-slider-small-left\"><\/i><\/button><button class=\"splide__arrow splide__arrow--next\"><i class=\"icon-slider-small-rigth\"><\/i><\/button><\/nav><header class=\"col-36-36 slide-overlap\"><\/header><\/div><\/div>\n<\/div>\n<\/div>\n<\/section>\n<\/section>\n","protected":false},"excerpt":{"rendered":"","protected":false},"author":1,"featured_media":3784,"parent":0,"menu_order":10,"comment_status":"closed","ping_status":"closed","template":"templates\/standard-template.php","meta":{"_acf_changed":false,"footnotes":""},"class_list":["post-31","page","type-page","status-publish","has-post-thumbnail","hentry"],"acf":[],"yoast_head":"<!-- This site is optimized with the Yoast SEO plugin v26.3 - https:\/\/yoast.com\/wordpress\/plugins\/seo\/ -->\n<title>Contato Australis | Reserve seu cruzeiro pelo Chile, Argentina e Patag\u00f4nia<\/title>\n<meta name=\"description\" content=\"Perguntas? Entre em contato com a Australis para reservar seu cruzeiro pelos fiordes chilenos, conhecer as datas e tarifas e receber assessoramento para planejar sua viagem pela Patag\u00f4nia.\" \/>\n<meta name=\"robots\" content=\"index, follow, max-snippet:-1, max-image-preview:large, max-video-preview:-1\" \/>\n<link rel=\"canonical\" href=\"https:\/\/www.australis.com\/pt\/contato\/\" \/>\n<meta property=\"og:locale\" content=\"pt_BR\" \/>\n<meta property=\"og:type\" content=\"article\" \/>\n<meta property=\"og:title\" content=\"Contato Australis | Reserve seu cruzeiro pelo Chile, Argentina e Patag\u00f4nia\" \/>\n<meta property=\"og:description\" content=\"Perguntas? Entre em contato com a Australis para reservar seu cruzeiro pelos fiordes chilenos, conhecer as datas e tarifas e receber assessoramento para planejar sua viagem pela Patag\u00f4nia.\" \/>\n<meta property=\"og:url\" content=\"https:\/\/www.australis.com\/pt\/contato\/\" \/>\n<meta property=\"og:site_name\" content=\"Cruzeiros Australis pela Patag\u00f4nia\" \/>\n<meta property=\"article:modified_time\" content=\"2025-05-28T13:22:34+00:00\" \/>\n<meta property=\"og:image\" content=\"https:\/\/www.australis.com\/pt\/wp-content\/uploads\/sites\/8\/2025\/02\/AU_feature-image_web.jpg\" \/>\n\t<meta property=\"og:image:width\" content=\"1080\" \/>\n\t<meta property=\"og:image:height\" content=\"562\" \/>\n\t<meta property=\"og:image:type\" content=\"image\/jpeg\" \/>\n<meta name=\"twitter:card\" content=\"summary_large_image\" \/>\n<meta name=\"twitter:label1\" content=\"Est. tempo de leitura\" \/>\n\t<meta name=\"twitter:data1\" content=\"2 minutos\" \/>\n<script type=\"application\/ld+json\" class=\"yoast-schema-graph\">{\"@context\":\"https:\/\/schema.org\",\"@graph\":[{\"@type\":\"WebPage\",\"@id\":\"https:\/\/www.australis.com\/pt\/contato\/\",\"url\":\"https:\/\/www.australis.com\/pt\/contato\/\",\"name\":\"Contato Australis | Reserve seu cruzeiro pelo Chile, Argentina e Patag\u00f4nia\",\"isPartOf\":{\"@id\":\"https:\/\/www.australis.com\/pt\/#website\"},\"primaryImageOfPage\":{\"@id\":\"https:\/\/www.australis.com\/pt\/contato\/#primaryimage\"},\"image\":{\"@id\":\"https:\/\/www.australis.com\/pt\/contato\/#primaryimage\"},\"thumbnailUrl\":\"https:\/\/www.australis.com\/pt\/wp-content\/uploads\/sites\/8\/2025\/02\/AU_feature-image_web.jpg\",\"datePublished\":\"2024-09-25T20:49:46+00:00\",\"dateModified\":\"2025-05-28T13:22:34+00:00\",\"description\":\"Perguntas? Entre em contato com a Australis para reservar seu cruzeiro pelos fiordes chilenos, conhecer as datas e tarifas e receber assessoramento para planejar sua viagem pela Patag\u00f4nia.\",\"breadcrumb\":{\"@id\":\"https:\/\/www.australis.com\/pt\/contato\/#breadcrumb\"},\"inLanguage\":\"pt-BR\",\"potentialAction\":[{\"@type\":\"ReadAction\",\"target\":[\"https:\/\/www.australis.com\/pt\/contato\/\"]}]},{\"@type\":\"ImageObject\",\"inLanguage\":\"pt-BR\",\"@id\":\"https:\/\/www.australis.com\/pt\/contato\/#primaryimage\",\"url\":\"https:\/\/www.australis.com\/pt\/wp-content\/uploads\/sites\/8\/2025\/02\/AU_feature-image_web.jpg\",\"contentUrl\":\"https:\/\/www.australis.com\/pt\/wp-content\/uploads\/sites\/8\/2025\/02\/AU_feature-image_web.jpg\",\"width\":1080,\"height\":562},{\"@type\":\"BreadcrumbList\",\"@id\":\"https:\/\/www.australis.com\/pt\/contato\/#breadcrumb\",\"itemListElement\":[{\"@type\":\"ListItem\",\"position\":1,\"name\":\"Home\",\"item\":\"https:\/\/www.australis.com\/pt\/\"},{\"@type\":\"ListItem\",\"position\":2,\"name\":\"Contato\"}]},{\"@type\":\"WebSite\",\"@id\":\"https:\/\/www.australis.com\/pt\/#website\",\"url\":\"https:\/\/www.australis.com\/pt\/\",\"name\":\"Cruzeiros Australis pela Patag\u00f4nia\",\"description\":\"Viva uma experi\u00eancia \u00fanica navegando os fiordes e explorando glaciares long\u00ednquos.\",\"potentialAction\":[{\"@type\":\"SearchAction\",\"target\":{\"@type\":\"EntryPoint\",\"urlTemplate\":\"https:\/\/www.australis.com\/pt\/?s={search_term_string}\"},\"query-input\":{\"@type\":\"PropertyValueSpecification\",\"valueRequired\":true,\"valueName\":\"search_term_string\"}}],\"inLanguage\":\"pt-BR\"}]}<\/script>\n<!-- \/ Yoast SEO plugin. -->","yoast_head_json":{"title":"Contato Australis | Reserve seu cruzeiro pelo Chile, Argentina e Patag\u00f4nia","description":"Perguntas? Entre em contato com a Australis para reservar seu cruzeiro pelos fiordes chilenos, conhecer as datas e tarifas e receber assessoramento para planejar sua viagem pela Patag\u00f4nia.","robots":{"index":"index","follow":"follow","max-snippet":"max-snippet:-1","max-image-preview":"max-image-preview:large","max-video-preview":"max-video-preview:-1"},"canonical":"https:\/\/www.australis.com\/pt\/contato\/","og_locale":"pt_BR","og_type":"article","og_title":"Contato Australis | Reserve seu cruzeiro pelo Chile, Argentina e Patag\u00f4nia","og_description":"Perguntas? Entre em contato com a Australis para reservar seu cruzeiro pelos fiordes chilenos, conhecer as datas e tarifas e receber assessoramento para planejar sua viagem pela Patag\u00f4nia.","og_url":"https:\/\/www.australis.com\/pt\/contato\/","og_site_name":"Cruzeiros Australis pela Patag\u00f4nia","article_modified_time":"2025-05-28T13:22:34+00:00","og_image":[{"width":1080,"height":562,"url":"https:\/\/www.australis.com\/pt\/wp-content\/uploads\/sites\/8\/2025\/02\/AU_feature-image_web.jpg","type":"image\/jpeg"}],"twitter_card":"summary_large_image","twitter_misc":{"Est. tempo de leitura":"2 minutos"},"schema":{"@context":"https:\/\/schema.org","@graph":[{"@type":"WebPage","@id":"https:\/\/www.australis.com\/pt\/contato\/","url":"https:\/\/www.australis.com\/pt\/contato\/","name":"Contato Australis | Reserve seu cruzeiro pelo Chile, Argentina e Patag\u00f4nia","isPartOf":{"@id":"https:\/\/www.australis.com\/pt\/#website"},"primaryImageOfPage":{"@id":"https:\/\/www.australis.com\/pt\/contato\/#primaryimage"},"image":{"@id":"https:\/\/www.australis.com\/pt\/contato\/#primaryimage"},"thumbnailUrl":"https:\/\/www.australis.com\/pt\/wp-content\/uploads\/sites\/8\/2025\/02\/AU_feature-image_web.jpg","datePublished":"2024-09-25T20:49:46+00:00","dateModified":"2025-05-28T13:22:34+00:00","description":"Perguntas? Entre em contato com a Australis para reservar seu cruzeiro pelos fiordes chilenos, conhecer as datas e tarifas e receber assessoramento para planejar sua viagem pela Patag\u00f4nia.","breadcrumb":{"@id":"https:\/\/www.australis.com\/pt\/contato\/#breadcrumb"},"inLanguage":"pt-BR","potentialAction":[{"@type":"ReadAction","target":["https:\/\/www.australis.com\/pt\/contato\/"]}]},{"@type":"ImageObject","inLanguage":"pt-BR","@id":"https:\/\/www.australis.com\/pt\/contato\/#primaryimage","url":"https:\/\/www.australis.com\/pt\/wp-content\/uploads\/sites\/8\/2025\/02\/AU_feature-image_web.jpg","contentUrl":"https:\/\/www.australis.com\/pt\/wp-content\/uploads\/sites\/8\/2025\/02\/AU_feature-image_web.jpg","width":1080,"height":562},{"@type":"BreadcrumbList","@id":"https:\/\/www.australis.com\/pt\/contato\/#breadcrumb","itemListElement":[{"@type":"ListItem","position":1,"name":"Home","item":"https:\/\/www.australis.com\/pt\/"},{"@type":"ListItem","position":2,"name":"Contato"}]},{"@type":"WebSite","@id":"https:\/\/www.australis.com\/pt\/#website","url":"https:\/\/www.australis.com\/pt\/","name":"Cruzeiros Australis pela Patag\u00f4nia","description":"Viva uma experi\u00eancia \u00fanica navegando os fiordes e explorando glaciares long\u00ednquos.","potentialAction":[{"@type":"SearchAction","target":{"@type":"EntryPoint","urlTemplate":"https:\/\/www.australis.com\/pt\/?s={search_term_string}"},"query-input":{"@type":"PropertyValueSpecification","valueRequired":true,"valueName":"search_term_string"}}],"inLanguage":"pt-BR"}]}},"_links":{"self":[{"href":"https:\/\/www.australis.com\/pt\/wp-json\/wp\/v2\/pages\/31","targetHints":{"allow":["GET"]}}],"collection":[{"href":"https:\/\/www.australis.com\/pt\/wp-json\/wp\/v2\/pages"}],"about":[{"href":"https:\/\/www.australis.com\/pt\/wp-json\/wp\/v2\/types\/page"}],"author":[{"embeddable":true,"href":"https:\/\/www.australis.com\/pt\/wp-json\/wp\/v2\/users\/1"}],"replies":[{"embeddable":true,"href":"https:\/\/www.australis.com\/pt\/wp-json\/wp\/v2\/comments?post=31"}],"version-history":[{"count":10,"href":"https:\/\/www.australis.com\/pt\/wp-json\/wp\/v2\/pages\/31\/revisions"}],"predecessor-version":[{"id":4024,"href":"https:\/\/www.australis.com\/pt\/wp-json\/wp\/v2\/pages\/31\/revisions\/4024"}],"wp:featuredmedia":[{"embeddable":true,"href":"https:\/\/www.australis.com\/pt\/wp-json\/wp\/v2\/media\/3784"}],"wp:attachment":[{"href":"https:\/\/www.australis.com\/pt\/wp-json\/wp\/v2\/media?parent=31"}],"curies":[{"name":"wp","href":"https:\/\/api.w.org\/{rel}","templated":true}]}}