{"id":2607,"date":"2025-02-04T21:51:32","date_gmt":"2025-02-04T21:51:32","guid":{"rendered":"https:\/\/qa-aws.australis.com\/?page_id=2607"},"modified":"2025-11-25T20:50:45","modified_gmt":"2025-11-25T20:50:45","slug":"condicoes-de-viagem","status":"publish","type":"page","link":"https:\/\/www.australis.com\/pt\/condicoes-de-viagem\/","title":{"rendered":"Condi\u00e7\u00f5es de viagem"},"content":{"rendered":"\n<span class=\"wp-block-australis-bp-spacer bp-spacer\" style=\"--_spacer-desktop-top:0;--_spacer-desktop-bot:160;--_spacer-mobile-top:0;--_spacer-mobile-bot:120\" id=\"bp-spacer\" aria-hidden=\"true\"><\/span>\n\n\n\n<h1 class=\"wp-block-heading has-text-align-center has-xl-font-size\">Condi\u00e7\u00f5es de viagem<\/h1>\n\n\n\n<section class=\"wp-block-australis-faqs container faqs\"><div class=\"row\"><div class=\"col-36-36 questions\">\n<article class=\"wp-block-australis-faqs-category category\"><h2><\/h2><ul>\n<li class=\"wp-block-australis-faqs-item\"><header><h3>CONTRATO DE PASSAGEM<\/h3><i class=\"icon-drop-down\"><\/i><\/header><div>\n<p>A emiss\u00e3o do Contrato de passagem ser\u00e1 feita pelo Armador, anteriormente \u00e0 sa\u00edda do navio. O Contrato de passagem rege-se pelas cl\u00e1usulas publicadas no site da Empresa (www.australis.com), das quais s\u00e3o parte integrante, e o qual o titular da reserva declara conhecer e aceitar no momento da reserva, de acordo com os termos destas condi\u00e7\u00f5es. Estas condi\u00e7\u00f5es tamb\u00e9m regem a reserva do bilhete feita pelo passageiro, conforme o caso.<br><\/p>\n\n\n\n<p>Os termos &#8220;a Empresa&#8221; ou &#8220;o Armador&#8221; designam os Transportes Mar\u00edtimos Geo Australis S.A. ou Transportes Mar\u00edtimos Via Australis S.A., com a qual \u00e9 feita a reserva e que ter\u00e1 a qualidade de transportador na viagem reservada, mediante a emiss\u00e3o do respectivo bilhete.<\/p>\n<\/div><\/li>\n\n\n\n<li class=\"wp-block-australis-faqs-item\"><header><h3>RESERVA, ENTRADA E PAGAMENTOS<\/h3><i class=\"icon-drop-down\"><\/i><\/header><div>\n<p>Requisita-se um dep\u00f3sito de US$300 por pessoa para garantir uma reserva provis\u00f3ria. O pagamento final, do saldo, deve ser recebido pela Companhia 60 dias antes da sa\u00edda.<\/p>\n<\/div><\/li>\n\n\n\n<li class=\"wp-block-australis-faqs-item\"><header><h3>POL\u00cdTICAS DE CANCELAMENTO\u00a0<\/h3><i class=\"icon-drop-down\"><\/i><\/header><div>\n<p>As multas a seguir ser\u00e3o aplicadas em caso de cancelamento da reserva, t\u00e3o logo a Companhia receba a notifica\u00e7\u00e3o do mesmo por escrito.<br><\/p>\n\n\n\n<p>Notifica\u00e7\u00e3o \/ Multa<br>120 dias ou mais antes da sa\u00edda: Isento de Multa.<br>De 119 a 60 dias antes da sa\u00edda: US $300 por pessoa (Dep\u00f3sito)<br>De 59 a 50 dias antes da sa\u00edda: 25% do valor da venda.<br>De 49 a 40 dias antes da sa\u00edda: 50% do valor da venda.<br>De 39 a 30 dias antes da sa\u00edda: 75% do valor da venda.<br>De 29 a 0 dias antes da sa\u00edda: 100% do valor da venda.<\/p>\n<\/div><\/li>\n\n\n\n<li class=\"wp-block-australis-faqs-item\"><header><h3>FORMAS DE PAGAMENTO<\/h3><i class=\"icon-drop-down\"><\/i><\/header><div>\n<p>O pagamento \u00e9 aceito com Mastercard, Visa, American Express e Diners International, bem como transfer\u00eancias banc\u00e1rias, Paypal (pagamento em d\u00f3lares) e Transbank (pagamento em pesos chilenos).<\/p>\n<\/div><\/li>\n\n\n\n<li class=\"wp-block-australis-faqs-item\"><header><h3>TARIFAS E SA\u00cdDAS<\/h3><i class=\"icon-drop-down\"><\/i><\/header><div>\n<p>A Empresa reserva-se o direito de modificar as tarifas e datas de sa\u00eddas publicadas nas suas condi\u00e7\u00f5es tarif\u00e1rias, sem pr\u00e9vio aviso. Os hor\u00e1rios de partida e chegada s\u00e3o aproximados.<\/p>\n<\/div><\/li>\n\n\n\n<li class=\"wp-block-australis-faqs-item\"><header><h3>TARIFAS ESPECIAIS<\/h3><i class=\"icon-drop-down\"><\/i><\/header><div>\n<p><strong>\u2022 TARIFAS PASSAGEIRO INDIVIDUAL:<\/strong>&nbsp;Aplic\u00e1vel para todas as cabines e corresponde a 50% adicional do valor da categoria.<br><\/p>\n\n\n\n<p><strong>\u2022 TARIFA BEB\u00ca:<\/strong>&nbsp;At\u00e9 os 3 anos de idade, 100% de desconto, compartilhando a cama com os pais. Consulte disponibilidade de ber\u00e7o.<br><\/p>\n\n\n\n<p><strong>\u2022 TARIFA MENORES:<\/strong>&nbsp;Crian\u00e7as de 4 a 12 anos de idade, 50%de desconto, compartilhando a cabine com um adulto.<br><\/p>\n\n\n\n<p><strong>\u2022 CAMA ADICIONAL:<\/strong>&nbsp;Uma cama adicional poder\u00e1 ser agregada nas cabines matrimoniais, consulte as tarifas e disponibilidade.<\/p>\n<\/div><\/li>\n\n\n\n<li class=\"wp-block-australis-faqs-item\"><header><h3>CONDI\u00c7\u00d5ES DO CRUZEIRO\u00a0<\/h3><i class=\"icon-drop-down\"><\/i><\/header><div>\n<p><strong>INCLU\u00cdDO NO PRE\u00c7O<br><\/strong>As tarifas incluem acomoda\u00e7\u00f5es, transporte mar\u00edtimo, todas as refei\u00e7\u00f5es, bar aberto em hor\u00e1rio definido (sem custo extra em vinhos, bebidas e licores), excurs\u00f5es \u00e0 terra e os entretenimentos a bordo.<\/p>\n\n\n\n<p><br><\/p>\n\n\n\n<p><strong>N\u00c3O INCLU\u00cdDO NO PRE\u00c7O<br><\/strong>Gorjetas (recomendamos US$ 25 por pessoa e por noite), compras na loja do barco, tours ou atividades opcionais fora da rota descrita no itiner\u00e1rio Australis, traslados nas cidades de embarque e taxas de migra\u00e7\u00e3o.<\/p>\n\n\n\n<p><br><\/p>\n\n\n\n<p>Tamb\u00e9m n\u00e3o est\u00e1 incluso no pre\u00e7o as taxas portu\u00e1rias governamentais, impostos e de Parques Nacionais (Taxas de Embarque), em vig\u00eancia durante a temporada da viagem.<\/p>\n\n\n\n<p><br><\/p>\n\n\n\n<p><\/p>\n\n\n\n<p><strong>PARA A TEMPORADA 2025-2026, S\u00c3O:<\/strong><\/p>\n\n\n\n<p><strong>\u2022Tramo Punta Arenas \u2013 Ushuaia:<\/strong>&nbsp;US$135.- por passageiro.<br><strong>\u2022Tramo Ushuaia \u2013 Punta Arenas:<\/strong>&nbsp;US$135. &#8211; por passageiro.<br><strong>\u2022Tramo Punta Arenas \u2013 Ushuaia \u2013 Punta Arenas:<\/strong>&nbsp;US$150.- por passageiro.<br><strong>\u2022Tramo Ushuaia \u2013 Punta Arenas \u2013 Ushuaia:<\/strong>&nbsp;US$150.- por passageiro.<br><br><strong>PARA A TEMPORADA 2026-2027, S\u00c3O:<\/strong><\/p>\n\n\n\n<p><strong>\u2022Tramo Punta Arenas \u2013 Ushuaia:<\/strong>&nbsp;US$145.- por passageiro.<br><strong>\u2022Tramo Ushuaia \u2013 Punta Arenas:<\/strong>&nbsp;US$145. &#8211; por passageiro.<br><strong>\u2022Tramo Punta Arenas \u2013 Ushuaia \u2013 Punta Arenas:<\/strong>&nbsp;US$165.- por passageiro.<br><strong>\u2022Tramo Ushuaia \u2013 Punta Arenas \u2013 Ushuaia:<\/strong>&nbsp;US$165.- por passageiro.<\/p>\n\n\n\n<p><br><\/p>\n\n\n\n<p>Essas taxas de embarque correspondem a taxas portu\u00e1rias governamentais, impostos e tarifas de Parques Nacionais (taxas de embarque), por tal motivo, esses valores poder\u00e3o ser modificados de acordo com os ajustes aplicados pelas autoridades portu\u00e1rias.<\/p>\n<\/div><\/li>\n\n\n\n<li class=\"wp-block-australis-faqs-item\"><header><h3>USO DE DRONES<\/h3><i class=\"icon-drop-down\"><\/i><\/header><div>\n<p>De acordo com as disposi\u00e7\u00f5es da Corpora\u00e7\u00e3o Florestal Nacional do Chile (CONAF), o uso de drones ou qualquer tipo de tecnologia RPAS \u00e9 proibido nas \u00c1reas Selvagens Protegidas da Regi\u00e3o de Magalh\u00e3es. A Empresa pro\u00edbe o uso a bordo de drones ou qualquer tipo de tecnologia RPAS.<\/p>\n<\/div><\/li>\n\n\n\n<li class=\"wp-block-australis-faqs-item\"><header><h3>INFORMA\u00c7\u00c3O CORPORATIVA<\/h3><i class=\"icon-drop-down\"><\/i><\/header><div>\n<p>Transportes Mar\u00edtimos Via Australis S.A., Transportes Mar\u00edtimos Geo Australis S.A. e Cruceros Australis S.A., CNPJ 76.400.630-5, 76.012.605-5 e 76.459.850-4, respectivamente, domiciliadas a Rua Magallanes 990, cidade de Punta Arenas, Regi\u00f3n de Magallanes e Ant\u00e1rtica Chilena. O representante legal das sociedades \u00e9 o Sr. Pedro del R\u00edo \u00c1lamos, documento de identidade N\u00ba 8.507.753-8.<\/p>\n\n\n\n<p><\/p>\n\n\n\n<p><br><strong>INFORMA\u00c7\u00c3O GERAL<\/strong><br>Os mapas publicados neste folheto que se referem ou est\u00e3o relacionados com a fronteira do Chile n\u00e3o comprometem, de forma alguma, o Estado do Chile, segundo o Art\u00edculo 2\u00b0, letra G do Decreto-Lei N\u00b0 83 de 1979 do Minist\u00e9rio de Rela\u00e7\u00f5es Exteriores e a ratifica\u00e7\u00e3o do Decreto Supremo 432 de 1954 (DOF 23.004) do Minist\u00e9rio de Rela\u00e7\u00f5es Exteriores, publicado no Boletim Oficial de 5 de abril de 1955.<\/p>\n<\/div><\/li>\n<\/ul><\/article>\n<\/div><\/div><\/section>\n\n\n\n<span class=\"wp-block-australis-bp-spacer bp-spacer\" style=\"--_spacer-desktop-top:0;--_spacer-desktop-bot:160;--_spacer-mobile-top:0;--_spacer-mobile-bot:120\" id=\"bp-spacer\" aria-hidden=\"true\"><\/span>\n","protected":false},"excerpt":{"rendered":"<p>Condi\u00e7\u00f5es de viagem<\/p>\n","protected":false},"author":1,"featured_media":3784,"parent":0,"menu_order":0,"comment_status":"closed","ping_status":"closed","template":"","meta":{"_acf_changed":false,"footnotes":""},"class_list":["post-2607","page","type-page","status-publish","has-post-thumbnail","hentry"],"acf":[],"yoast_head":"<!-- This site is optimized with the Yoast SEO plugin v26.3 - https:\/\/yoast.com\/wordpress\/plugins\/seo\/ -->\n<title>Condi\u00e7\u00f5es de viagem | Cruzeiros de expedi\u00e7\u00e3o Australis<\/title>\n<meta name=\"description\" content=\"Conhe\u00e7a as condi\u00e7\u00f5es de viagem para reservar cruzeiros Australis. Planeje com antecipa\u00e7\u00e3o e aproveite uma expedi\u00e7\u00e3o inesquec\u00edvel pela Patag\u00f4nia.\" \/>\n<meta name=\"robots\" content=\"index, follow, max-snippet:-1, max-image-preview:large, max-video-preview:-1\" \/>\n<link rel=\"canonical\" href=\"https:\/\/www.australis.com\/pt\/condicoes-de-viagem\/\" \/>\n<meta property=\"og:locale\" content=\"pt_BR\" \/>\n<meta property=\"og:type\" content=\"article\" \/>\n<meta property=\"og:title\" content=\"Condi\u00e7\u00f5es de viagem | Cruzeiros de expedi\u00e7\u00e3o Australis\" \/>\n<meta property=\"og:description\" content=\"Conhe\u00e7a as condi\u00e7\u00f5es de viagem para reservar cruzeiros Australis. Planeje com antecipa\u00e7\u00e3o e aproveite uma expedi\u00e7\u00e3o inesquec\u00edvel pela Patag\u00f4nia.\" \/>\n<meta property=\"og:url\" content=\"https:\/\/www.australis.com\/pt\/condicoes-de-viagem\/\" \/>\n<meta property=\"og:site_name\" content=\"Cruzeiros Australis pela Patag\u00f4nia\" \/>\n<meta property=\"article:modified_time\" content=\"2025-11-25T20:50:45+00:00\" \/>\n<meta property=\"og:image\" content=\"https:\/\/www.australis.com\/pt\/wp-content\/uploads\/sites\/8\/2025\/02\/AU_feature-image_web.jpg\" \/>\n\t<meta property=\"og:image:width\" content=\"1080\" \/>\n\t<meta property=\"og:image:height\" content=\"562\" \/>\n\t<meta property=\"og:image:type\" content=\"image\/jpeg\" \/>\n<meta name=\"twitter:card\" content=\"summary_large_image\" \/>\n<meta name=\"twitter:label1\" content=\"Est. tempo de leitura\" \/>\n\t<meta name=\"twitter:data1\" content=\"5 minutos\" \/>\n<script type=\"application\/ld+json\" class=\"yoast-schema-graph\">{\"@context\":\"https:\/\/schema.org\",\"@graph\":[{\"@type\":\"WebPage\",\"@id\":\"https:\/\/www.australis.com\/pt\/condicoes-de-viagem\/\",\"url\":\"https:\/\/www.australis.com\/pt\/condicoes-de-viagem\/\",\"name\":\"Condi\u00e7\u00f5es de viagem | Cruzeiros de expedi\u00e7\u00e3o Australis\",\"isPartOf\":{\"@id\":\"https:\/\/www.australis.com\/pt\/#website\"},\"primaryImageOfPage\":{\"@id\":\"https:\/\/www.australis.com\/pt\/condicoes-de-viagem\/#primaryimage\"},\"image\":{\"@id\":\"https:\/\/www.australis.com\/pt\/condicoes-de-viagem\/#primaryimage\"},\"thumbnailUrl\":\"https:\/\/www.australis.com\/pt\/wp-content\/uploads\/sites\/8\/2025\/02\/AU_feature-image_web.jpg\",\"datePublished\":\"2025-02-04T21:51:32+00:00\",\"dateModified\":\"2025-11-25T20:50:45+00:00\",\"description\":\"Conhe\u00e7a as condi\u00e7\u00f5es de viagem para reservar cruzeiros Australis. Planeje com antecipa\u00e7\u00e3o e aproveite uma expedi\u00e7\u00e3o inesquec\u00edvel pela Patag\u00f4nia.\",\"breadcrumb\":{\"@id\":\"https:\/\/www.australis.com\/pt\/condicoes-de-viagem\/#breadcrumb\"},\"inLanguage\":\"pt-BR\",\"potentialAction\":[{\"@type\":\"ReadAction\",\"target\":[\"https:\/\/www.australis.com\/pt\/condicoes-de-viagem\/\"]}]},{\"@type\":\"ImageObject\",\"inLanguage\":\"pt-BR\",\"@id\":\"https:\/\/www.australis.com\/pt\/condicoes-de-viagem\/#primaryimage\",\"url\":\"https:\/\/www.australis.com\/pt\/wp-content\/uploads\/sites\/8\/2025\/02\/AU_feature-image_web.jpg\",\"contentUrl\":\"https:\/\/www.australis.com\/pt\/wp-content\/uploads\/sites\/8\/2025\/02\/AU_feature-image_web.jpg\",\"width\":1080,\"height\":562},{\"@type\":\"BreadcrumbList\",\"@id\":\"https:\/\/www.australis.com\/pt\/condicoes-de-viagem\/#breadcrumb\",\"itemListElement\":[{\"@type\":\"ListItem\",\"position\":1,\"name\":\"Home\",\"item\":\"https:\/\/www.australis.com\/pt\/\"},{\"@type\":\"ListItem\",\"position\":2,\"name\":\"Condi\u00e7\u00f5es de viagem\"}]},{\"@type\":\"WebSite\",\"@id\":\"https:\/\/www.australis.com\/pt\/#website\",\"url\":\"https:\/\/www.australis.com\/pt\/\",\"name\":\"Cruzeiros Australis pela Patag\u00f4nia\",\"description\":\"Viva uma experi\u00eancia \u00fanica navegando os fiordes e explorando glaciares long\u00ednquos.\",\"potentialAction\":[{\"@type\":\"SearchAction\",\"target\":{\"@type\":\"EntryPoint\",\"urlTemplate\":\"https:\/\/www.australis.com\/pt\/?s={search_term_string}\"},\"query-input\":{\"@type\":\"PropertyValueSpecification\",\"valueRequired\":true,\"valueName\":\"search_term_string\"}}],\"inLanguage\":\"pt-BR\"}]}<\/script>\n<!-- \/ Yoast SEO plugin. -->","yoast_head_json":{"title":"Condi\u00e7\u00f5es de viagem | Cruzeiros de expedi\u00e7\u00e3o Australis","description":"Conhe\u00e7a as condi\u00e7\u00f5es de viagem para reservar cruzeiros Australis. Planeje com antecipa\u00e7\u00e3o e aproveite uma expedi\u00e7\u00e3o inesquec\u00edvel pela Patag\u00f4nia.","robots":{"index":"index","follow":"follow","max-snippet":"max-snippet:-1","max-image-preview":"max-image-preview:large","max-video-preview":"max-video-preview:-1"},"canonical":"https:\/\/www.australis.com\/pt\/condicoes-de-viagem\/","og_locale":"pt_BR","og_type":"article","og_title":"Condi\u00e7\u00f5es de viagem | Cruzeiros de expedi\u00e7\u00e3o Australis","og_description":"Conhe\u00e7a as condi\u00e7\u00f5es de viagem para reservar cruzeiros Australis. Planeje com antecipa\u00e7\u00e3o e aproveite uma expedi\u00e7\u00e3o inesquec\u00edvel pela Patag\u00f4nia.","og_url":"https:\/\/www.australis.com\/pt\/condicoes-de-viagem\/","og_site_name":"Cruzeiros Australis pela Patag\u00f4nia","article_modified_time":"2025-11-25T20:50:45+00:00","og_image":[{"width":1080,"height":562,"url":"https:\/\/www.australis.com\/pt\/wp-content\/uploads\/sites\/8\/2025\/02\/AU_feature-image_web.jpg","type":"image\/jpeg"}],"twitter_card":"summary_large_image","twitter_misc":{"Est. tempo de leitura":"5 minutos"},"schema":{"@context":"https:\/\/schema.org","@graph":[{"@type":"WebPage","@id":"https:\/\/www.australis.com\/pt\/condicoes-de-viagem\/","url":"https:\/\/www.australis.com\/pt\/condicoes-de-viagem\/","name":"Condi\u00e7\u00f5es de viagem | Cruzeiros de expedi\u00e7\u00e3o Australis","isPartOf":{"@id":"https:\/\/www.australis.com\/pt\/#website"},"primaryImageOfPage":{"@id":"https:\/\/www.australis.com\/pt\/condicoes-de-viagem\/#primaryimage"},"image":{"@id":"https:\/\/www.australis.com\/pt\/condicoes-de-viagem\/#primaryimage"},"thumbnailUrl":"https:\/\/www.australis.com\/pt\/wp-content\/uploads\/sites\/8\/2025\/02\/AU_feature-image_web.jpg","datePublished":"2025-02-04T21:51:32+00:00","dateModified":"2025-11-25T20:50:45+00:00","description":"Conhe\u00e7a as condi\u00e7\u00f5es de viagem para reservar cruzeiros Australis. Planeje com antecipa\u00e7\u00e3o e aproveite uma expedi\u00e7\u00e3o inesquec\u00edvel pela Patag\u00f4nia.","breadcrumb":{"@id":"https:\/\/www.australis.com\/pt\/condicoes-de-viagem\/#breadcrumb"},"inLanguage":"pt-BR","potentialAction":[{"@type":"ReadAction","target":["https:\/\/www.australis.com\/pt\/condicoes-de-viagem\/"]}]},{"@type":"ImageObject","inLanguage":"pt-BR","@id":"https:\/\/www.australis.com\/pt\/condicoes-de-viagem\/#primaryimage","url":"https:\/\/www.australis.com\/pt\/wp-content\/uploads\/sites\/8\/2025\/02\/AU_feature-image_web.jpg","contentUrl":"https:\/\/www.australis.com\/pt\/wp-content\/uploads\/sites\/8\/2025\/02\/AU_feature-image_web.jpg","width":1080,"height":562},{"@type":"BreadcrumbList","@id":"https:\/\/www.australis.com\/pt\/condicoes-de-viagem\/#breadcrumb","itemListElement":[{"@type":"ListItem","position":1,"name":"Home","item":"https:\/\/www.australis.com\/pt\/"},{"@type":"ListItem","position":2,"name":"Condi\u00e7\u00f5es de viagem"}]},{"@type":"WebSite","@id":"https:\/\/www.australis.com\/pt\/#website","url":"https:\/\/www.australis.com\/pt\/","name":"Cruzeiros Australis pela Patag\u00f4nia","description":"Viva uma experi\u00eancia \u00fanica navegando os fiordes e explorando glaciares long\u00ednquos.","potentialAction":[{"@type":"SearchAction","target":{"@type":"EntryPoint","urlTemplate":"https:\/\/www.australis.com\/pt\/?s={search_term_string}"},"query-input":{"@type":"PropertyValueSpecification","valueRequired":true,"valueName":"search_term_string"}}],"inLanguage":"pt-BR"}]}},"_links":{"self":[{"href":"https:\/\/www.australis.com\/pt\/wp-json\/wp\/v2\/pages\/2607","targetHints":{"allow":["GET"]}}],"collection":[{"href":"https:\/\/www.australis.com\/pt\/wp-json\/wp\/v2\/pages"}],"about":[{"href":"https:\/\/www.australis.com\/pt\/wp-json\/wp\/v2\/types\/page"}],"author":[{"embeddable":true,"href":"https:\/\/www.australis.com\/pt\/wp-json\/wp\/v2\/users\/1"}],"replies":[{"embeddable":true,"href":"https:\/\/www.australis.com\/pt\/wp-json\/wp\/v2\/comments?post=2607"}],"version-history":[{"count":29,"href":"https:\/\/www.australis.com\/pt\/wp-json\/wp\/v2\/pages\/2607\/revisions"}],"predecessor-version":[{"id":4357,"href":"https:\/\/www.australis.com\/pt\/wp-json\/wp\/v2\/pages\/2607\/revisions\/4357"}],"wp:featuredmedia":[{"embeddable":true,"href":"https:\/\/www.australis.com\/pt\/wp-json\/wp\/v2\/media\/3784"}],"wp:attachment":[{"href":"https:\/\/www.australis.com\/pt\/wp-json\/wp\/v2\/media?parent=2607"}],"curies":[{"name":"wp","href":"https:\/\/api.w.org\/{rel}","templated":true}]}}