{"id":57,"date":"2024-12-23T14:15:47","date_gmt":"2024-12-23T14:15:47","guid":{"rendered":"https:\/\/qa-aws.australis.com\/?page_id=57"},"modified":"2025-05-14T14:28:44","modified_gmt":"2025-05-14T14:28:44","slug":"itineraires","status":"publish","type":"page","link":"https:\/\/www.australis.com\/fr\/itineraires\/","title":{"rendered":"Itin\u00e9raires"},"content":{"rendered":"\n<span class=\"wp-block-australis-bp-spacer bp-spacer\" style=\"--_spacer-desktop-top:0;--_spacer-desktop-bot:140;--_spacer-mobile-top:0;--_spacer-mobile-bot:100\" id=\"bp-spacer\" aria-hidden=\"true\"><\/span>\n\n\n\n<section class=\"wp-block-group two-cards-with-title-pattern-box\"><div class=\"wp-block-group__inner-container is-layout-constrained wp-block-group-is-layout-constrained\"><section class=\"two-cards-with-title container\">\r\n    <div class=\"row center\">\r\n                    <h2 class=\"has-l-font-size\">Explorez les fjords et les sites recul\u00e9s de la Patagonie lors d\u2019une somptueuse croisi\u00e8re<\/h2>\r\n        \r\n                    <div class=\"col-12-12 cards routes-cards \">\r\n                                    <article class=\"card-route\">\r\n                                                    <figure class=\"img-box\">\r\n                                <img decoding=\"async\" width=\"886\" height=\"406\" src=\"https:\/\/www.australis.com\/fr\/wp-content\/uploads\/sites\/5\/2025\/01\/tarjeta-mapa-FR-PUQ-2.png\" class=\"attachment-full size-full\" alt=\"\" loading=\"lazy\" fetchpriority=\"low\" srcset=\"https:\/\/www.australis.com\/fr\/wp-content\/uploads\/sites\/5\/2025\/01\/tarjeta-mapa-FR-PUQ-2.png 886w, https:\/\/www.australis.com\/fr\/wp-content\/uploads\/sites\/5\/2025\/01\/tarjeta-mapa-FR-PUQ-2-300x137.png 300w, https:\/\/www.australis.com\/fr\/wp-content\/uploads\/sites\/5\/2025\/01\/tarjeta-mapa-FR-PUQ-2-768x352.png 768w\" sizes=\"auto, (max-width: 886px) 100vw, 886px\" \/>                            <\/figure>\r\n                                                                            <figure class=\"img-box hover no-mobile\">\r\n                                <img decoding=\"async\" width=\"886\" height=\"406\" src=\"https:\/\/www.australis.com\/fr\/wp-content\/uploads\/sites\/5\/2025\/01\/tarjeta-mapa-FR-PUQ.png\" class=\"attachment-full size-full\" alt=\"\" loading=\"lazy\" fetchpriority=\"low\" srcset=\"https:\/\/www.australis.com\/fr\/wp-content\/uploads\/sites\/5\/2025\/01\/tarjeta-mapa-FR-PUQ.png 886w, https:\/\/www.australis.com\/fr\/wp-content\/uploads\/sites\/5\/2025\/01\/tarjeta-mapa-FR-PUQ-300x137.png 300w, https:\/\/www.australis.com\/fr\/wp-content\/uploads\/sites\/5\/2025\/01\/tarjeta-mapa-FR-PUQ-768x352.png 768w\" sizes=\"auto, (max-width: 886px) 100vw, 886px\" \/>                            <\/figure>\r\n                                                <div class=\"content\">\r\n                                                            <h4 class=\"has-label-font-size\">Depuis Punta Arenas (Chili)<\/h4>\r\n                                                        <h3 class=\"has-m-font-size\">Fjords de la Terre de Feu<\/h3>\r\n                            <ul>\r\n                                                                    <li>5\u00a0JOURS \/ 4\u00a0NUITS <\/li>\r\n                                                                                                    <li>TOUT INCLUS<\/li>\r\n                                                                                                    <li>D\u00c8S 1.695\u00a0USD  <\/li>\r\n                                                            <\/ul>\r\n                                                            <h5 class=\"has-xs-font-size\">Tarifs en dollars am\u00e9ricains, par personne, sur la base d\u2019une cabine en occupation double<\/h5>\r\n                                                        <div class=\"buttons\">\r\n                                                                    <a href=\"https:\/\/www.australis.com\/fr\/fjords-de-la-terre-de-feu\/\" target=\"\" class=\"bttn\">D\u00c9COUVRIR CET ITIN\u00c9RAIRE<\/a>\r\n                                \r\n                                \r\n                                    <a href=\"https:\/\/ecommerce.australis.com\/zarpes\/fr\/8\/0\" target=\"_blank\" class=\"bttn filled\">R\u00c9SERVEZ MAINTENANT<\/a>\r\n                                \r\n                            <\/div>\r\n                        <\/div>\r\n                    <\/article>\r\n                                    <article class=\"card-route\">\r\n                                                    <figure class=\"img-box\">\r\n                                <img decoding=\"async\" width=\"886\" height=\"406\" src=\"https:\/\/www.australis.com\/fr\/wp-content\/uploads\/sites\/5\/2025\/01\/tarjeta-mapa-FR-USH-2.png\" class=\"attachment-full size-full\" alt=\"\" loading=\"lazy\" fetchpriority=\"low\" srcset=\"https:\/\/www.australis.com\/fr\/wp-content\/uploads\/sites\/5\/2025\/01\/tarjeta-mapa-FR-USH-2.png 886w, https:\/\/www.australis.com\/fr\/wp-content\/uploads\/sites\/5\/2025\/01\/tarjeta-mapa-FR-USH-2-300x137.png 300w, https:\/\/www.australis.com\/fr\/wp-content\/uploads\/sites\/5\/2025\/01\/tarjeta-mapa-FR-USH-2-768x352.png 768w\" sizes=\"auto, (max-width: 886px) 100vw, 886px\" \/>                            <\/figure>\r\n                                                                            <figure class=\"img-box hover no-mobile\">\r\n                                <img decoding=\"async\" width=\"886\" height=\"406\" src=\"https:\/\/www.australis.com\/fr\/wp-content\/uploads\/sites\/5\/2025\/01\/tarjeta-mapa-FR-USH.png\" class=\"attachment-full size-full\" alt=\"\" loading=\"lazy\" fetchpriority=\"low\" srcset=\"https:\/\/www.australis.com\/fr\/wp-content\/uploads\/sites\/5\/2025\/01\/tarjeta-mapa-FR-USH.png 886w, https:\/\/www.australis.com\/fr\/wp-content\/uploads\/sites\/5\/2025\/01\/tarjeta-mapa-FR-USH-300x137.png 300w, https:\/\/www.australis.com\/fr\/wp-content\/uploads\/sites\/5\/2025\/01\/tarjeta-mapa-FR-USH-768x352.png 768w\" sizes=\"auto, (max-width: 886px) 100vw, 886px\" \/>                            <\/figure>\r\n                                                <div class=\"content\">\r\n                                                            <h4 class=\"has-label-font-size\">Depuis Ushua\u00efa (Argentine)<\/h4>\r\n                                                        <h3 class=\"has-m-font-size\">Explorateurs de la Patagonie<\/h3>\r\n                            <ul>\r\n                                                                    <li>5\u00a0JOURS \/ 4\u00a0NUITS<\/li>\r\n                                                                                                    <li>TOUT INCLUS<\/li>\r\n                                                                                                    <li>D\u00c8S 1.695\u00a0USD<\/li>\r\n                                                            <\/ul>\r\n                                                            <h5 class=\"has-xs-font-size\">Tarifs en dollars am\u00e9ricains, par personne, sur la base d\u2019une cabine en occupation double<\/h5>\r\n                                                        <div class=\"buttons\">\r\n                                                                    <a href=\"https:\/\/www.australis.com\/fr\/explorateurs-patagonie\/\" target=\"\" class=\"bttn\">D\u00c9COUVRIR CET ITIN\u00c9RAIRE<\/a>\r\n                                \r\n                                \r\n                                    <a href=\"https:\/\/ecommerce.australis.com\/zarpes\/fr\/10\/0\" target=\"_blank\" class=\"bttn filled\">R\u00c9SERVEZ MAINTENANT<\/a>\r\n                                \r\n                            <\/div>\r\n                        <\/div>\r\n                    <\/article>\r\n                            <\/div>\r\n            <\/div>\r\n    <\/section><\/div><\/section>\n\n\n\n<span class=\"wp-block-australis-bp-spacer bp-spacer\" style=\"--_spacer-desktop-top:0;--_spacer-desktop-bot:150;--_spacer-mobile-top:0;--_spacer-mobile-bot:40\" id=\"bp-spacer\" aria-hidden=\"true\"><\/span>\n","protected":false},"excerpt":{"rendered":"","protected":false},"author":1,"featured_media":3784,"parent":0,"menu_order":9,"comment_status":"closed","ping_status":"closed","template":"templates\/standard-template.php","meta":{"_acf_changed":false,"footnotes":""},"class_list":["post-57","page","type-page","status-publish","has-post-thumbnail","hentry"],"acf":[],"yoast_head":"<!-- This site is optimized with the Yoast SEO plugin v26.3 - https:\/\/yoast.com\/wordpress\/plugins\/seo\/ -->\n<title>Itin\u00e9raires \u00e0 travers la Patagonie | Croisi\u00e8res d&#039;exp\u00e9dition Australis<\/title>\n<meta name=\"description\" content=\"Explorez la Patagonie avec Australis. Naviguez parmi les fjords et glaciers et d\u00e9couvrez la beaut\u00e9 du sud du Chili et de l&#039;Argentine.\" \/>\n<meta name=\"robots\" content=\"index, follow, max-snippet:-1, max-image-preview:large, max-video-preview:-1\" \/>\n<link rel=\"canonical\" href=\"https:\/\/www.australis.com\/fr\/itineraires\/\" \/>\n<meta property=\"og:locale\" content=\"fr_FR\" \/>\n<meta property=\"og:type\" content=\"article\" \/>\n<meta property=\"og:title\" content=\"Itin\u00e9raires \u00e0 travers la Patagonie | Croisi\u00e8res d&#039;exp\u00e9dition Australis\" \/>\n<meta property=\"og:description\" content=\"Explorez la Patagonie avec Australis. Naviguez parmi les fjords et glaciers et d\u00e9couvrez la beaut\u00e9 du sud du Chili et de l&#039;Argentine.\" \/>\n<meta property=\"og:url\" content=\"https:\/\/www.australis.com\/fr\/itineraires\/\" \/>\n<meta property=\"og:site_name\" content=\"Croisi\u00e8res Australis en Patagonie\" \/>\n<meta property=\"article:modified_time\" content=\"2025-05-14T14:28:44+00:00\" \/>\n<meta property=\"og:image\" content=\"https:\/\/www.australis.com\/fr\/wp-content\/uploads\/sites\/5\/2025\/02\/AU_feature-image_web.jpg\" \/>\n\t<meta property=\"og:image:width\" content=\"1080\" \/>\n\t<meta property=\"og:image:height\" content=\"562\" \/>\n\t<meta property=\"og:image:type\" content=\"image\/jpeg\" \/>\n<meta name=\"twitter:card\" content=\"summary_large_image\" \/>\n<meta name=\"twitter:label1\" content=\"Dur\u00e9e de lecture estim\u00e9e\" \/>\n\t<meta name=\"twitter:data1\" content=\"1 minute\" \/>\n<script type=\"application\/ld+json\" class=\"yoast-schema-graph\">{\"@context\":\"https:\/\/schema.org\",\"@graph\":[{\"@type\":\"WebPage\",\"@id\":\"https:\/\/www.australis.com\/fr\/itineraires\/\",\"url\":\"https:\/\/www.australis.com\/fr\/itineraires\/\",\"name\":\"Itin\u00e9raires \u00e0 travers la Patagonie | Croisi\u00e8res d'exp\u00e9dition Australis\",\"isPartOf\":{\"@id\":\"https:\/\/www.australis.com\/fr\/#website\"},\"primaryImageOfPage\":{\"@id\":\"https:\/\/www.australis.com\/fr\/itineraires\/#primaryimage\"},\"image\":{\"@id\":\"https:\/\/www.australis.com\/fr\/itineraires\/#primaryimage\"},\"thumbnailUrl\":\"https:\/\/www.australis.com\/fr\/wp-content\/uploads\/sites\/5\/2025\/02\/AU_feature-image_web.jpg\",\"datePublished\":\"2024-12-23T14:15:47+00:00\",\"dateModified\":\"2025-05-14T14:28:44+00:00\",\"description\":\"Explorez la Patagonie avec Australis. Naviguez parmi les fjords et glaciers et d\u00e9couvrez la beaut\u00e9 du sud du Chili et de l'Argentine.\",\"breadcrumb\":{\"@id\":\"https:\/\/www.australis.com\/fr\/itineraires\/#breadcrumb\"},\"inLanguage\":\"fr-FR\",\"potentialAction\":[{\"@type\":\"ReadAction\",\"target\":[\"https:\/\/www.australis.com\/fr\/itineraires\/\"]}]},{\"@type\":\"ImageObject\",\"inLanguage\":\"fr-FR\",\"@id\":\"https:\/\/www.australis.com\/fr\/itineraires\/#primaryimage\",\"url\":\"https:\/\/www.australis.com\/fr\/wp-content\/uploads\/sites\/5\/2025\/02\/AU_feature-image_web.jpg\",\"contentUrl\":\"https:\/\/www.australis.com\/fr\/wp-content\/uploads\/sites\/5\/2025\/02\/AU_feature-image_web.jpg\",\"width\":1080,\"height\":562},{\"@type\":\"BreadcrumbList\",\"@id\":\"https:\/\/www.australis.com\/fr\/itineraires\/#breadcrumb\",\"itemListElement\":[{\"@type\":\"ListItem\",\"position\":1,\"name\":\"Home\",\"item\":\"https:\/\/www.australis.com\/fr\/\"},{\"@type\":\"ListItem\",\"position\":2,\"name\":\"Itin\u00e9raires\"}]},{\"@type\":\"WebSite\",\"@id\":\"https:\/\/www.australis.com\/fr\/#website\",\"url\":\"https:\/\/www.australis.com\/fr\/\",\"name\":\"Croisi\u00e8res Australis en Patagonie\",\"description\":\"Vivez une exp\u00e9rience unique en naviguant \u00e0 travers les fjords chiliens et en explorant des glaciers recul\u00e9s.\",\"potentialAction\":[{\"@type\":\"SearchAction\",\"target\":{\"@type\":\"EntryPoint\",\"urlTemplate\":\"https:\/\/www.australis.com\/fr\/?s={search_term_string}\"},\"query-input\":{\"@type\":\"PropertyValueSpecification\",\"valueRequired\":true,\"valueName\":\"search_term_string\"}}],\"inLanguage\":\"fr-FR\"}]}<\/script>\n<!-- \/ Yoast SEO plugin. -->","yoast_head_json":{"title":"Itin\u00e9raires \u00e0 travers la Patagonie | Croisi\u00e8res d'exp\u00e9dition Australis","description":"Explorez la Patagonie avec Australis. Naviguez parmi les fjords et glaciers et d\u00e9couvrez la beaut\u00e9 du sud du Chili et de l'Argentine.","robots":{"index":"index","follow":"follow","max-snippet":"max-snippet:-1","max-image-preview":"max-image-preview:large","max-video-preview":"max-video-preview:-1"},"canonical":"https:\/\/www.australis.com\/fr\/itineraires\/","og_locale":"fr_FR","og_type":"article","og_title":"Itin\u00e9raires \u00e0 travers la Patagonie | Croisi\u00e8res d'exp\u00e9dition Australis","og_description":"Explorez la Patagonie avec Australis. Naviguez parmi les fjords et glaciers et d\u00e9couvrez la beaut\u00e9 du sud du Chili et de l'Argentine.","og_url":"https:\/\/www.australis.com\/fr\/itineraires\/","og_site_name":"Croisi\u00e8res Australis en Patagonie","article_modified_time":"2025-05-14T14:28:44+00:00","og_image":[{"width":1080,"height":562,"url":"https:\/\/www.australis.com\/fr\/wp-content\/uploads\/sites\/5\/2025\/02\/AU_feature-image_web.jpg","type":"image\/jpeg"}],"twitter_card":"summary_large_image","twitter_misc":{"Dur\u00e9e de lecture estim\u00e9e":"1 minute"},"schema":{"@context":"https:\/\/schema.org","@graph":[{"@type":"WebPage","@id":"https:\/\/www.australis.com\/fr\/itineraires\/","url":"https:\/\/www.australis.com\/fr\/itineraires\/","name":"Itin\u00e9raires \u00e0 travers la Patagonie | Croisi\u00e8res d'exp\u00e9dition Australis","isPartOf":{"@id":"https:\/\/www.australis.com\/fr\/#website"},"primaryImageOfPage":{"@id":"https:\/\/www.australis.com\/fr\/itineraires\/#primaryimage"},"image":{"@id":"https:\/\/www.australis.com\/fr\/itineraires\/#primaryimage"},"thumbnailUrl":"https:\/\/www.australis.com\/fr\/wp-content\/uploads\/sites\/5\/2025\/02\/AU_feature-image_web.jpg","datePublished":"2024-12-23T14:15:47+00:00","dateModified":"2025-05-14T14:28:44+00:00","description":"Explorez la Patagonie avec Australis. Naviguez parmi les fjords et glaciers et d\u00e9couvrez la beaut\u00e9 du sud du Chili et de l'Argentine.","breadcrumb":{"@id":"https:\/\/www.australis.com\/fr\/itineraires\/#breadcrumb"},"inLanguage":"fr-FR","potentialAction":[{"@type":"ReadAction","target":["https:\/\/www.australis.com\/fr\/itineraires\/"]}]},{"@type":"ImageObject","inLanguage":"fr-FR","@id":"https:\/\/www.australis.com\/fr\/itineraires\/#primaryimage","url":"https:\/\/www.australis.com\/fr\/wp-content\/uploads\/sites\/5\/2025\/02\/AU_feature-image_web.jpg","contentUrl":"https:\/\/www.australis.com\/fr\/wp-content\/uploads\/sites\/5\/2025\/02\/AU_feature-image_web.jpg","width":1080,"height":562},{"@type":"BreadcrumbList","@id":"https:\/\/www.australis.com\/fr\/itineraires\/#breadcrumb","itemListElement":[{"@type":"ListItem","position":1,"name":"Home","item":"https:\/\/www.australis.com\/fr\/"},{"@type":"ListItem","position":2,"name":"Itin\u00e9raires"}]},{"@type":"WebSite","@id":"https:\/\/www.australis.com\/fr\/#website","url":"https:\/\/www.australis.com\/fr\/","name":"Croisi\u00e8res Australis en Patagonie","description":"Vivez une exp\u00e9rience unique en naviguant \u00e0 travers les fjords chiliens et en explorant des glaciers recul\u00e9s.","potentialAction":[{"@type":"SearchAction","target":{"@type":"EntryPoint","urlTemplate":"https:\/\/www.australis.com\/fr\/?s={search_term_string}"},"query-input":{"@type":"PropertyValueSpecification","valueRequired":true,"valueName":"search_term_string"}}],"inLanguage":"fr-FR"}]}},"_links":{"self":[{"href":"https:\/\/www.australis.com\/fr\/wp-json\/wp\/v2\/pages\/57","targetHints":{"allow":["GET"]}}],"collection":[{"href":"https:\/\/www.australis.com\/fr\/wp-json\/wp\/v2\/pages"}],"about":[{"href":"https:\/\/www.australis.com\/fr\/wp-json\/wp\/v2\/types\/page"}],"author":[{"embeddable":true,"href":"https:\/\/www.australis.com\/fr\/wp-json\/wp\/v2\/users\/1"}],"replies":[{"embeddable":true,"href":"https:\/\/www.australis.com\/fr\/wp-json\/wp\/v2\/comments?post=57"}],"version-history":[{"count":14,"href":"https:\/\/www.australis.com\/fr\/wp-json\/wp\/v2\/pages\/57\/revisions"}],"predecessor-version":[{"id":4050,"href":"https:\/\/www.australis.com\/fr\/wp-json\/wp\/v2\/pages\/57\/revisions\/4050"}],"wp:featuredmedia":[{"embeddable":true,"href":"https:\/\/www.australis.com\/fr\/wp-json\/wp\/v2\/media\/3784"}],"wp:attachment":[{"href":"https:\/\/www.australis.com\/fr\/wp-json\/wp\/v2\/media?parent=57"}],"curies":[{"name":"wp","href":"https:\/\/api.w.org\/{rel}","templated":true}]}}