{"id":31,"date":"2024-09-25T20:49:46","date_gmt":"2024-09-25T20:49:46","guid":{"rendered":"https:\/\/qa-aws.australis.com\/?page_id=31"},"modified":"2025-05-28T13:24:07","modified_gmt":"2025-05-28T13:24:07","slug":"contact","status":"publish","type":"page","link":"https:\/\/www.australis.com\/fr\/contact\/","title":{"rendered":"Contact"},"content":{"rendered":"\n<span class=\"wp-block-australis-bp-spacer bp-spacer\" style=\"--_spacer-desktop-top:0;--_spacer-desktop-bot:120;--_spacer-mobile-top:0;--_spacer-mobile-bot:120\" id=\"bp-spacer\" aria-hidden=\"true\"><\/span>\n\n\n\n<section class=\"wp-block-australis-bp-container container  contact-form\" id=\"\" data-name=\"\" style=\"background-color:var(--azul);--background-color:var(--azul);color:var(--crema-fondo)\">\n<section class=\"wp-block-australis-bp-row row left middle mobile-center mobile-middle is-style-fixed\" style=\"--row-desktop-gap:0rem;--row-mobile-gap:0rem\">\n<div class=\"wp-block-columns is-layout-flex wp-container-core-columns-is-layout-9d6595d7 wp-block-columns-is-layout-flex\">\n<div class=\"wp-block-column title-box is-layout-flow wp-block-column-is-layout-flow\">\n<h1 class=\"wp-block-heading has-l-font-size\">Embarquez pour un voyage en Patagonie avec Australis<\/h1>\n<\/div>\n<\/div>\n<\/section>\n\n\n\n<section class=\"wp-block-australis-bp-row row between start mobile-center mobile-middle is-style-fixed\" style=\"--row-desktop-gap:0rem;--row-mobile-gap:0rem\">\n<div class=\"wp-block-columns is-layout-flex wp-container-core-columns-is-layout-9d6595d7 wp-block-columns-is-layout-flex\">\n<div class=\"wp-block-column form-box is-layout-flow wp-block-column-is-layout-flow\" style=\"flex-basis:60%\">\n<script charset=\"utf-8\" type=\"text\/javascript\" src=\"\/\/js.hsforms.net\/forms\/embed\/v2.js\"><\/script>\n<script>\n  hbspt.forms.create({\n    portalId: \"1822104\",\n    formId: \"2d5b1a0e-078b-45c2-8fe5-5e5c8c9c9544\",\n    region: \"na1\"\n  });\n<\/script>\n<\/div>\n\n\n\n<div class=\"wp-block-column information-box is-layout-flow wp-block-column-is-layout-flow\" style=\"flex-basis:33%\">\n<h3 class=\"wp-block-heading has-s-font-size\" style=\"text-transform:capitalize\">Bureaux commerciaux<\/h3>\n\n\n\n<div class=\"wp-block-group\"><div class=\"wp-block-group__inner-container is-layout-constrained wp-block-group-is-layout-constrained\">\n<h3 class=\"wp-block-heading has-s-font-size\" style=\"text-transform:capitalize\">Chili<\/h3>\n\n\n\n<div class=\"wp-block-buttons is-vertical is-layout-flex wp-container-core-buttons-is-layout-8cf370e7 wp-block-buttons-is-layout-flex\">\n<div class=\"wp-block-button\"><a class=\"wp-block-button__link has-cream-color has-darker-blue-background-color has-text-color has-background has-link-color wp-element-button\" href=\"tel:56227971000\" target=\"_blank\" rel=\"noreferrer noopener\"><img decoding=\"async\" class=\"wp-image-979\" style=\"width: 18px\" src=\"https:\/\/www.australis.com\/wp-content\/uploads\/2025\/01\/icon-phone.svg\" alt=\"\">+56 22 797 1000<\/a><\/div>\n\n\n\n<div class=\"wp-block-button\"><a class=\"wp-block-button__link has-cream-color has-darker-blue-background-color has-text-color has-background has-link-color wp-element-button\" href=\"mailto:sales@australis.com\" target=\"_blank\" rel=\"noreferrer noopener\"><img decoding=\"async\" class=\"wp-image-978\" style=\"width: 20px\" src=\"https:\/\/www.australis.com\/wp-content\/uploads\/2025\/01\/icon-email.svg\" alt=\"\">sales@australis.com<\/a><\/div>\n<\/div>\n<\/div><\/div>\n\n\n\n<div class=\"wp-block-group\"><div class=\"wp-block-group__inner-container is-layout-constrained wp-block-group-is-layout-constrained\">\n<h3 class=\"wp-block-heading has-s-font-size\" style=\"text-transform:capitalize\">Europe<\/h3>\n\n\n\n<div class=\"wp-block-buttons is-vertical is-layout-flex wp-container-core-buttons-is-layout-8cf370e7 wp-block-buttons-is-layout-flex\">\n<div class=\"wp-block-button\"><a class=\"wp-block-button__link has-cream-color has-darker-blue-background-color has-text-color has-background has-link-color wp-element-button\" href=\"tel:34934970484\" target=\"_blank\" rel=\"noreferrer noopener\"><img decoding=\"async\" class=\"wp-image-979\" style=\"width: 18px\" src=\"https:\/\/www.australis.com\/wp-content\/uploads\/2025\/01\/icon-phone.svg\" alt=\"\">+34 93 497 0484<\/a><\/div>\n\n\n\n<div class=\"wp-block-button\"><a class=\"wp-block-button__link has-cream-color has-darker-blue-background-color has-text-color has-background has-link-color wp-element-button\" href=\"mailto:europe@australis.com\" target=\"_blank\" rel=\"noreferrer noopener\"><img decoding=\"async\" class=\"wp-image-978\" style=\"width: 20px\" src=\"https:\/\/www.australis.com\/wp-content\/uploads\/2025\/01\/icon-email.svg\" alt=\"\">europe@australis.com<\/a><\/div>\n<\/div>\n<\/div><\/div>\n\n\n\n<div class=\"wp-block-group\"><div class=\"wp-block-group__inner-container is-layout-constrained wp-block-group-is-layout-constrained\">\n<h3 class=\"wp-block-heading has-s-font-size\" style=\"text-transform:capitalize\">\u00c9tats Unis d&rsquo;Am\u00e9riques<\/h3>\n\n\n\n<div class=\"wp-block-buttons is-vertical is-layout-flex wp-container-core-buttons-is-layout-8cf370e7 wp-block-buttons-is-layout-flex\">\n<div class=\"wp-block-button\"><a class=\"wp-block-button__link has-cream-color has-darker-blue-background-color has-text-color has-background has-link-color wp-element-button\" href=\"tel:18007430119\" target=\"_blank\" rel=\"noreferrer noopener\"><img decoding=\"async\" class=\"wp-image-979\" style=\"width: 18px\" src=\"https:\/\/www.australis.com\/wp-content\/uploads\/2025\/01\/icon-phone.svg\" alt=\"\">+1 800 743 0119<\/a><\/div>\n\n\n\n<div class=\"wp-block-button\"><a class=\"wp-block-button__link has-cream-color has-darker-blue-background-color has-text-color has-background has-link-color wp-element-button\" href=\"mailto:northamerica@australis.com\" target=\"_blank\" rel=\"noreferrer noopener\"><img decoding=\"async\" class=\"wp-image-978\" style=\"width: 20px\" src=\"https:\/\/www.australis.com\/wp-content\/uploads\/2025\/01\/icon-email.svg\" alt=\"\">northamerica@australis.com<\/a><\/div>\n<\/div>\n<\/div><\/div>\n\n\n\n<div class=\"wp-block-group\"><div class=\"wp-block-group__inner-container is-layout-constrained wp-block-group-is-layout-constrained\">\n<h3 class=\"wp-block-heading has-s-font-size\" style=\"text-transform:capitalize\">Argentine<\/h3>\n\n\n\n<div class=\"wp-block-buttons is-vertical is-layout-flex wp-container-core-buttons-is-layout-8cf370e7 wp-block-buttons-is-layout-flex\">\n<div class=\"wp-block-button\"><a class=\"wp-block-button__link has-cream-color has-darker-blue-background-color has-text-color has-background has-link-color wp-element-button\" href=\"tel:541159839402\" target=\"_blank\" rel=\"noreferrer noopener\"><img decoding=\"async\" class=\"wp-image-979\" style=\"width: 18px\" src=\"https:\/\/www.australis.com\/wp-content\/uploads\/2025\/01\/icon-phone.svg\" alt=\"\">+54 11 5983 9402<\/a><\/div>\n\n\n\n<div class=\"wp-block-button\"><a class=\"wp-block-button__link has-cream-color has-darker-blue-background-color has-text-color has-background has-link-color wp-element-button\" href=\"mailto:sales@australis.com\" target=\"_blank\" rel=\"noreferrer noopener\"><img decoding=\"async\" class=\"wp-image-978\" style=\"width: 20px\" src=\"https:\/\/www.australis.com\/wp-content\/uploads\/2025\/01\/icon-email.svg\" alt=\"\">sales@australis.com<\/a><\/div>\n<\/div>\n<\/div><\/div>\n<\/div>\n<\/div>\n<\/section>\n<\/section>\n\n\n\n<span class=\"wp-block-australis-bp-spacer bp-spacer\" style=\"--_spacer-desktop-top:0;--_spacer-desktop-bot:120;--_spacer-mobile-top:0;--_spacer-mobile-bot:120\" id=\"bp-spacer\" aria-hidden=\"true\"><\/span>\n\n\n\n<section class=\"wp-block-australis-bp-container container  trust-section\" id=\"\" data-name=\"\" style=\"background-color:var(--azul);--background-color:var(--azul);color:var(--crema-fondo)\">\n<section class=\"wp-block-australis-bp-row row center middle mobile-center mobile-middle\" style=\"--row-desktop-gap:0rem;--row-mobile-gap:0rem\">\n<div class=\"wp-block-columns is-layout-flex wp-container-core-columns-is-layout-9d6595d7 wp-block-columns-is-layout-flex\">\n<div class=\"wp-block-column is-layout-flow wp-block-column-is-layout-flow\">\n<h2 class=\"wp-block-heading has-text-align-center title has-l-font-size\">Ils nous font confiance<\/h2>\n\n\n\n<div class=\"wp-block-australis-bp-slider row full-width bp-slider undefined articles-slider\"><div class=\"splide\" data-splide=\"{&quot;destroy&quot;:true,&quot;pagination&quot;:true,&quot;arrows&quot;:false,&quot;breakpoints&quot;:{&quot;960&quot;:{&quot;destroy&quot;:false}}}\"><div class=\"splide__track\"><ul class=\"splide__list\">\n<li class=\"wp-block-australis-bp-slide splide__slide\">\n<div aria-label=\"\" class=\"wp-block-australis-bp-group bp-group stack\" style=\"--_offset-custom-left-desktop:0rem;--_offset-custom-left-mobile:0rem;--_width-desktop:100%;--_width-mobile:100%;background-color:;color:\">\n<h2 class=\"wp-block-heading has-m-font-size\">Le Vif Weekend<\/h2>\n\n\n\n<p class=\"has-xs-font-size\" style=\"text-transform:uppercase\">Terre d\u2019aventures<\/p>\n\n\n\n<p class=\"has-s-font-size\">\u00ab La Patagonie. Une contr\u00e9e du bout du monde qui a fait r\u00eaver des g\u00e9n\u00e9rations d\u2019explorateurs, d\u2019aventuriers ou de simples voyageurs. Elle \u00e9voque les \u00e9tendues sauvages, les sommets enneig\u00e9s en \u00e9t\u00e9, les glaciers mill\u00e9naires, les volcans&#8230; \u00bb<\/p>\n\n\n\n<div class=\"wp-block-buttons is-layout-flex wp-block-buttons-is-layout-flex\">\n<div class=\"wp-block-button is-style-textlink\"><a class=\"wp-block-button__link wp-element-button\" href=\"https:\/\/www.australis.com\/fr\/wp-content\/uploads\/sites\/5\/2025\/03\/Le-Vif-Weekend-2024.pdf\" target=\"_blank\" rel=\"noreferrer noopener\">Lire l&rsquo;article<\/a><\/div>\n<\/div>\n<\/div>\n<\/li>\n\n\n\n<li class=\"wp-block-australis-bp-slide splide__slide\">\n<div aria-label=\"\" class=\"wp-block-australis-bp-group bp-group stack\" style=\"--_offset-custom-left-desktop:0rem;--_offset-custom-left-mobile:0rem;--_width-desktop:100%;--_width-mobile:100%;background-color:;color:\">\n<h2 class=\"wp-block-heading has-m-font-size\">Marie France<\/h2>\n\n\n\n<p class=\"has-xs-font-size\" style=\"text-transform:uppercase\">CROISI\u00c8RE AU BOUT DU MONDE<\/p>\n\n\n\n<p class=\"has-s-font-size\">\u00ab Terre de feu, Ushua\u00efa, Cap Horn, ces noms \u00e9voquent la fin des terres et r\u00e9veillent l&rsquo;aventuri\u00e8re en nous. C&rsquo;est en Am\u00e9rique du sud, entre le Pacifique et le d\u00e9troit de Magellan. Nous accosterons au bord de for\u00eats ench\u00e2ss\u00e9es entre des blocs&#8230; \u00bb<\/p>\n\n\n\n<div class=\"wp-block-buttons is-layout-flex wp-block-buttons-is-layout-flex\">\n<div class=\"wp-block-button is-style-textlink\"><a class=\"wp-block-button__link wp-element-button\" href=\"https:\/\/www.australis.com\/fr\/wp-content\/uploads\/sites\/5\/2025\/03\/MARIE-FRANCE-DIC-2023_2_compressed.pdf\" target=\"_blank\" rel=\"noreferrer noopener\">Lire l&rsquo;article<\/a><\/div>\n<\/div>\n<\/div>\n<\/li>\n\n\n\n<li class=\"wp-block-australis-bp-slide splide__slide\">\n<div aria-label=\"\" class=\"wp-block-australis-bp-group bp-group stack\" style=\"--_offset-custom-left-desktop:0rem;--_offset-custom-left-mobile:0rem;--_width-desktop:100%;--_width-mobile:100%;background-color:;color:\">\n<h2 class=\"wp-block-heading has-m-font-size\">Le Nouveau Voyageur<\/h2>\n\n\n\n<p class=\"has-xs-font-size\" style=\"text-transform:uppercase\">CROISI\u00c8RE DANS LES CANAUX DE PATAGONIE<\/p>\n\n\n\n<p class=\"has-s-font-size\">\u00ab Il y a canaux et canaux. Le canal du Midi convient \u00e0 la p\u00e9niche, celui de Suez est taill\u00e9 pour les tankers, ceux de Venise se visitent en gondole\u2026, quant \u00e0 ceux de Patagonie, on les d\u00e9couvre en bateau de croisi\u00e8re-exp\u00e9dition entre Punta Arenas et Ushuaia&#8230; \u00bb<\/p>\n\n\n\n<div class=\"wp-block-buttons is-layout-flex wp-block-buttons-is-layout-flex\">\n<div class=\"wp-block-button is-style-textlink\"><a class=\"wp-block-button__link wp-element-button\" href=\"https:\/\/www.australis.com\/fr\/wp-content\/uploads\/sites\/5\/2025\/03\/AR-Le-nouveau-voyageur-jun-2024_compressed-1.pdf\" target=\"_blank\" rel=\"noreferrer noopener\">Lire l&rsquo;article<\/a><\/div>\n<\/div>\n<\/div>\n<\/li>\n<\/ul><\/div><nav class=\"splide__arrows\"><button class=\"splide__arrow splide__arrow--prev\"><i class=\"icon-slider-small-left\"><\/i><\/button><button class=\"splide__arrow splide__arrow--next\"><i class=\"icon-slider-small-rigth\"><\/i><\/button><\/nav><header class=\"col-36-36 slide-overlap\"><\/header><\/div><\/div>\n\n\n\n<div class=\"wp-block-australis-bp-slider row full-width bp-slider undefined testimonials-slider\"><div class=\"splide\" data-splide=\"{&quot;pagination&quot;:true,&quot;breakpoints&quot;:{&quot;960&quot;:{}}}\"><div class=\"splide__track\"><ul class=\"splide__list\">\n<li class=\"wp-block-australis-bp-slide splide__slide\">\n<div aria-label=\"\" class=\"wp-block-australis-bp-group bp-group stack\" style=\"--_offset-custom-left-desktop:0rem;--_offset-custom-left-mobile:0rem;--_width-desktop:100%;--_width-mobile:100%;background-color:;color:\">\n<p class=\"has-l-font-size\">\u00ab\u00a0Voyage inoubliable, \u00e9quipe fantastique, r\u00e9gion splendide. Le meilleur voyage de ma vie!\u00a0\u00bb<br><\/p>\n\n\n\n<p class=\"has-xs-font-size\">Val\u00e9rie Annie, France<br>NOVEMBRE 2024, VENTUS AUSTRALIS<\/p>\n<\/div>\n<\/li>\n\n\n\n<li class=\"wp-block-australis-bp-slide splide__slide\">\n<div aria-label=\"\" class=\"wp-block-australis-bp-group bp-group stack\" style=\"--_offset-custom-left-desktop:0rem;--_offset-custom-left-mobile:0rem;--_width-desktop:100%;--_width-mobile:100%;background-color:;color:\">\n<p class=\"has-l-font-size\">\u00ab\u00a0Premi\u00e8re exp\u00e9rience pour une croisi\u00e8re, et nous n\u2019avons vraiment pas \u00e9t\u00e9 d\u00e9\u00e7us. La taille du bateau, les services \u00e0 bord, l\u2019\u00e9quipage, tout \u00e9tait parfait ! Merci de nous avoir fait vivre ce moment magique.\u00a0\u00bb<br><\/p>\n\n\n\n<p class=\"has-xs-font-size\">Annick, France.<br>OctOBRE 2024, Stella Australis<\/p>\n<\/div>\n<\/li>\n\n\n\n<li class=\"wp-block-australis-bp-slide splide__slide\">\n<div aria-label=\"\" class=\"wp-block-australis-bp-group bp-group stack\" style=\"--_offset-custom-left-desktop:0rem;--_offset-custom-left-mobile:0rem;--_width-desktop:100%;--_width-mobile:100%;background-color:;color:\">\n<p class=\"has-l-font-size\">\u00ab\u00a0L&rsquo;acc\u00e8s \u00e0 cette r\u00e9gion est un r\u00eave pour tous ceux qui aiment la mer et cela est possible gr\u00e2ce \u00e0 vous dans des conditions d&rsquo;accueil confortable et sympathique!\u00a0\u00bb<br><\/p>\n\n\n\n<p class=\"has-xs-font-size\">Jean Christian, France<br>NovEMBRE 2024, Ventus AUSTRALIS<\/p>\n<\/div>\n<\/li>\n\n\n\n<li class=\"wp-block-australis-bp-slide splide__slide\">\n<div aria-label=\"\" class=\"wp-block-australis-bp-group bp-group stack\" style=\"--_offset-custom-left-desktop:0rem;--_offset-custom-left-mobile:0rem;--_width-desktop:100%;--_width-mobile:100%;background-color:;color:\">\n<p class=\"has-l-font-size\">\u00ab\u00a0Croisi\u00e8re de qualit\u00e9, de belles d\u00e9couvertes, des sites inoubliables accompagn\u00e9 par des guides excellent dans leur accompagnement. Pr\u00e9sentation service et qualit\u00e9 de la restauration excellente. Une belle aventure.\u00a0\u00bb<br><\/p>\n\n\n\n<p class=\"has-xs-font-size\">Jean, France<br>NovEMBRE 2024, Stella Australis<\/p>\n<\/div>\n<\/li>\n\n\n\n<li class=\"wp-block-australis-bp-slide splide__slide\">\n<div aria-label=\"\" class=\"wp-block-australis-bp-group bp-group stack\" style=\"--_offset-custom-left-desktop:0rem;--_offset-custom-left-mobile:0rem;--_width-desktop:100%;--_width-mobile:100%;background-color:;color:\">\n<p class=\"has-l-font-size\">\u00ab\u00a0Belle d\u00e9couverte de la Terre de feu. Une organisation parfaite, un personnel dynamique, souriant, soucieux du bien \u00eatre de chacun. Plein de belles images en t\u00eate. Les excursions en zodiac ont permis d\u2019observer de pr\u00e8s la beaut\u00e9 des glaciers, les espaces du bateau permettent \u00e9galement de profiter de chaque instant. Je recommande\u00a0\u00bb<br><\/p>\n\n\n\n<p class=\"has-xs-font-size\">Marie No\u00eblle, France<br>NovEMBRE 2024, Stella australis<\/p>\n<\/div>\n<\/li>\n\n\n\n<li class=\"wp-block-australis-bp-slide splide__slide\">\n<div aria-label=\"\" class=\"wp-block-australis-bp-group bp-group stack\" style=\"--_offset-custom-left-desktop:0rem;--_offset-custom-left-mobile:0rem;--_width-desktop:100%;--_width-mobile:100%;background-color:;color:\">\n<p class=\"has-l-font-size\">\u00ab\u00a0Cette croisi\u00e8re de Punta Arena \u00e0 Ushuaia sur le Stella Australis f\u00fbt un v\u00e9ritable enchantement.<br>Un grand merci \u00e0 tout le personnel de bord et \u00e0 les membres de l&rsquo;\u00e9quipage qui nous ont permis de r\u00e9aliser une croisi\u00e8re de r\u00eave.\u00a0\u00bb<br><\/p>\n\n\n\n<p class=\"has-xs-font-size\">Mireille, France<br>NovEMBRE 2024. Stella Australis<\/p>\n<\/div>\n<\/li>\n<\/ul><\/div><nav class=\"splide__arrows\"><button class=\"splide__arrow splide__arrow--prev\"><i class=\"icon-slider-small-left\"><\/i><\/button><button class=\"splide__arrow splide__arrow--next\"><i class=\"icon-slider-small-rigth\"><\/i><\/button><\/nav><header class=\"col-36-36 slide-overlap\"><\/header><\/div><\/div>\n<\/div>\n<\/div>\n<\/section>\n\n\n\n<span class=\"wp-block-australis-bp-spacer bp-spacer\" style=\"--_spacer-desktop-top:0;--_spacer-desktop-bot:120;--_spacer-mobile-top:0;--_spacer-mobile-bot:72\" id=\"bp-spacer\" aria-hidden=\"true\"><\/span>\n<\/section>\n","protected":false},"excerpt":{"rendered":"","protected":false},"author":1,"featured_media":3784,"parent":0,"menu_order":10,"comment_status":"closed","ping_status":"closed","template":"templates\/standard-template.php","meta":{"_acf_changed":false,"footnotes":""},"class_list":["post-31","page","type-page","status-publish","has-post-thumbnail","hentry"],"acf":[],"yoast_head":"<!-- This site is optimized with the Yoast SEO plugin v26.3 - https:\/\/yoast.com\/wordpress\/plugins\/seo\/ -->\n<title>Contacter Australis | R\u00e9servez votre croisi\u00e8re en Patagonie<\/title>\n<meta name=\"description\" content=\"Contactez Australis pour r\u00e9server votre croisi\u00e8re \u00e0 travers les fjords chiliens et recevoir des conseils pour votre voyage en Patagonie.\" \/>\n<meta name=\"robots\" content=\"index, follow, max-snippet:-1, max-image-preview:large, max-video-preview:-1\" \/>\n<link rel=\"canonical\" href=\"https:\/\/www.australis.com\/fr\/contact\/\" \/>\n<meta property=\"og:locale\" content=\"fr_FR\" \/>\n<meta property=\"og:type\" content=\"article\" \/>\n<meta property=\"og:title\" content=\"Contacter Australis | R\u00e9servez votre croisi\u00e8re en Patagonie\" \/>\n<meta property=\"og:description\" content=\"Contactez Australis pour r\u00e9server votre croisi\u00e8re \u00e0 travers les fjords chiliens et recevoir des conseils pour votre voyage en Patagonie.\" \/>\n<meta property=\"og:url\" content=\"https:\/\/www.australis.com\/fr\/contact\/\" \/>\n<meta property=\"og:site_name\" content=\"Croisi\u00e8res Australis en Patagonie\" \/>\n<meta property=\"article:modified_time\" content=\"2025-05-28T13:24:07+00:00\" \/>\n<meta property=\"og:image\" content=\"https:\/\/www.australis.com\/fr\/wp-content\/uploads\/sites\/5\/2025\/02\/AU_feature-image_web.jpg\" \/>\n\t<meta property=\"og:image:width\" content=\"1080\" \/>\n\t<meta property=\"og:image:height\" content=\"562\" \/>\n\t<meta property=\"og:image:type\" content=\"image\/jpeg\" \/>\n<meta name=\"twitter:card\" content=\"summary_large_image\" \/>\n<meta name=\"twitter:label1\" content=\"Dur\u00e9e de lecture estim\u00e9e\" \/>\n\t<meta name=\"twitter:data1\" content=\"2 minutes\" \/>\n<script type=\"application\/ld+json\" class=\"yoast-schema-graph\">{\"@context\":\"https:\/\/schema.org\",\"@graph\":[{\"@type\":\"WebPage\",\"@id\":\"https:\/\/www.australis.com\/fr\/contact\/\",\"url\":\"https:\/\/www.australis.com\/fr\/contact\/\",\"name\":\"Contacter Australis | R\u00e9servez votre croisi\u00e8re en Patagonie\",\"isPartOf\":{\"@id\":\"https:\/\/www.australis.com\/fr\/#website\"},\"primaryImageOfPage\":{\"@id\":\"https:\/\/www.australis.com\/fr\/contact\/#primaryimage\"},\"image\":{\"@id\":\"https:\/\/www.australis.com\/fr\/contact\/#primaryimage\"},\"thumbnailUrl\":\"https:\/\/www.australis.com\/fr\/wp-content\/uploads\/sites\/5\/2025\/02\/AU_feature-image_web.jpg\",\"datePublished\":\"2024-09-25T20:49:46+00:00\",\"dateModified\":\"2025-05-28T13:24:07+00:00\",\"description\":\"Contactez Australis pour r\u00e9server votre croisi\u00e8re \u00e0 travers les fjords chiliens et recevoir des conseils pour votre voyage en Patagonie.\",\"breadcrumb\":{\"@id\":\"https:\/\/www.australis.com\/fr\/contact\/#breadcrumb\"},\"inLanguage\":\"fr-FR\",\"potentialAction\":[{\"@type\":\"ReadAction\",\"target\":[\"https:\/\/www.australis.com\/fr\/contact\/\"]}]},{\"@type\":\"ImageObject\",\"inLanguage\":\"fr-FR\",\"@id\":\"https:\/\/www.australis.com\/fr\/contact\/#primaryimage\",\"url\":\"https:\/\/www.australis.com\/fr\/wp-content\/uploads\/sites\/5\/2025\/02\/AU_feature-image_web.jpg\",\"contentUrl\":\"https:\/\/www.australis.com\/fr\/wp-content\/uploads\/sites\/5\/2025\/02\/AU_feature-image_web.jpg\",\"width\":1080,\"height\":562},{\"@type\":\"BreadcrumbList\",\"@id\":\"https:\/\/www.australis.com\/fr\/contact\/#breadcrumb\",\"itemListElement\":[{\"@type\":\"ListItem\",\"position\":1,\"name\":\"Home\",\"item\":\"https:\/\/www.australis.com\/fr\/\"},{\"@type\":\"ListItem\",\"position\":2,\"name\":\"Contact\"}]},{\"@type\":\"WebSite\",\"@id\":\"https:\/\/www.australis.com\/fr\/#website\",\"url\":\"https:\/\/www.australis.com\/fr\/\",\"name\":\"Croisi\u00e8res Australis en Patagonie\",\"description\":\"Vivez une exp\u00e9rience unique en naviguant \u00e0 travers les fjords chiliens et en explorant des glaciers recul\u00e9s.\",\"potentialAction\":[{\"@type\":\"SearchAction\",\"target\":{\"@type\":\"EntryPoint\",\"urlTemplate\":\"https:\/\/www.australis.com\/fr\/?s={search_term_string}\"},\"query-input\":{\"@type\":\"PropertyValueSpecification\",\"valueRequired\":true,\"valueName\":\"search_term_string\"}}],\"inLanguage\":\"fr-FR\"}]}<\/script>\n<!-- \/ Yoast SEO plugin. -->","yoast_head_json":{"title":"Contacter Australis | R\u00e9servez votre croisi\u00e8re en Patagonie","description":"Contactez Australis pour r\u00e9server votre croisi\u00e8re \u00e0 travers les fjords chiliens et recevoir des conseils pour votre voyage en Patagonie.","robots":{"index":"index","follow":"follow","max-snippet":"max-snippet:-1","max-image-preview":"max-image-preview:large","max-video-preview":"max-video-preview:-1"},"canonical":"https:\/\/www.australis.com\/fr\/contact\/","og_locale":"fr_FR","og_type":"article","og_title":"Contacter Australis | R\u00e9servez votre croisi\u00e8re en Patagonie","og_description":"Contactez Australis pour r\u00e9server votre croisi\u00e8re \u00e0 travers les fjords chiliens et recevoir des conseils pour votre voyage en Patagonie.","og_url":"https:\/\/www.australis.com\/fr\/contact\/","og_site_name":"Croisi\u00e8res Australis en Patagonie","article_modified_time":"2025-05-28T13:24:07+00:00","og_image":[{"width":1080,"height":562,"url":"https:\/\/www.australis.com\/fr\/wp-content\/uploads\/sites\/5\/2025\/02\/AU_feature-image_web.jpg","type":"image\/jpeg"}],"twitter_card":"summary_large_image","twitter_misc":{"Dur\u00e9e de lecture estim\u00e9e":"2 minutes"},"schema":{"@context":"https:\/\/schema.org","@graph":[{"@type":"WebPage","@id":"https:\/\/www.australis.com\/fr\/contact\/","url":"https:\/\/www.australis.com\/fr\/contact\/","name":"Contacter Australis | R\u00e9servez votre croisi\u00e8re en Patagonie","isPartOf":{"@id":"https:\/\/www.australis.com\/fr\/#website"},"primaryImageOfPage":{"@id":"https:\/\/www.australis.com\/fr\/contact\/#primaryimage"},"image":{"@id":"https:\/\/www.australis.com\/fr\/contact\/#primaryimage"},"thumbnailUrl":"https:\/\/www.australis.com\/fr\/wp-content\/uploads\/sites\/5\/2025\/02\/AU_feature-image_web.jpg","datePublished":"2024-09-25T20:49:46+00:00","dateModified":"2025-05-28T13:24:07+00:00","description":"Contactez Australis pour r\u00e9server votre croisi\u00e8re \u00e0 travers les fjords chiliens et recevoir des conseils pour votre voyage en Patagonie.","breadcrumb":{"@id":"https:\/\/www.australis.com\/fr\/contact\/#breadcrumb"},"inLanguage":"fr-FR","potentialAction":[{"@type":"ReadAction","target":["https:\/\/www.australis.com\/fr\/contact\/"]}]},{"@type":"ImageObject","inLanguage":"fr-FR","@id":"https:\/\/www.australis.com\/fr\/contact\/#primaryimage","url":"https:\/\/www.australis.com\/fr\/wp-content\/uploads\/sites\/5\/2025\/02\/AU_feature-image_web.jpg","contentUrl":"https:\/\/www.australis.com\/fr\/wp-content\/uploads\/sites\/5\/2025\/02\/AU_feature-image_web.jpg","width":1080,"height":562},{"@type":"BreadcrumbList","@id":"https:\/\/www.australis.com\/fr\/contact\/#breadcrumb","itemListElement":[{"@type":"ListItem","position":1,"name":"Home","item":"https:\/\/www.australis.com\/fr\/"},{"@type":"ListItem","position":2,"name":"Contact"}]},{"@type":"WebSite","@id":"https:\/\/www.australis.com\/fr\/#website","url":"https:\/\/www.australis.com\/fr\/","name":"Croisi\u00e8res Australis en Patagonie","description":"Vivez une exp\u00e9rience unique en naviguant \u00e0 travers les fjords chiliens et en explorant des glaciers recul\u00e9s.","potentialAction":[{"@type":"SearchAction","target":{"@type":"EntryPoint","urlTemplate":"https:\/\/www.australis.com\/fr\/?s={search_term_string}"},"query-input":{"@type":"PropertyValueSpecification","valueRequired":true,"valueName":"search_term_string"}}],"inLanguage":"fr-FR"}]}},"_links":{"self":[{"href":"https:\/\/www.australis.com\/fr\/wp-json\/wp\/v2\/pages\/31","targetHints":{"allow":["GET"]}}],"collection":[{"href":"https:\/\/www.australis.com\/fr\/wp-json\/wp\/v2\/pages"}],"about":[{"href":"https:\/\/www.australis.com\/fr\/wp-json\/wp\/v2\/types\/page"}],"author":[{"embeddable":true,"href":"https:\/\/www.australis.com\/fr\/wp-json\/wp\/v2\/users\/1"}],"replies":[{"embeddable":true,"href":"https:\/\/www.australis.com\/fr\/wp-json\/wp\/v2\/comments?post=31"}],"version-history":[{"count":9,"href":"https:\/\/www.australis.com\/fr\/wp-json\/wp\/v2\/pages\/31\/revisions"}],"predecessor-version":[{"id":3048,"href":"https:\/\/www.australis.com\/fr\/wp-json\/wp\/v2\/pages\/31\/revisions\/3048"}],"wp:featuredmedia":[{"embeddable":true,"href":"https:\/\/www.australis.com\/fr\/wp-json\/wp\/v2\/media\/3784"}],"wp:attachment":[{"href":"https:\/\/www.australis.com\/fr\/wp-json\/wp\/v2\/media?parent=31"}],"curies":[{"name":"wp","href":"https:\/\/api.w.org\/{rel}","templated":true}]}}