{"id":2829,"date":"2025-02-05T12:18:05","date_gmt":"2025-02-05T12:18:05","guid":{"rendered":"https:\/\/qa-aws.australis.com\/?page_id=2829"},"modified":"2025-05-20T20:26:29","modified_gmt":"2025-05-20T20:26:29","slug":"declaration-honneur","status":"publish","type":"page","link":"https:\/\/www.australis.com\/fr\/declaration-honneur\/","title":{"rendered":"D\u00e9clatation sur l\u2019honneur"},"content":{"rendered":"\n<span class=\"wp-block-australis-bp-spacer bp-spacer\" style=\"--_spacer-desktop-top:0;--_spacer-desktop-bot:160;--_spacer-mobile-top:0;--_spacer-mobile-bot:120\" id=\"bp-spacer\" aria-hidden=\"true\"><\/span>\n\n\n\n<p><\/p>\n\n\n\n<section class=\"wp-block-australis-bp-container container  title-with-paragraph\" id=\"\" data-name=\"\" style=\"color:var(--crema-secondary)\">\n<section class=\"wp-block-australis-bp-row row center middle mobile-center mobile-middle row-txt-box is-style-fixed\" style=\"--row-desktop-gap:46rem;--row-mobile-gap:0rem\">\n<div class=\"wp-block-columns is-not-stacked-on-mobile is-layout-flex wp-container-core-columns-is-layout-9d6595d7 wp-block-columns-is-layout-flex\">\n<div class=\"wp-block-column is-layout-flow wp-block-column-is-layout-flow\" style=\"flex-basis:100%\">\n<h2 class=\"wp-block-heading has-text-align-center has-xl-font-size\">D\u00e9clatation sur l\u2019honneur<\/h2>\n\n\n\n<p class=\"has-text-align-center has-l-font-size\">Avant d\u2019embarquer, le passager devra pr\u00e9senter la D\u00e9clatation sur l\u2019honneur sign\u00e9e, dans laquelle il est expliqu\u00e9 les droits et responsabilit\u00e9s du passagers et du transporteur durant le voyage. Pour ce fait, le passager doit lire attentivement le document lequel sera disponible pour sa r\u00e9vision, son t\u00e9l\u00e9chargement et impression depuis l\u2019ic\u00f4ne ci-dessous.<\/p>\n\n\n\n<p class=\"has-text-align-center has-l-font-size\"><br><br>Qui ne peut imprimer une copie de la D\u00e9claration sur l\u2019honneur avant le voyage pourra recevoir le document et le signer lors de l\u2019enregistrement.<\/p>\n<\/div>\n<\/div>\n<\/section>\n\n\n\n<span class=\"wp-block-australis-bp-spacer bp-spacer\" style=\"--_spacer-desktop-top:0;--_spacer-desktop-bot:96;--_spacer-mobile-top:0;--_spacer-mobile-bot:20\" id=\"bp-spacer\" aria-hidden=\"true\"><\/span>\n<\/section>\n\n\n\n<div class=\"wp-block-buttons is-vertical is-content-justification-center is-layout-flex wp-container-core-buttons-is-layout-cc3cdef1 wp-block-buttons-is-layout-flex\">\n<div class=\"wp-block-button is-style-outline is-style-outline--1\"><a class=\"wp-block-button__link has-label-button-font-size has-custom-font-size wp-element-button\" href=\"https:\/\/assets.australis.com\/declaracion-jurada\/Declaration-sur-lhonneur-Stella-Australis.pdf\" target=\"_blank\" rel=\"noreferrer noopener\">T\u00c9L\u00c9CHARGER LE DOCUMENT<br>STELLA AUSTRALIS<\/a><\/div>\n<\/div>\n\n\n\n<span class=\"wp-block-australis-bp-spacer bp-spacer\" style=\"--_spacer-desktop-top:0;--_spacer-desktop-bot:20;--_spacer-mobile-top:0;--_spacer-mobile-bot:20\" id=\"bp-spacer\" aria-hidden=\"true\"><\/span>\n\n\n\n<div class=\"wp-block-buttons is-vertical is-content-justification-center is-layout-flex wp-container-core-buttons-is-layout-cc3cdef1 wp-block-buttons-is-layout-flex\">\n<div class=\"wp-block-button is-style-outline is-style-outline--2\"><a class=\"wp-block-button__link has-label-button-font-size has-custom-font-size wp-element-button\" href=\"https:\/\/assets.australis.com\/declaracion-jurada\/Declaration-sur-lhonneur-Ventus-Australis.pdf\" target=\"_blank\" rel=\"noreferrer noopener\">T\u00c9L\u00c9CHARGER LE DOCUMENT<br>VENTUS AUSTRALIS<\/a><\/div>\n<\/div>\n\n\n\n<span class=\"wp-block-australis-bp-spacer bp-spacer\" style=\"--_spacer-desktop-top:0;--_spacer-desktop-bot:195;--_spacer-mobile-top:0;--_spacer-mobile-bot:120\" id=\"bp-spacer\" aria-hidden=\"true\"><\/span>\n","protected":false},"excerpt":{"rendered":"","protected":false},"author":1,"featured_media":3784,"parent":0,"menu_order":0,"comment_status":"closed","ping_status":"closed","template":"","meta":{"_acf_changed":false,"footnotes":""},"class_list":["post-2829","page","type-page","status-publish","has-post-thumbnail","hentry"],"acf":[],"yoast_head":"<!-- This site is optimized with the Yoast SEO plugin v26.3 - https:\/\/yoast.com\/wordpress\/plugins\/seo\/ -->\n<title>D\u00e9claration sur l&#039;honneur | Croisi\u00e8res Australis<\/title>\n<meta name=\"description\" content=\"T\u00e9l\u00e9chargez et remplissez le document requis pour votre croisi\u00e8re d&#039;exp\u00e9dition en Patagonie avec Croisi\u00e8re Australis.\" \/>\n<meta name=\"robots\" content=\"index, follow, max-snippet:-1, max-image-preview:large, max-video-preview:-1\" \/>\n<link rel=\"canonical\" href=\"https:\/\/www.australis.com\/fr\/declaration-honneur\/\" \/>\n<meta property=\"og:locale\" content=\"fr_FR\" \/>\n<meta property=\"og:type\" content=\"article\" \/>\n<meta property=\"og:title\" content=\"D\u00e9claration sur l&#039;honneur | Croisi\u00e8res Australis\" \/>\n<meta property=\"og:description\" content=\"T\u00e9l\u00e9chargez et remplissez le document requis pour votre croisi\u00e8re d&#039;exp\u00e9dition en Patagonie avec Croisi\u00e8re Australis.\" \/>\n<meta property=\"og:url\" content=\"https:\/\/www.australis.com\/fr\/declaration-honneur\/\" \/>\n<meta property=\"og:site_name\" content=\"Croisi\u00e8res Australis en Patagonie\" \/>\n<meta property=\"article:modified_time\" content=\"2025-05-20T20:26:29+00:00\" \/>\n<meta property=\"og:image\" content=\"https:\/\/www.australis.com\/fr\/wp-content\/uploads\/sites\/5\/2025\/02\/AU_feature-image_web.jpg\" \/>\n\t<meta property=\"og:image:width\" content=\"1080\" \/>\n\t<meta property=\"og:image:height\" content=\"562\" \/>\n\t<meta property=\"og:image:type\" content=\"image\/jpeg\" \/>\n<meta name=\"twitter:card\" content=\"summary_large_image\" \/>\n<meta name=\"twitter:label1\" content=\"Dur\u00e9e de lecture estim\u00e9e\" \/>\n\t<meta name=\"twitter:data1\" content=\"1 minute\" \/>\n<script type=\"application\/ld+json\" class=\"yoast-schema-graph\">{\"@context\":\"https:\/\/schema.org\",\"@graph\":[{\"@type\":\"WebPage\",\"@id\":\"https:\/\/www.australis.com\/fr\/declaration-honneur\/\",\"url\":\"https:\/\/www.australis.com\/fr\/declaration-honneur\/\",\"name\":\"D\u00e9claration sur l'honneur | Croisi\u00e8res Australis\",\"isPartOf\":{\"@id\":\"https:\/\/www.australis.com\/fr\/#website\"},\"primaryImageOfPage\":{\"@id\":\"https:\/\/www.australis.com\/fr\/declaration-honneur\/#primaryimage\"},\"image\":{\"@id\":\"https:\/\/www.australis.com\/fr\/declaration-honneur\/#primaryimage\"},\"thumbnailUrl\":\"https:\/\/www.australis.com\/fr\/wp-content\/uploads\/sites\/5\/2025\/02\/AU_feature-image_web.jpg\",\"datePublished\":\"2025-02-05T12:18:05+00:00\",\"dateModified\":\"2025-05-20T20:26:29+00:00\",\"description\":\"T\u00e9l\u00e9chargez et remplissez le document requis pour votre croisi\u00e8re d'exp\u00e9dition en Patagonie avec Croisi\u00e8re Australis.\",\"breadcrumb\":{\"@id\":\"https:\/\/www.australis.com\/fr\/declaration-honneur\/#breadcrumb\"},\"inLanguage\":\"fr-FR\",\"potentialAction\":[{\"@type\":\"ReadAction\",\"target\":[\"https:\/\/www.australis.com\/fr\/declaration-honneur\/\"]}]},{\"@type\":\"ImageObject\",\"inLanguage\":\"fr-FR\",\"@id\":\"https:\/\/www.australis.com\/fr\/declaration-honneur\/#primaryimage\",\"url\":\"https:\/\/www.australis.com\/fr\/wp-content\/uploads\/sites\/5\/2025\/02\/AU_feature-image_web.jpg\",\"contentUrl\":\"https:\/\/www.australis.com\/fr\/wp-content\/uploads\/sites\/5\/2025\/02\/AU_feature-image_web.jpg\",\"width\":1080,\"height\":562},{\"@type\":\"BreadcrumbList\",\"@id\":\"https:\/\/www.australis.com\/fr\/declaration-honneur\/#breadcrumb\",\"itemListElement\":[{\"@type\":\"ListItem\",\"position\":1,\"name\":\"Home\",\"item\":\"https:\/\/www.australis.com\/fr\/\"},{\"@type\":\"ListItem\",\"position\":2,\"name\":\"D\u00e9clatation sur l\u2019honneur\"}]},{\"@type\":\"WebSite\",\"@id\":\"https:\/\/www.australis.com\/fr\/#website\",\"url\":\"https:\/\/www.australis.com\/fr\/\",\"name\":\"Croisi\u00e8res Australis en Patagonie\",\"description\":\"Vivez une exp\u00e9rience unique en naviguant \u00e0 travers les fjords chiliens et en explorant des glaciers recul\u00e9s.\",\"potentialAction\":[{\"@type\":\"SearchAction\",\"target\":{\"@type\":\"EntryPoint\",\"urlTemplate\":\"https:\/\/www.australis.com\/fr\/?s={search_term_string}\"},\"query-input\":{\"@type\":\"PropertyValueSpecification\",\"valueRequired\":true,\"valueName\":\"search_term_string\"}}],\"inLanguage\":\"fr-FR\"}]}<\/script>\n<!-- \/ Yoast SEO plugin. -->","yoast_head_json":{"title":"D\u00e9claration sur l'honneur | Croisi\u00e8res Australis","description":"T\u00e9l\u00e9chargez et remplissez le document requis pour votre croisi\u00e8re d'exp\u00e9dition en Patagonie avec Croisi\u00e8re Australis.","robots":{"index":"index","follow":"follow","max-snippet":"max-snippet:-1","max-image-preview":"max-image-preview:large","max-video-preview":"max-video-preview:-1"},"canonical":"https:\/\/www.australis.com\/fr\/declaration-honneur\/","og_locale":"fr_FR","og_type":"article","og_title":"D\u00e9claration sur l'honneur | Croisi\u00e8res Australis","og_description":"T\u00e9l\u00e9chargez et remplissez le document requis pour votre croisi\u00e8re d'exp\u00e9dition en Patagonie avec Croisi\u00e8re Australis.","og_url":"https:\/\/www.australis.com\/fr\/declaration-honneur\/","og_site_name":"Croisi\u00e8res Australis en Patagonie","article_modified_time":"2025-05-20T20:26:29+00:00","og_image":[{"width":1080,"height":562,"url":"https:\/\/www.australis.com\/fr\/wp-content\/uploads\/sites\/5\/2025\/02\/AU_feature-image_web.jpg","type":"image\/jpeg"}],"twitter_card":"summary_large_image","twitter_misc":{"Dur\u00e9e de lecture estim\u00e9e":"1 minute"},"schema":{"@context":"https:\/\/schema.org","@graph":[{"@type":"WebPage","@id":"https:\/\/www.australis.com\/fr\/declaration-honneur\/","url":"https:\/\/www.australis.com\/fr\/declaration-honneur\/","name":"D\u00e9claration sur l'honneur | Croisi\u00e8res Australis","isPartOf":{"@id":"https:\/\/www.australis.com\/fr\/#website"},"primaryImageOfPage":{"@id":"https:\/\/www.australis.com\/fr\/declaration-honneur\/#primaryimage"},"image":{"@id":"https:\/\/www.australis.com\/fr\/declaration-honneur\/#primaryimage"},"thumbnailUrl":"https:\/\/www.australis.com\/fr\/wp-content\/uploads\/sites\/5\/2025\/02\/AU_feature-image_web.jpg","datePublished":"2025-02-05T12:18:05+00:00","dateModified":"2025-05-20T20:26:29+00:00","description":"T\u00e9l\u00e9chargez et remplissez le document requis pour votre croisi\u00e8re d'exp\u00e9dition en Patagonie avec Croisi\u00e8re Australis.","breadcrumb":{"@id":"https:\/\/www.australis.com\/fr\/declaration-honneur\/#breadcrumb"},"inLanguage":"fr-FR","potentialAction":[{"@type":"ReadAction","target":["https:\/\/www.australis.com\/fr\/declaration-honneur\/"]}]},{"@type":"ImageObject","inLanguage":"fr-FR","@id":"https:\/\/www.australis.com\/fr\/declaration-honneur\/#primaryimage","url":"https:\/\/www.australis.com\/fr\/wp-content\/uploads\/sites\/5\/2025\/02\/AU_feature-image_web.jpg","contentUrl":"https:\/\/www.australis.com\/fr\/wp-content\/uploads\/sites\/5\/2025\/02\/AU_feature-image_web.jpg","width":1080,"height":562},{"@type":"BreadcrumbList","@id":"https:\/\/www.australis.com\/fr\/declaration-honneur\/#breadcrumb","itemListElement":[{"@type":"ListItem","position":1,"name":"Home","item":"https:\/\/www.australis.com\/fr\/"},{"@type":"ListItem","position":2,"name":"D\u00e9clatation sur l\u2019honneur"}]},{"@type":"WebSite","@id":"https:\/\/www.australis.com\/fr\/#website","url":"https:\/\/www.australis.com\/fr\/","name":"Croisi\u00e8res Australis en Patagonie","description":"Vivez une exp\u00e9rience unique en naviguant \u00e0 travers les fjords chiliens et en explorant des glaciers recul\u00e9s.","potentialAction":[{"@type":"SearchAction","target":{"@type":"EntryPoint","urlTemplate":"https:\/\/www.australis.com\/fr\/?s={search_term_string}"},"query-input":{"@type":"PropertyValueSpecification","valueRequired":true,"valueName":"search_term_string"}}],"inLanguage":"fr-FR"}]}},"_links":{"self":[{"href":"https:\/\/www.australis.com\/fr\/wp-json\/wp\/v2\/pages\/2829","targetHints":{"allow":["GET"]}}],"collection":[{"href":"https:\/\/www.australis.com\/fr\/wp-json\/wp\/v2\/pages"}],"about":[{"href":"https:\/\/www.australis.com\/fr\/wp-json\/wp\/v2\/types\/page"}],"author":[{"embeddable":true,"href":"https:\/\/www.australis.com\/fr\/wp-json\/wp\/v2\/users\/1"}],"replies":[{"embeddable":true,"href":"https:\/\/www.australis.com\/fr\/wp-json\/wp\/v2\/comments?post=2829"}],"version-history":[{"count":28,"href":"https:\/\/www.australis.com\/fr\/wp-json\/wp\/v2\/pages\/2829\/revisions"}],"predecessor-version":[{"id":4266,"href":"https:\/\/www.australis.com\/fr\/wp-json\/wp\/v2\/pages\/2829\/revisions\/4266"}],"wp:featuredmedia":[{"embeddable":true,"href":"https:\/\/www.australis.com\/fr\/wp-json\/wp\/v2\/media\/3784"}],"wp:attachment":[{"href":"https:\/\/www.australis.com\/fr\/wp-json\/wp\/v2\/media?parent=2829"}],"curies":[{"name":"wp","href":"https:\/\/api.w.org\/{rel}","templated":true}]}}