{"id":2811,"date":"2025-02-04T21:56:01","date_gmt":"2025-02-04T21:56:01","guid":{"rendered":"https:\/\/qa-aws.australis.com\/?page_id=2811"},"modified":"2025-05-14T15:32:03","modified_gmt":"2025-05-14T15:32:03","slug":"politiques-cookies","status":"publish","type":"page","link":"https:\/\/www.australis.com\/fr\/politiques-cookies\/","title":{"rendered":"Politiques de cookies"},"content":{"rendered":"\n<span class=\"wp-block-australis-bp-spacer bp-spacer\" style=\"--_spacer-desktop-top:0;--_spacer-desktop-bot:160;--_spacer-mobile-top:0;--_spacer-mobile-bot:120\" id=\"bp-spacer\" aria-hidden=\"true\"><\/span>\n\n\n\n<section class=\"wp-block-australis-bp-container alignleft container  title-with-paragraph\" id=\"\" data-name=\"\" style=\"color:var(--crema-secondary)\">\n<section class=\"wp-block-australis-bp-row row center middle mobile-center mobile-middle row-txt-box is-style-fixed\" style=\"--row-desktop-gap:46rem;--row-mobile-gap:0rem\">\n<div class=\"wp-block-columns is-not-stacked-on-mobile is-layout-flex wp-container-core-columns-is-layout-9d6595d7 wp-block-columns-is-layout-flex\">\n<div class=\"wp-block-column is-layout-flow wp-block-column-is-layout-flow\" style=\"flex-basis:100%\">\n<h2 class=\"wp-block-heading has-text-align-left has-xl-font-size\">Politiques de cookies<\/h2>\n\n\n\n<p class=\"has-text-align-left has-l-font-size has-xs-font-size\">L&rsquo;acc\u00e8s \u00e0 ce site web peut impliquer l&rsquo;utilisation de cookies. Les cookies sont de petites quantit\u00e9s d&rsquo;informations stock\u00e9es par le navigateur de chaque utilisateur (sur diff\u00e9rents appareils) afin que le serveur les m\u00e9morise et les utilise ult\u00e9rieurement. Les cookies facilitent la navigation, la rendent plus conviviale et n&rsquo;endommagent pas l&rsquo;appareil.<br><br>Les cookies sont des proc\u00e9dures automatiques utilis\u00e9es pour recueillir des informations sur les pr\u00e9f\u00e9rences des utilisateurs lors de leur visite sur le site web. Ils permettent de les reconna\u00eetre comme visiteurs r\u00e9currents et de personnaliser leur exp\u00e9rience et leur utilisation du site. Ils peuvent \u00e9galement contribuer \u00e0 identifier et \u00e0 r\u00e9soudre les erreurs.<br><br>Les informations collect\u00e9es par les cookies peuvent inclure la date et l&rsquo;heure de la visite sur le site web, les pages consult\u00e9es, le temps pass\u00e9 sur le site web et les sites visit\u00e9s imm\u00e9diatement avant et apr\u00e8s. Cependant, les cookies ne peuvent pas contacter l&rsquo;utilisateur par t\u00e9l\u00e9phone ni par tout autre moyen de contact personnel. Ils ne peuvent pas extraire d&rsquo;informations du disque dur de l&rsquo;utilisateur ni voler d&rsquo;informations personnelles. Les informations personnelles de l&rsquo;utilisateur ne peuvent \u00eatre enregistr\u00e9es dans un cookie que si l&rsquo;utilisateur les a personnellement fournies au serveur.<\/p>\n\n\n\n<p class=\"has-text-align-left has-l-font-size has-xs-font-size\"><\/p>\n\n\n\n<p class=\"has-s-font-size\"><\/p>\n\n\n\n<p class=\"has-text-align-left has-l-font-size has-s-font-size\">Les cookies permettant d&rsquo;identifier une personne sont consid\u00e9r\u00e9s comme des donn\u00e9es personnelles. Ils sont donc r\u00e9gis par la Politique de confidentialit\u00e9 pr\u00e9c\u00e9dente. \u00c0 ce titre, leur utilisation requiert l&rsquo;autorisation de l&rsquo;utilisateur. Cette autorisation sera effective par un choix authentique, exprim\u00e9 par une d\u00e9cision affirmative et positive, et pr\u00e9alable au traitement initial, document\u00e9 et supprimable des informations.<br><br>Nos cookies<\/p>\n\n\n\n<p class=\"has-text-align-left has-l-font-size has-s-font-size\"><br>Il s&rsquo;agit de cookies d\u00e9pos\u00e9s sur l&rsquo;ordinateur ou l&rsquo;appareil de l&rsquo;Utilisateur et g\u00e9r\u00e9s exclusivement par Australis.com pour optimiser les performances du site web. Les informations collect\u00e9es servent \u00e0 am\u00e9liorer la qualit\u00e9 du site web, son contenu et votre exp\u00e9rience utilisateur. Ces cookies permettent de reconna\u00eetre les Utilisateurs comme visiteurs r\u00e9currents et d&rsquo;adapter le contenu \u00e0 leurs pr\u00e9f\u00e9rences.<br><br>Les entit\u00e9s charg\u00e9es de fournir des cookies peuvent c\u00e9der ces informations \u00e0 des tiers si la loi l&rsquo;exige, ou lorsqu&rsquo;un tiers est charg\u00e9 de traiter ces informations pour ces entit\u00e9s.<br><br>Cookies des r\u00e9seaux sociaux<br><\/p>\n\n\n\n<p class=\"has-text-align-left has-l-font-size has-s-font-size\">Australis.com utilise des plugins de r\u00e9seaux sociaux permettant de se connecter via le site web. De ce fait, des cookies de r\u00e9seaux sociaux peuvent \u00eatre stock\u00e9s dans le navigateur de l&rsquo;utilisateur. Les propri\u00e9taires de ces pages de r\u00e9seaux sociaux disposent de leurs propres politiques de protection des donn\u00e9es et de cookies, et sont responsables de leurs fichiers et pratiques de confidentialit\u00e9. Les utilisateurs doivent contacter ces pages de r\u00e9seaux sociaux pour obtenir des informations sur leurs cookies et sur le traitement de leurs donn\u00e9es personnelles, le cas \u00e9ch\u00e9ant.<\/p>\n\n\n\n<p class=\"has-text-align-left has-l-font-size has-xs-font-size\"><br>D\u00e9sactiver, refuser et supprimer les cookies<\/p>\n\n\n\n<p class=\"has-text-align-left has-l-font-size has-xs-font-size\"><br>Les utilisateurs peuvent d\u00e9sactiver, refuser et supprimer tout ou partie des cookies install\u00e9s sur leur appareil dans les param\u00e8tres de leur navigateur (tel que Chrome, Firefox, Safari, Explorer). Les proc\u00e9dures de refus et de suppression des cookies peuvent varier d&rsquo;un navigateur \u00e0 l&rsquo;autre. Par cons\u00e9quent, les utilisateurs doivent lire les instructions fournies par chaque navigateur web. Si l&rsquo;utilisation des cookies est refus\u00e9e, en tout ou partie, les utilisateurs peuvent continuer \u00e0 utiliser le site web, m\u00eame si certaines de ses fonctionnalit\u00e9s peuvent \u00eatre limit\u00e9es.<br><br>III. ACCEPTATION ET MODIFICATIONS DE CETTE POLITIQUE DE CONFIDENTIALIT\u00c9<\/p>\n\n\n\n<p class=\"has-text-align-left has-l-font-size has-xs-font-size\"><br>Les utilisateurs doivent lire et accepter les conditions relatives \u00e0 la protection des donn\u00e9es personnelles contenues dans la pr\u00e9sente Politique de confidentialit\u00e9 et de cookies, ainsi que le traitement de leurs donn\u00e9es personnelles par le Responsable du traitement afin que celui-ci puisse se d\u00e9rouler conform\u00e9ment aux d\u00e9lais et aux finalit\u00e9s \u00e9tablis. L&rsquo;utilisation du site web implique l&rsquo;acceptation de sa Politique de confidentialit\u00e9 et de cookies.<br><br>Australis.com se r\u00e9serve le droit de modifier sa Politique de confidentialit\u00e9 et de cookies si elle le juge opportun ou en raison de modifications de la r\u00e9glementation applicable, de la jurisprudence ou de la doctrine de l&rsquo;Agence espagnole de protection des donn\u00e9es. L&rsquo;Utilisateur sera inform\u00e9 explicitement de toute modification ou mise \u00e0 jour de cette Politique de confidentialit\u00e9 et de cookies.<br><br>Cette politique de confidentialit\u00e9 et de cookies a \u00e9t\u00e9 mise \u00e0 jour le 24 mai 2018 conform\u00e9ment au r\u00e8glement UE 2016\/679 du Parlement europ\u00e9en et du Conseil, du 27 avril 2016, relatif \u00e0 la protection des personnes physiques \u00e0 l&rsquo;\u00e9gard du traitement des informations \u00e0 caract\u00e8re personnel et \u00e0 la libre circulation de ces informations (RGPD).<\/p>\n<\/div>\n<\/div>\n<\/section>\n<\/section>\n\n\n\n<p><\/p>\n\n\n\n<span class=\"wp-block-australis-bp-spacer bp-spacer\" style=\"--_spacer-desktop-top:0;--_spacer-desktop-bot:200;--_spacer-mobile-top:0;--_spacer-mobile-bot:120\" id=\"bp-spacer\" aria-hidden=\"true\"><\/span>\n","protected":false},"excerpt":{"rendered":"","protected":false},"author":1,"featured_media":3784,"parent":0,"menu_order":0,"comment_status":"closed","ping_status":"closed","template":"","meta":{"_acf_changed":false,"footnotes":""},"class_list":["post-2811","page","type-page","status-publish","has-post-thumbnail","hentry"],"acf":[],"yoast_head":"<!-- This site is optimized with the Yoast SEO plugin v26.3 - https:\/\/yoast.com\/wordpress\/plugins\/seo\/ -->\n<title>Politique de cookies de Croisi\u00e8re Australis<\/title>\n<meta name=\"description\" content=\"Politiques en mati\u00e8re de cookies et informations sur la collecte de donn\u00e9es par Croisi\u00e8re Australis et vos pr\u00e9f\u00e9rences de confidentialit\u00e9.\" \/>\n<meta name=\"robots\" content=\"index, follow, max-snippet:-1, max-image-preview:large, max-video-preview:-1\" \/>\n<link rel=\"canonical\" href=\"https:\/\/www.australis.com\/fr\/politiques-cookies\/\" \/>\n<meta property=\"og:locale\" content=\"fr_FR\" \/>\n<meta property=\"og:type\" content=\"article\" \/>\n<meta property=\"og:title\" content=\"Politique de cookies de Croisi\u00e8re Australis\" \/>\n<meta property=\"og:description\" content=\"Politiques en mati\u00e8re de cookies et informations sur la collecte de donn\u00e9es par Croisi\u00e8re Australis et vos pr\u00e9f\u00e9rences de confidentialit\u00e9.\" \/>\n<meta property=\"og:url\" content=\"https:\/\/www.australis.com\/fr\/politiques-cookies\/\" \/>\n<meta property=\"og:site_name\" content=\"Croisi\u00e8res Australis en Patagonie\" \/>\n<meta property=\"article:modified_time\" content=\"2025-05-14T15:32:03+00:00\" \/>\n<meta property=\"og:image\" content=\"https:\/\/www.australis.com\/fr\/wp-content\/uploads\/sites\/5\/2025\/02\/AU_feature-image_web.jpg\" \/>\n\t<meta property=\"og:image:width\" content=\"1080\" \/>\n\t<meta property=\"og:image:height\" content=\"562\" \/>\n\t<meta property=\"og:image:type\" content=\"image\/jpeg\" \/>\n<meta name=\"twitter:card\" content=\"summary_large_image\" \/>\n<meta name=\"twitter:label1\" content=\"Dur\u00e9e de lecture estim\u00e9e\" \/>\n\t<meta name=\"twitter:data1\" content=\"4 minutes\" \/>\n<script type=\"application\/ld+json\" class=\"yoast-schema-graph\">{\"@context\":\"https:\/\/schema.org\",\"@graph\":[{\"@type\":\"WebPage\",\"@id\":\"https:\/\/www.australis.com\/fr\/politiques-cookies\/\",\"url\":\"https:\/\/www.australis.com\/fr\/politiques-cookies\/\",\"name\":\"Politique de cookies de Croisi\u00e8re Australis\",\"isPartOf\":{\"@id\":\"https:\/\/www.australis.com\/fr\/#website\"},\"primaryImageOfPage\":{\"@id\":\"https:\/\/www.australis.com\/fr\/politiques-cookies\/#primaryimage\"},\"image\":{\"@id\":\"https:\/\/www.australis.com\/fr\/politiques-cookies\/#primaryimage\"},\"thumbnailUrl\":\"https:\/\/www.australis.com\/fr\/wp-content\/uploads\/sites\/5\/2025\/02\/AU_feature-image_web.jpg\",\"datePublished\":\"2025-02-04T21:56:01+00:00\",\"dateModified\":\"2025-05-14T15:32:03+00:00\",\"description\":\"Politiques en mati\u00e8re de cookies et informations sur la collecte de donn\u00e9es par Croisi\u00e8re Australis et vos pr\u00e9f\u00e9rences de confidentialit\u00e9.\",\"breadcrumb\":{\"@id\":\"https:\/\/www.australis.com\/fr\/politiques-cookies\/#breadcrumb\"},\"inLanguage\":\"fr-FR\",\"potentialAction\":[{\"@type\":\"ReadAction\",\"target\":[\"https:\/\/www.australis.com\/fr\/politiques-cookies\/\"]}]},{\"@type\":\"ImageObject\",\"inLanguage\":\"fr-FR\",\"@id\":\"https:\/\/www.australis.com\/fr\/politiques-cookies\/#primaryimage\",\"url\":\"https:\/\/www.australis.com\/fr\/wp-content\/uploads\/sites\/5\/2025\/02\/AU_feature-image_web.jpg\",\"contentUrl\":\"https:\/\/www.australis.com\/fr\/wp-content\/uploads\/sites\/5\/2025\/02\/AU_feature-image_web.jpg\",\"width\":1080,\"height\":562},{\"@type\":\"BreadcrumbList\",\"@id\":\"https:\/\/www.australis.com\/fr\/politiques-cookies\/#breadcrumb\",\"itemListElement\":[{\"@type\":\"ListItem\",\"position\":1,\"name\":\"Home\",\"item\":\"https:\/\/www.australis.com\/fr\/\"},{\"@type\":\"ListItem\",\"position\":2,\"name\":\"Politiques de cookies\"}]},{\"@type\":\"WebSite\",\"@id\":\"https:\/\/www.australis.com\/fr\/#website\",\"url\":\"https:\/\/www.australis.com\/fr\/\",\"name\":\"Croisi\u00e8res Australis en Patagonie\",\"description\":\"Vivez une exp\u00e9rience unique en naviguant \u00e0 travers les fjords chiliens et en explorant des glaciers recul\u00e9s.\",\"potentialAction\":[{\"@type\":\"SearchAction\",\"target\":{\"@type\":\"EntryPoint\",\"urlTemplate\":\"https:\/\/www.australis.com\/fr\/?s={search_term_string}\"},\"query-input\":{\"@type\":\"PropertyValueSpecification\",\"valueRequired\":true,\"valueName\":\"search_term_string\"}}],\"inLanguage\":\"fr-FR\"}]}<\/script>\n<!-- \/ Yoast SEO plugin. -->","yoast_head_json":{"title":"Politique de cookies de Croisi\u00e8re Australis","description":"Politiques en mati\u00e8re de cookies et informations sur la collecte de donn\u00e9es par Croisi\u00e8re Australis et vos pr\u00e9f\u00e9rences de confidentialit\u00e9.","robots":{"index":"index","follow":"follow","max-snippet":"max-snippet:-1","max-image-preview":"max-image-preview:large","max-video-preview":"max-video-preview:-1"},"canonical":"https:\/\/www.australis.com\/fr\/politiques-cookies\/","og_locale":"fr_FR","og_type":"article","og_title":"Politique de cookies de Croisi\u00e8re Australis","og_description":"Politiques en mati\u00e8re de cookies et informations sur la collecte de donn\u00e9es par Croisi\u00e8re Australis et vos pr\u00e9f\u00e9rences de confidentialit\u00e9.","og_url":"https:\/\/www.australis.com\/fr\/politiques-cookies\/","og_site_name":"Croisi\u00e8res Australis en Patagonie","article_modified_time":"2025-05-14T15:32:03+00:00","og_image":[{"width":1080,"height":562,"url":"https:\/\/www.australis.com\/fr\/wp-content\/uploads\/sites\/5\/2025\/02\/AU_feature-image_web.jpg","type":"image\/jpeg"}],"twitter_card":"summary_large_image","twitter_misc":{"Dur\u00e9e de lecture estim\u00e9e":"4 minutes"},"schema":{"@context":"https:\/\/schema.org","@graph":[{"@type":"WebPage","@id":"https:\/\/www.australis.com\/fr\/politiques-cookies\/","url":"https:\/\/www.australis.com\/fr\/politiques-cookies\/","name":"Politique de cookies de Croisi\u00e8re Australis","isPartOf":{"@id":"https:\/\/www.australis.com\/fr\/#website"},"primaryImageOfPage":{"@id":"https:\/\/www.australis.com\/fr\/politiques-cookies\/#primaryimage"},"image":{"@id":"https:\/\/www.australis.com\/fr\/politiques-cookies\/#primaryimage"},"thumbnailUrl":"https:\/\/www.australis.com\/fr\/wp-content\/uploads\/sites\/5\/2025\/02\/AU_feature-image_web.jpg","datePublished":"2025-02-04T21:56:01+00:00","dateModified":"2025-05-14T15:32:03+00:00","description":"Politiques en mati\u00e8re de cookies et informations sur la collecte de donn\u00e9es par Croisi\u00e8re Australis et vos pr\u00e9f\u00e9rences de confidentialit\u00e9.","breadcrumb":{"@id":"https:\/\/www.australis.com\/fr\/politiques-cookies\/#breadcrumb"},"inLanguage":"fr-FR","potentialAction":[{"@type":"ReadAction","target":["https:\/\/www.australis.com\/fr\/politiques-cookies\/"]}]},{"@type":"ImageObject","inLanguage":"fr-FR","@id":"https:\/\/www.australis.com\/fr\/politiques-cookies\/#primaryimage","url":"https:\/\/www.australis.com\/fr\/wp-content\/uploads\/sites\/5\/2025\/02\/AU_feature-image_web.jpg","contentUrl":"https:\/\/www.australis.com\/fr\/wp-content\/uploads\/sites\/5\/2025\/02\/AU_feature-image_web.jpg","width":1080,"height":562},{"@type":"BreadcrumbList","@id":"https:\/\/www.australis.com\/fr\/politiques-cookies\/#breadcrumb","itemListElement":[{"@type":"ListItem","position":1,"name":"Home","item":"https:\/\/www.australis.com\/fr\/"},{"@type":"ListItem","position":2,"name":"Politiques de cookies"}]},{"@type":"WebSite","@id":"https:\/\/www.australis.com\/fr\/#website","url":"https:\/\/www.australis.com\/fr\/","name":"Croisi\u00e8res Australis en Patagonie","description":"Vivez une exp\u00e9rience unique en naviguant \u00e0 travers les fjords chiliens et en explorant des glaciers recul\u00e9s.","potentialAction":[{"@type":"SearchAction","target":{"@type":"EntryPoint","urlTemplate":"https:\/\/www.australis.com\/fr\/?s={search_term_string}"},"query-input":{"@type":"PropertyValueSpecification","valueRequired":true,"valueName":"search_term_string"}}],"inLanguage":"fr-FR"}]}},"_links":{"self":[{"href":"https:\/\/www.australis.com\/fr\/wp-json\/wp\/v2\/pages\/2811","targetHints":{"allow":["GET"]}}],"collection":[{"href":"https:\/\/www.australis.com\/fr\/wp-json\/wp\/v2\/pages"}],"about":[{"href":"https:\/\/www.australis.com\/fr\/wp-json\/wp\/v2\/types\/page"}],"author":[{"embeddable":true,"href":"https:\/\/www.australis.com\/fr\/wp-json\/wp\/v2\/users\/1"}],"replies":[{"embeddable":true,"href":"https:\/\/www.australis.com\/fr\/wp-json\/wp\/v2\/comments?post=2811"}],"version-history":[{"count":20,"href":"https:\/\/www.australis.com\/fr\/wp-json\/wp\/v2\/pages\/2811\/revisions"}],"predecessor-version":[{"id":4026,"href":"https:\/\/www.australis.com\/fr\/wp-json\/wp\/v2\/pages\/2811\/revisions\/4026"}],"wp:featuredmedia":[{"embeddable":true,"href":"https:\/\/www.australis.com\/fr\/wp-json\/wp\/v2\/media\/3784"}],"wp:attachment":[{"href":"https:\/\/www.australis.com\/fr\/wp-json\/wp\/v2\/media?parent=2811"}],"curies":[{"name":"wp","href":"https:\/\/api.w.org\/{rel}","templated":true}]}}