{"id":31,"date":"2024-09-25T20:49:46","date_gmt":"2024-09-25T20:49:46","guid":{"rendered":"https:\/\/qa-aws.australis.com\/?page_id=31"},"modified":"2025-05-28T13:26:58","modified_gmt":"2025-05-28T13:26:58","slug":"contacto","status":"publish","type":"page","link":"https:\/\/www.australis.com\/es-es\/contacto\/","title":{"rendered":"Contacto"},"content":{"rendered":"\n<span class=\"wp-block-australis-bp-spacer bp-spacer\" style=\"--_spacer-desktop-top:0;--_spacer-desktop-bot:120;--_spacer-mobile-top:0;--_spacer-mobile-bot:120\" id=\"bp-spacer\" aria-hidden=\"true\"><\/span>\n\n\n\n<section class=\"wp-block-australis-bp-container container  contact-form\" id=\"\" data-name=\"\" style=\"background-color:var(--azul);--background-color:var(--azul);color:var(--crema-fondo)\">\n<section class=\"wp-block-australis-bp-row row left middle mobile-center mobile-middle is-style-fixed\" style=\"--row-desktop-gap:0rem;--row-mobile-gap:0rem\">\n<div class=\"wp-block-columns is-layout-flex wp-container-core-columns-is-layout-9d6595d7 wp-block-columns-is-layout-flex\">\n<div class=\"wp-block-column title-box is-layout-flow wp-block-column-is-layout-flow\">\n<h1 class=\"wp-block-heading has-l-font-size\">Emb\u00e1rcate en un viaje a la Patagonia con Australis:<\/h1>\n<\/div>\n<\/div>\n<\/section>\n\n\n\n<section class=\"wp-block-australis-bp-row row between start mobile-center mobile-middle is-style-fixed\" style=\"--row-desktop-gap:0rem;--row-mobile-gap:0rem\">\n<div class=\"wp-block-columns is-layout-flex wp-container-core-columns-is-layout-9d6595d7 wp-block-columns-is-layout-flex\">\n<div class=\"wp-block-column form-box is-layout-flow wp-block-column-is-layout-flow\" style=\"flex-basis:60%\">\n<script charset=\"utf-8\" type=\"text\/javascript\" src=\"\/\/js.hsforms.net\/forms\/embed\/v2.js\"><\/script>\n<script>\n  hbspt.forms.create({\n    portalId: \"1822104\",\n    formId: \"a9318429-d555-43f7-b2ea-1bd5b72396f3\",\n    region: \"na1\"\n  });\n<\/script>\n<\/div>\n\n\n\n<div class=\"wp-block-column information-box is-layout-flow wp-block-column-is-layout-flow\" style=\"flex-basis:33%\">\n<h3 class=\"wp-block-heading has-s-font-size\" style=\"text-transform:capitalize\">Oficinas comerciales<\/h3>\n\n\n\n<div class=\"wp-block-group\"><div class=\"wp-block-group__inner-container is-layout-constrained wp-block-group-is-layout-constrained\">\n<h3 class=\"wp-block-heading has-s-font-size\" style=\"text-transform:capitalize\">Chile<\/h3>\n\n\n\n<div class=\"wp-block-buttons is-vertical is-layout-flex wp-container-core-buttons-is-layout-8cf370e7 wp-block-buttons-is-layout-flex\">\n<div class=\"wp-block-button\"><a class=\"wp-block-button__link has-cream-color has-darker-blue-background-color has-text-color has-background has-link-color wp-element-button\" href=\"tel:56227971000\" target=\"_blank\" rel=\"noreferrer noopener\"><img decoding=\"async\" class=\"wp-image-979\" style=\"width: 18px;\" src=\"https:\/\/www.australis.com\/wp-content\/uploads\/2025\/01\/icon-phone.svg\" alt=\"\">+56 22 797 1000<\/a><\/div>\n\n\n\n<div class=\"wp-block-button\"><a class=\"wp-block-button__link has-cream-color has-darker-blue-background-color has-text-color has-background has-link-color wp-element-button\" href=\"mailto:sales@australis.com\" target=\"_blank\" rel=\"noreferrer noopener\"><img decoding=\"async\" class=\"wp-image-978\" style=\"width: 20px;\" src=\"https:\/\/www.australis.com\/wp-content\/uploads\/2025\/01\/icon-email.svg\" alt=\"\">sales@australis.com<\/a><\/div>\n<\/div>\n<\/div><\/div>\n\n\n\n<div class=\"wp-block-group\"><div class=\"wp-block-group__inner-container is-layout-constrained wp-block-group-is-layout-constrained\">\n<h3 class=\"wp-block-heading has-s-font-size\" style=\"text-transform:capitalize\">Europa<\/h3>\n\n\n\n<div class=\"wp-block-buttons is-vertical is-layout-flex wp-container-core-buttons-is-layout-8cf370e7 wp-block-buttons-is-layout-flex\">\n<div class=\"wp-block-button\"><a class=\"wp-block-button__link has-cream-color has-darker-blue-background-color has-text-color has-background has-link-color wp-element-button\" href=\"tel:34934970484\" target=\"_blank\" rel=\"noreferrer noopener\"><img decoding=\"async\" class=\"wp-image-979\" style=\"width: 18px;\" src=\"https:\/\/www.australis.com\/wp-content\/uploads\/2025\/01\/icon-phone.svg\" alt=\"\">+34 93 497 0484<\/a><\/div>\n\n\n\n<div class=\"wp-block-button\"><a class=\"wp-block-button__link has-cream-color has-darker-blue-background-color has-text-color has-background has-link-color wp-element-button\" href=\"mailto:europe@australis.com\" target=\"_blank\" rel=\"noreferrer noopener\"><img decoding=\"async\" class=\"wp-image-978\" style=\"width: 20px;\" src=\"https:\/\/www.australis.com\/wp-content\/uploads\/2025\/01\/icon-email.svg\" alt=\"\">europe@australis.com<\/a><\/div>\n<\/div>\n<\/div><\/div>\n\n\n\n<div class=\"wp-block-group\"><div class=\"wp-block-group__inner-container is-layout-constrained wp-block-group-is-layout-constrained\">\n<h3 class=\"wp-block-heading has-s-font-size\" style=\"text-transform:capitalize\">Estados Unidos<\/h3>\n\n\n\n<div class=\"wp-block-buttons is-vertical is-layout-flex wp-container-core-buttons-is-layout-8cf370e7 wp-block-buttons-is-layout-flex\">\n<div class=\"wp-block-button\"><a class=\"wp-block-button__link has-cream-color has-darker-blue-background-color has-text-color has-background has-link-color wp-element-button\" href=\"tel:18007430119\" target=\"_blank\" rel=\"noreferrer noopener\"><img decoding=\"async\" class=\"wp-image-979\" style=\"width: 18px;\" src=\"https:\/\/www.australis.com\/wp-content\/uploads\/2025\/01\/icon-phone.svg\" alt=\"\">+1 800 743 0119<\/a><\/div>\n\n\n\n<div class=\"wp-block-button\"><a class=\"wp-block-button__link has-cream-color has-darker-blue-background-color has-text-color has-background has-link-color wp-element-button\" href=\"mailto:northamerica@australis.com\" target=\"_blank\" rel=\"noreferrer noopener\"><img decoding=\"async\" class=\"wp-image-978\" style=\"width: 20px;\" src=\"https:\/\/www.australis.com\/wp-content\/uploads\/2025\/01\/icon-email.svg\" alt=\"\">northamerica@australis.com<\/a><\/div>\n<\/div>\n<\/div><\/div>\n\n\n\n<div class=\"wp-block-group\"><div class=\"wp-block-group__inner-container is-layout-constrained wp-block-group-is-layout-constrained\">\n<h3 class=\"wp-block-heading has-s-font-size\" style=\"text-transform:capitalize\">Argentina<\/h3>\n\n\n\n<div class=\"wp-block-buttons is-vertical is-layout-flex wp-container-core-buttons-is-layout-8cf370e7 wp-block-buttons-is-layout-flex\">\n<div class=\"wp-block-button\"><a class=\"wp-block-button__link has-cream-color has-darker-blue-background-color has-text-color has-background has-link-color wp-element-button\" href=\"tel:541159839402\" target=\"_blank\" rel=\"noreferrer noopener\"><img decoding=\"async\" class=\"wp-image-979\" style=\"width: 18px;\" src=\"https:\/\/www.australis.com\/wp-content\/uploads\/2025\/01\/icon-phone.svg\" alt=\"\">+54 11 5983 9402<\/a><\/div>\n\n\n\n<div class=\"wp-block-button\"><a class=\"wp-block-button__link has-cream-color has-darker-blue-background-color has-text-color has-background has-link-color wp-element-button\" href=\"mailto:sales@australis.com\" target=\"_blank\" rel=\"noreferrer noopener\"><img decoding=\"async\" class=\"wp-image-978\" style=\"width: 20px;\" src=\"https:\/\/www.australis.com\/wp-content\/uploads\/2025\/01\/icon-email.svg\" alt=\"\">sales@australis.com<\/a><\/div>\n<\/div>\n<\/div><\/div>\n<\/div>\n<\/div>\n<\/section>\n<\/section>\n\n\n\n<span class=\"wp-block-australis-bp-spacer bp-spacer\" style=\"--_spacer-desktop-top:0;--_spacer-desktop-bot:120;--_spacer-mobile-top:0;--_spacer-mobile-bot:120\" id=\"bp-spacer\" aria-hidden=\"true\"><\/span>\n\n\n\n<section class=\"wp-block-australis-bp-container container  trust-section\" id=\"\" data-name=\"\" style=\"background-color:var(--azul);--background-color:var(--azul);color:var(--crema-fondo)\">\n<section class=\"wp-block-australis-bp-row row center middle mobile-center mobile-middle\" style=\"--row-desktop-gap:0rem;--row-mobile-gap:0rem\">\n<div class=\"wp-block-columns is-layout-flex wp-container-core-columns-is-layout-9d6595d7 wp-block-columns-is-layout-flex\">\n<div class=\"wp-block-column is-layout-flow wp-block-column-is-layout-flow\">\n<h2 class=\"wp-block-heading has-text-align-center title has-l-font-size\">Ellos conf\u00edan en nosotros!<\/h2>\n\n\n\n<div class=\"wp-block-australis-bp-slider row full-width bp-slider undefined articles-slider\"><div class=\"splide\" data-splide=\"{&quot;destroy&quot;:true,&quot;pagination&quot;:true,&quot;arrows&quot;:false,&quot;breakpoints&quot;:{&quot;960&quot;:{&quot;destroy&quot;:false}}}\"><div class=\"splide__track\"><ul class=\"splide__list\">\n<li class=\"wp-block-australis-bp-slide splide__slide\">\n<div aria-label=\"\" class=\"wp-block-australis-bp-group bp-group stack\" style=\"--_offset-custom-left-desktop:0rem;--_offset-custom-left-mobile:0rem;--_width-desktop:100%;--_width-mobile:100%;background-color:;color:\">\n<h2 class=\"wp-block-heading has-m-font-size\">Living Magazine<\/h2>\n\n\n\n<p class=\"has-xs-font-size\" style=\"text-transform:uppercase\">CHILE SIEMPRE SORPRENDENTE<\/p>\n\n\n\n<p class=\"has-s-font-size\">\u00ab Un viaje de cuatro d\u00edas al fin del mundo es todo lo que se necesita para un reset mental. Sin conexi\u00f3n, atendidos como reyes en un barco de lujo, navegando por fiordos donde la naturaleza es la gran anfitriona\u2026 \u00bb<\/p>\n\n\n\n<div class=\"wp-block-buttons is-layout-flex wp-block-buttons-is-layout-flex\">\n<div class=\"wp-block-button is-style-textlink\"><a class=\"wp-block-button__link wp-element-button\" href=\"https:\/\/www.australis.com\/es\/wp-content\/uploads\/sites\/3\/2025\/03\/Living_magazine_2024.pdf\" target=\"_blank\" rel=\"noreferrer noopener\">Seguir leyendo<\/a><\/div>\n<\/div>\n<\/div>\n<\/li>\n\n\n\n<li class=\"wp-block-australis-bp-slide splide__slide\">\n<div aria-label=\"\" class=\"wp-block-australis-bp-group bp-group stack\" style=\"--_offset-custom-left-desktop:0rem;--_offset-custom-left-mobile:0rem;--_width-desktop:100%;--_width-mobile:100%;background-color:;color:\">\n<h2 class=\"wp-block-heading has-m-font-size\">Revista Velvet<\/h2>\n\n\n\n<p class=\"has-xs-font-size\" style=\"text-transform:uppercase\">UN VIAJE AL FIN DEL MUNDO<\/p>\n\n\n\n<p class=\"has-s-font-size\">\u00ab Viajar a bordo del Australis es sumergirse en una experiencia que despierta todos los sentidos. Desde el primer momento, el paisaje imponente de la Patagonia se despliega ante los ojos, con\u2026 \u00bb<\/p>\n\n\n\n<div class=\"wp-block-buttons is-layout-flex wp-block-buttons-is-layout-flex\">\n<div class=\"wp-block-button is-style-textlink\"><a class=\"wp-block-button__link wp-element-button\" href=\"https:\/\/www.australis.com\/es\/wp-content\/uploads\/sites\/3\/2025\/03\/Revista-Velvet-agosto-2024.pdf\" target=\"_blank\" rel=\"noreferrer noopener\">Seguir leyendo<\/a><\/div>\n<\/div>\n<\/div>\n<\/li>\n\n\n\n<li class=\"wp-block-australis-bp-slide splide__slide\">\n<div aria-label=\"\" class=\"wp-block-australis-bp-group bp-group stack\" style=\"--_offset-custom-left-desktop:0rem;--_offset-custom-left-mobile:0rem;--_width-desktop:100%;--_width-mobile:100%;background-color:;color:\">\n<h2 class=\"wp-block-heading has-m-font-size\">Elle Novias<\/h2>\n\n\n\n<p class=\"has-xs-font-size\" style=\"text-transform:uppercase\">HASTA EL FIN DEL MUNDO<\/p>\n\n\n\n<p class=\"has-s-font-size\">\u00ab Vista de lejos, Ushuaia dormita a los pies de la cadena monta\u00f1osa argentina Martial como un pintoresco pueblo alpino. S\u00f3lo desde dentro se descubre que el enclave m\u00e1s al sur del sur del mundo es una cuadr\u00edcula\u2026 \u00bb<\/p>\n\n\n\n<div class=\"wp-block-buttons is-layout-flex wp-block-buttons-is-layout-flex\">\n<div class=\"wp-block-button is-style-textlink\"><a class=\"wp-block-button__link wp-element-button\" href=\"https:\/\/www.australis.com\/es\/wp-content\/uploads\/sites\/3\/2025\/03\/novias_fiordos_-ELLE.pdf\" target=\"_blank\" rel=\"noreferrer noopener\">Seguir leyendo<\/a><\/div>\n<\/div>\n<\/div>\n<\/li>\n<\/ul><\/div><nav class=\"splide__arrows\"><button class=\"splide__arrow splide__arrow--prev\"><i class=\"icon-slider-small-left\"><\/i><\/button><button class=\"splide__arrow splide__arrow--next\"><i class=\"icon-slider-small-rigth\"><\/i><\/button><\/nav><header class=\"col-36-36 slide-overlap\"><\/header><\/div><\/div>\n\n\n\n<div class=\"wp-block-australis-bp-slider row full-width bp-slider undefined testimonials-slider\"><div class=\"splide\" data-splide=\"{&quot;pagination&quot;:true,&quot;breakpoints&quot;:{&quot;960&quot;:{}}}\"><div class=\"splide__track\"><ul class=\"splide__list\">\n<li class=\"wp-block-australis-bp-slide splide__slide\">\n<div aria-label=\"\" class=\"wp-block-australis-bp-group bp-group stack\" style=\"--_offset-custom-left-desktop:0rem;--_offset-custom-left-mobile:0rem;--_width-desktop:100%;--_width-mobile:100%;background-color:;color:\">\n<p class=\"has-l-font-size\">\u00abEs una experiencia que hay que vivir al menos una vez en la vida\u201d. <br><\/p>\n\n\n\n<p class=\"has-xs-font-size\">Antonio, Espa\u00f1a. OctUBRE 2024, Pasajero Ventus Australis.<\/p>\n<\/div>\n<\/li>\n\n\n\n<li class=\"wp-block-australis-bp-slide splide__slide\">\n<div aria-label=\"\" class=\"wp-block-australis-bp-group bp-group stack\" style=\"--_offset-custom-left-desktop:0rem;--_offset-custom-left-mobile:0rem;--_width-desktop:100%;--_width-mobile:100%;background-color:;color:\">\n<p class=\"has-l-font-size\">\u201cUna experiencia maravillosa, a bordo de un barco acogedor y c\u00f3modo, con una organizaci\u00f3n impresionante, unas excursiones fant\u00e1sticas y una tripulaci\u00f3n amable y atenta. Gracias por todo, ha sido inolvidable.\u201d<br><\/p>\n\n\n\n<p class=\"has-xs-font-size\"> Pedro, Espa\u00f1a. DicIEMBRE 2024, Pasajero Stella Australis.<\/p>\n<\/div>\n<\/li>\n\n\n\n<li class=\"wp-block-australis-bp-slide splide__slide\">\n<div aria-label=\"\" class=\"wp-block-australis-bp-group bp-group stack\" style=\"--_offset-custom-left-desktop:0rem;--_offset-custom-left-mobile:0rem;--_width-desktop:100%;--_width-mobile:100%;background-color:;color:\">\n<p class=\"has-l-font-size\">\u00abUna experiencia \u00fanica en cuanto a visi\u00f3n de paisajes incomparables, con una delicadeza por preservar en lo posible el entorno y un trato muy amable por parte del personal\u201d.<br><\/p>\n\n\n\n<p class=\"has-xs-font-size\">Aurora, Espa\u00f1a, DicIEMBRE 2024, Stella Australis.<\/p>\n<\/div>\n<\/li>\n<\/ul><\/div><nav class=\"splide__arrows\"><button class=\"splide__arrow splide__arrow--prev\"><i class=\"icon-slider-small-left\"><\/i><\/button><button class=\"splide__arrow splide__arrow--next\"><i class=\"icon-slider-small-rigth\"><\/i><\/button><\/nav><header class=\"col-36-36 slide-overlap\"><\/header><\/div><\/div>\n\n\n\n<div style=\"height:100px\" aria-hidden=\"true\" class=\"wp-block-spacer\"><\/div>\n<\/div>\n<\/div>\n<\/section>\n<\/section>\n","protected":false},"excerpt":{"rendered":"","protected":false},"author":1,"featured_media":3784,"parent":0,"menu_order":10,"comment_status":"closed","ping_status":"closed","template":"templates\/standard-template.php","meta":{"_acf_changed":false,"footnotes":""},"class_list":["post-31","page","type-page","status-publish","has-post-thumbnail","hentry"],"acf":[],"yoast_head":"<!-- This site is optimized with the Yoast SEO plugin v26.3 - https:\/\/yoast.com\/wordpress\/plugins\/seo\/ -->\n<title>Contacto Australis | Reserva tu crucero por Chile y la Patagonia<\/title>\n<meta name=\"description\" content=\"Contacta con Australis para reservar tu crucero por los fiordos chilenos y recibir asesoramiento para organizar tu viaje a la Patagonia.\" \/>\n<meta name=\"robots\" content=\"index, follow, max-snippet:-1, max-image-preview:large, max-video-preview:-1\" \/>\n<link rel=\"canonical\" href=\"https:\/\/www.australis.com\/es-es\/contacto\/\" \/>\n<meta property=\"og:locale\" content=\"es_ES\" \/>\n<meta property=\"og:type\" content=\"article\" \/>\n<meta property=\"og:title\" content=\"Contacto Australis | Reserva tu crucero por Chile y la Patagonia\" \/>\n<meta property=\"og:description\" content=\"Contacta con Australis para reservar tu crucero por los fiordos chilenos y recibir asesoramiento para organizar tu viaje a la Patagonia.\" \/>\n<meta property=\"og:url\" content=\"https:\/\/www.australis.com\/es-es\/contacto\/\" \/>\n<meta property=\"og:site_name\" content=\"Cruceros Australis por la Patagonia \/ Europa\" \/>\n<meta property=\"article:modified_time\" content=\"2025-05-28T13:26:58+00:00\" \/>\n<meta name=\"twitter:card\" content=\"summary_large_image\" \/>\n<script type=\"application\/ld+json\" class=\"yoast-schema-graph\">{\"@context\":\"https:\/\/schema.org\",\"@graph\":[{\"@type\":\"WebPage\",\"@id\":\"https:\/\/www.australis.com\/es-es\/contacto\/\",\"url\":\"https:\/\/www.australis.com\/es-es\/contacto\/\",\"name\":\"Contacto Australis | Reserva tu crucero por Chile y la Patagonia\",\"isPartOf\":{\"@id\":\"https:\/\/www.australis.com\/es-es\/#website\"},\"primaryImageOfPage\":{\"@id\":\"https:\/\/www.australis.com\/es-es\/contacto\/#primaryimage\"},\"image\":{\"@id\":\"https:\/\/www.australis.com\/es-es\/contacto\/#primaryimage\"},\"thumbnailUrl\":\"\",\"datePublished\":\"2024-09-25T20:49:46+00:00\",\"dateModified\":\"2025-05-28T13:26:58+00:00\",\"description\":\"Contacta con Australis para reservar tu crucero por los fiordos chilenos y recibir asesoramiento para organizar tu viaje a la Patagonia.\",\"breadcrumb\":{\"@id\":\"https:\/\/www.australis.com\/es-es\/contacto\/#breadcrumb\"},\"inLanguage\":\"es\",\"potentialAction\":[{\"@type\":\"ReadAction\",\"target\":[\"https:\/\/www.australis.com\/es-es\/contacto\/\"]}]},{\"@type\":\"ImageObject\",\"inLanguage\":\"es\",\"@id\":\"https:\/\/www.australis.com\/es-es\/contacto\/#primaryimage\",\"url\":\"\",\"contentUrl\":\"\",\"width\":1080,\"height\":562},{\"@type\":\"BreadcrumbList\",\"@id\":\"https:\/\/www.australis.com\/es-es\/contacto\/#breadcrumb\",\"itemListElement\":[{\"@type\":\"ListItem\",\"position\":1,\"name\":\"Home\",\"item\":\"https:\/\/www.australis.com\/es-es\/\"},{\"@type\":\"ListItem\",\"position\":2,\"name\":\"Contacto\"}]},{\"@type\":\"WebSite\",\"@id\":\"https:\/\/www.australis.com\/es-es\/#website\",\"url\":\"https:\/\/www.australis.com\/es-es\/\",\"name\":\"Cruceros Australis por la Patagonia \/ Europa\",\"description\":\"Un viaje a trav\u00e9s de los fiordos chilenos\",\"potentialAction\":[{\"@type\":\"SearchAction\",\"target\":{\"@type\":\"EntryPoint\",\"urlTemplate\":\"https:\/\/www.australis.com\/es-es\/?s={search_term_string}\"},\"query-input\":{\"@type\":\"PropertyValueSpecification\",\"valueRequired\":true,\"valueName\":\"search_term_string\"}}],\"inLanguage\":\"es\"}]}<\/script>\n<!-- \/ Yoast SEO plugin. -->","yoast_head_json":{"title":"Contacto Australis | Reserva tu crucero por Chile y la Patagonia","description":"Contacta con Australis para reservar tu crucero por los fiordos chilenos y recibir asesoramiento para organizar tu viaje a la Patagonia.","robots":{"index":"index","follow":"follow","max-snippet":"max-snippet:-1","max-image-preview":"max-image-preview:large","max-video-preview":"max-video-preview:-1"},"canonical":"https:\/\/www.australis.com\/es-es\/contacto\/","og_locale":"es_ES","og_type":"article","og_title":"Contacto Australis | Reserva tu crucero por Chile y la Patagonia","og_description":"Contacta con Australis para reservar tu crucero por los fiordos chilenos y recibir asesoramiento para organizar tu viaje a la Patagonia.","og_url":"https:\/\/www.australis.com\/es-es\/contacto\/","og_site_name":"Cruceros Australis por la Patagonia \/ Europa","article_modified_time":"2025-05-28T13:26:58+00:00","twitter_card":"summary_large_image","schema":{"@context":"https:\/\/schema.org","@graph":[{"@type":"WebPage","@id":"https:\/\/www.australis.com\/es-es\/contacto\/","url":"https:\/\/www.australis.com\/es-es\/contacto\/","name":"Contacto Australis | Reserva tu crucero por Chile y la Patagonia","isPartOf":{"@id":"https:\/\/www.australis.com\/es-es\/#website"},"primaryImageOfPage":{"@id":"https:\/\/www.australis.com\/es-es\/contacto\/#primaryimage"},"image":{"@id":"https:\/\/www.australis.com\/es-es\/contacto\/#primaryimage"},"thumbnailUrl":"","datePublished":"2024-09-25T20:49:46+00:00","dateModified":"2025-05-28T13:26:58+00:00","description":"Contacta con Australis para reservar tu crucero por los fiordos chilenos y recibir asesoramiento para organizar tu viaje a la Patagonia.","breadcrumb":{"@id":"https:\/\/www.australis.com\/es-es\/contacto\/#breadcrumb"},"inLanguage":"es","potentialAction":[{"@type":"ReadAction","target":["https:\/\/www.australis.com\/es-es\/contacto\/"]}]},{"@type":"ImageObject","inLanguage":"es","@id":"https:\/\/www.australis.com\/es-es\/contacto\/#primaryimage","url":"","contentUrl":"","width":1080,"height":562},{"@type":"BreadcrumbList","@id":"https:\/\/www.australis.com\/es-es\/contacto\/#breadcrumb","itemListElement":[{"@type":"ListItem","position":1,"name":"Home","item":"https:\/\/www.australis.com\/es-es\/"},{"@type":"ListItem","position":2,"name":"Contacto"}]},{"@type":"WebSite","@id":"https:\/\/www.australis.com\/es-es\/#website","url":"https:\/\/www.australis.com\/es-es\/","name":"Cruceros Australis por la Patagonia \/ Europa","description":"Un viaje a trav\u00e9s de los fiordos chilenos","potentialAction":[{"@type":"SearchAction","target":{"@type":"EntryPoint","urlTemplate":"https:\/\/www.australis.com\/es-es\/?s={search_term_string}"},"query-input":{"@type":"PropertyValueSpecification","valueRequired":true,"valueName":"search_term_string"}}],"inLanguage":"es"}]}},"_links":{"self":[{"href":"https:\/\/www.australis.com\/es-es\/wp-json\/wp\/v2\/pages\/31","targetHints":{"allow":["GET"]}}],"collection":[{"href":"https:\/\/www.australis.com\/es-es\/wp-json\/wp\/v2\/pages"}],"about":[{"href":"https:\/\/www.australis.com\/es-es\/wp-json\/wp\/v2\/types\/page"}],"author":[{"embeddable":true,"href":"https:\/\/www.australis.com\/es-es\/wp-json\/wp\/v2\/users\/1"}],"replies":[{"embeddable":true,"href":"https:\/\/www.australis.com\/es-es\/wp-json\/wp\/v2\/comments?post=31"}],"version-history":[{"count":10,"href":"https:\/\/www.australis.com\/es-es\/wp-json\/wp\/v2\/pages\/31\/revisions"}],"predecessor-version":[{"id":4234,"href":"https:\/\/www.australis.com\/es-es\/wp-json\/wp\/v2\/pages\/31\/revisions\/4234"}],"wp:featuredmedia":[{"embeddable":true,"href":"https:\/\/www.australis.com\/es-es\/wp-json\/"}],"wp:attachment":[{"href":"https:\/\/www.australis.com\/es-es\/wp-json\/wp\/v2\/media?parent=31"}],"curies":[{"name":"wp","href":"https:\/\/api.w.org\/{rel}","templated":true}]}}