{"id":57,"date":"2024-12-23T14:15:47","date_gmt":"2024-12-23T14:15:47","guid":{"rendered":"https:\/\/qa-aws.australis.com\/?page_id=57"},"modified":"2025-05-14T13:42:13","modified_gmt":"2025-05-14T13:42:13","slug":"reiserouten","status":"publish","type":"page","link":"https:\/\/www.australis.com\/de\/reiserouten\/","title":{"rendered":"Itineraries"},"content":{"rendered":"\n<span class=\"wp-block-australis-bp-spacer bp-spacer\" style=\"--_spacer-desktop-top:0;--_spacer-desktop-bot:140;--_spacer-mobile-top:0;--_spacer-mobile-bot:100\" id=\"bp-spacer\" aria-hidden=\"true\"><\/span>\n\n\n\n<section class=\"wp-block-group two-cards-with-title-pattern-box\"><div class=\"wp-block-group__inner-container is-layout-constrained wp-block-group-is-layout-constrained\"><section class=\"two-cards-with-title container\">\r\n    <div class=\"row center\">\r\n                    <h2 class=\"has-l-font-size\">Erkunden Sie bei einer Luxuskreuzfahrt die Fjorde und verborgensten Winkel Patagoniens<\/h2>\r\n        \r\n                    <div class=\"col-12-12 cards routes-cards \">\r\n                                    <article class=\"card-route\">\r\n                                                    <figure class=\"img-box\">\r\n                                <img decoding=\"async\" width=\"589\" height=\"270\" src=\"https:\/\/www.australis.com\/de\/wp-content\/uploads\/sites\/6\/2025\/01\/fjiords_default.png\" class=\"attachment-full size-full\" alt=\"\" loading=\"lazy\" fetchpriority=\"low\" srcset=\"https:\/\/www.australis.com\/de\/wp-content\/uploads\/sites\/6\/2025\/01\/fjiords_default.png 589w, https:\/\/www.australis.com\/de\/wp-content\/uploads\/sites\/6\/2025\/01\/fjiords_default-300x138.png 300w\" sizes=\"auto, (max-width: 589px) 100vw, 589px\" \/>                            <\/figure>\r\n                                                                            <figure class=\"img-box hover no-mobile\">\r\n                                <img decoding=\"async\" width=\"589\" height=\"270\" src=\"https:\/\/www.australis.com\/de\/wp-content\/uploads\/sites\/6\/2025\/01\/fjiords_hover.png\" class=\"attachment-full size-full\" alt=\"\" loading=\"lazy\" fetchpriority=\"low\" srcset=\"https:\/\/www.australis.com\/de\/wp-content\/uploads\/sites\/6\/2025\/01\/fjiords_hover.png 589w, https:\/\/www.australis.com\/de\/wp-content\/uploads\/sites\/6\/2025\/01\/fjiords_hover-300x138.png 300w\" sizes=\"auto, (max-width: 589px) 100vw, 589px\" \/>                            <\/figure>\r\n                                                <div class=\"content\">\r\n                                                            <h4 class=\"has-label-font-size\">Ab Punta Arenas (Chile)<\/h4>\r\n                                                        <h3 class=\"has-m-font-size\">Fjorde des Feuerlandes<\/h3>\r\n                            <ul>\r\n                                                                    <li>5 TAGE \/ 4 N\u00c4CHTE<\/li>\r\n                                                                                                    <li>All inclusive<\/li>\r\n                                                                                                    <li>Ab 1.695 US$<\/li>\r\n                                                            <\/ul>\r\n                                                            <h5 class=\"has-xs-font-size\">Preisangaben in US-Dollar, pro Person bei Doppelbelegung der Kabine.<\/h5>\r\n                                                        <div class=\"buttons\">\r\n                                                                    <a href=\"https:\/\/www.australis.com\/de\/fjorde-des-feuerlands\/\" target=\"\" class=\"bttn\">DIESE ROUTE ERKUNDEN<\/a>\r\n                                \r\n                                \r\n                                    <a href=\"https:\/\/ecommerce.australis.com\/zarpes\/de\/8\/0\" target=\"_blank\" class=\"bttn filled\">JETZT BUCHEN<\/a>\r\n                                \r\n                            <\/div>\r\n                        <\/div>\r\n                    <\/article>\r\n                                    <article class=\"card-route\">\r\n                                                    <figure class=\"img-box\">\r\n                                <img decoding=\"async\" width=\"589\" height=\"270\" src=\"https:\/\/www.australis.com\/de\/wp-content\/uploads\/sites\/6\/2025\/01\/tarjeta-mapa-GER-USH-2.png\" class=\"attachment-full size-full\" alt=\"\" loading=\"lazy\" fetchpriority=\"low\" srcset=\"https:\/\/www.australis.com\/de\/wp-content\/uploads\/sites\/6\/2025\/01\/tarjeta-mapa-GER-USH-2.png 589w, https:\/\/www.australis.com\/de\/wp-content\/uploads\/sites\/6\/2025\/01\/tarjeta-mapa-GER-USH-2-300x138.png 300w\" sizes=\"auto, (max-width: 589px) 100vw, 589px\" \/>                            <\/figure>\r\n                                                                            <figure class=\"img-box hover no-mobile\">\r\n                                <img decoding=\"async\" width=\"589\" height=\"270\" src=\"https:\/\/www.australis.com\/de\/wp-content\/uploads\/sites\/6\/2025\/01\/tarjeta-mapa-GER-USH.png\" class=\"attachment-full size-full\" alt=\"\" loading=\"lazy\" fetchpriority=\"low\" srcset=\"https:\/\/www.australis.com\/de\/wp-content\/uploads\/sites\/6\/2025\/01\/tarjeta-mapa-GER-USH.png 589w, https:\/\/www.australis.com\/de\/wp-content\/uploads\/sites\/6\/2025\/01\/tarjeta-mapa-GER-USH-300x138.png 300w\" sizes=\"auto, (max-width: 589px) 100vw, 589px\" \/>                            <\/figure>\r\n                                                <div class=\"content\">\r\n                                                            <h4 class=\"has-label-font-size\">AB USHUAIA (ARGENTINIEN)<\/h4>\r\n                                                        <h3 class=\"has-m-font-size\">Erlebnis Patagonien<\/h3>\r\n                            <ul>\r\n                                                                    <li>5 TAGE \/ 4 N\u00c4CHTE<\/li>\r\n                                                                                                    <li>All inclusive<\/li>\r\n                                                                                                    <li>Ab 1.695 US$<\/li>\r\n                                                            <\/ul>\r\n                                                            <h5 class=\"has-xs-font-size\">Preisangaben in US-Dollar, pro Person bei Doppelbelegung der Kabine.<\/h5>\r\n                                                        <div class=\"buttons\">\r\n                                                                    <a href=\"https:\/\/www.australis.com\/de\/erlebnis-patagonien\/\" target=\"\" class=\"bttn\">DIESE ROUTE ERKUNDEN<\/a>\r\n                                \r\n                                \r\n                                    <a href=\"https:\/\/ecommerce.australis.com\/zarpes\/de\/10\/0\" target=\"_blank\" class=\"bttn filled\">JETZT BUCHEN<\/a>\r\n                                \r\n                            <\/div>\r\n                        <\/div>\r\n                    <\/article>\r\n                            <\/div>\r\n            <\/div>\r\n    <\/section><\/div><\/section>\n\n\n\n<span class=\"wp-block-australis-bp-spacer bp-spacer\" style=\"--_spacer-desktop-top:0;--_spacer-desktop-bot:150;--_spacer-mobile-top:0;--_spacer-mobile-bot:40\" id=\"bp-spacer\" aria-hidden=\"true\"><\/span>\n","protected":false},"excerpt":{"rendered":"","protected":false},"author":1,"featured_media":3784,"parent":0,"menu_order":9,"comment_status":"closed","ping_status":"closed","template":"templates\/standard-template.php","meta":{"_acf_changed":false,"footnotes":""},"class_list":["post-57","page","type-page","status-publish","has-post-thumbnail","hentry"],"acf":[],"yoast_head":"<!-- This site is optimized with the Yoast SEO plugin v26.3 - https:\/\/yoast.com\/wordpress\/plugins\/seo\/ -->\n<title>Reiserouten durch Patagonien | Australis Expeditionsreisen<\/title>\n<meta name=\"description\" content=\"Entdecken Sie exklusive Australis Reiserouten. Segeln Sie durch majest\u00e4tische Fjorde und entdecken Sie die Sch\u00f6nheit des S\u00fcdens Chile und Argentiniens.\" \/>\n<meta name=\"robots\" content=\"index, follow, max-snippet:-1, max-image-preview:large, max-video-preview:-1\" \/>\n<link rel=\"canonical\" href=\"https:\/\/www.australis.com\/de\/reiserouten\/\" \/>\n<meta property=\"og:locale\" content=\"de_DE\" \/>\n<meta property=\"og:type\" content=\"article\" \/>\n<meta property=\"og:title\" content=\"Reiserouten durch Patagonien | Australis Expeditionsreisen\" \/>\n<meta property=\"og:description\" content=\"Entdecken Sie exklusive Australis Reiserouten. Segeln Sie durch majest\u00e4tische Fjorde und entdecken Sie die Sch\u00f6nheit des S\u00fcdens Chile und Argentiniens.\" \/>\n<meta property=\"og:url\" content=\"https:\/\/www.australis.com\/de\/reiserouten\/\" \/>\n<meta property=\"og:site_name\" content=\"Kreuzfahrten nach Chile und Patagonien\" \/>\n<meta property=\"article:modified_time\" content=\"2025-05-14T13:42:13+00:00\" \/>\n<meta property=\"og:image\" content=\"https:\/\/www.australis.com\/de\/wp-content\/uploads\/sites\/6\/2025\/02\/AU_feature-image_web.jpg\" \/>\n\t<meta property=\"og:image:width\" content=\"1080\" \/>\n\t<meta property=\"og:image:height\" content=\"562\" \/>\n\t<meta property=\"og:image:type\" content=\"image\/jpeg\" \/>\n<meta name=\"twitter:card\" content=\"summary_large_image\" \/>\n<meta name=\"twitter:label1\" content=\"Gesch\u00e4tzte Lesezeit\" \/>\n\t<meta name=\"twitter:data1\" content=\"1\u00a0Minute\" \/>\n<script type=\"application\/ld+json\" class=\"yoast-schema-graph\">{\"@context\":\"https:\/\/schema.org\",\"@graph\":[{\"@type\":\"WebPage\",\"@id\":\"https:\/\/www.australis.com\/de\/reiserouten\/\",\"url\":\"https:\/\/www.australis.com\/de\/reiserouten\/\",\"name\":\"Reiserouten durch Patagonien | Australis Expeditionsreisen\",\"isPartOf\":{\"@id\":\"https:\/\/www.australis.com\/de\/#website\"},\"primaryImageOfPage\":{\"@id\":\"https:\/\/www.australis.com\/de\/reiserouten\/#primaryimage\"},\"image\":{\"@id\":\"https:\/\/www.australis.com\/de\/reiserouten\/#primaryimage\"},\"thumbnailUrl\":\"https:\/\/www.australis.com\/de\/wp-content\/uploads\/sites\/6\/2025\/02\/AU_feature-image_web.jpg\",\"datePublished\":\"2024-12-23T14:15:47+00:00\",\"dateModified\":\"2025-05-14T13:42:13+00:00\",\"description\":\"Entdecken Sie exklusive Australis Reiserouten. Segeln Sie durch majest\u00e4tische Fjorde und entdecken Sie die Sch\u00f6nheit des S\u00fcdens Chile und Argentiniens.\",\"breadcrumb\":{\"@id\":\"https:\/\/www.australis.com\/de\/reiserouten\/#breadcrumb\"},\"inLanguage\":\"de\",\"potentialAction\":[{\"@type\":\"ReadAction\",\"target\":[\"https:\/\/www.australis.com\/de\/reiserouten\/\"]}]},{\"@type\":\"ImageObject\",\"inLanguage\":\"de\",\"@id\":\"https:\/\/www.australis.com\/de\/reiserouten\/#primaryimage\",\"url\":\"https:\/\/www.australis.com\/de\/wp-content\/uploads\/sites\/6\/2025\/02\/AU_feature-image_web.jpg\",\"contentUrl\":\"https:\/\/www.australis.com\/de\/wp-content\/uploads\/sites\/6\/2025\/02\/AU_feature-image_web.jpg\",\"width\":1080,\"height\":562},{\"@type\":\"BreadcrumbList\",\"@id\":\"https:\/\/www.australis.com\/de\/reiserouten\/#breadcrumb\",\"itemListElement\":[{\"@type\":\"ListItem\",\"position\":1,\"name\":\"Home\",\"item\":\"https:\/\/www.australis.com\/de\/\"},{\"@type\":\"ListItem\",\"position\":2,\"name\":\"Itineraries\"}]},{\"@type\":\"WebSite\",\"@id\":\"https:\/\/www.australis.com\/de\/#website\",\"url\":\"https:\/\/www.australis.com\/de\/\",\"name\":\"Kreuzfahrten nach Chile und Patagonien\",\"description\":\"Erkunden Sie die Fjorde mit Australis\",\"potentialAction\":[{\"@type\":\"SearchAction\",\"target\":{\"@type\":\"EntryPoint\",\"urlTemplate\":\"https:\/\/www.australis.com\/de\/?s={search_term_string}\"},\"query-input\":{\"@type\":\"PropertyValueSpecification\",\"valueRequired\":true,\"valueName\":\"search_term_string\"}}],\"inLanguage\":\"de\"}]}<\/script>\n<!-- \/ Yoast SEO plugin. -->","yoast_head_json":{"title":"Reiserouten durch Patagonien | Australis Expeditionsreisen","description":"Entdecken Sie exklusive Australis Reiserouten. Segeln Sie durch majest\u00e4tische Fjorde und entdecken Sie die Sch\u00f6nheit des S\u00fcdens Chile und Argentiniens.","robots":{"index":"index","follow":"follow","max-snippet":"max-snippet:-1","max-image-preview":"max-image-preview:large","max-video-preview":"max-video-preview:-1"},"canonical":"https:\/\/www.australis.com\/de\/reiserouten\/","og_locale":"de_DE","og_type":"article","og_title":"Reiserouten durch Patagonien | Australis Expeditionsreisen","og_description":"Entdecken Sie exklusive Australis Reiserouten. Segeln Sie durch majest\u00e4tische Fjorde und entdecken Sie die Sch\u00f6nheit des S\u00fcdens Chile und Argentiniens.","og_url":"https:\/\/www.australis.com\/de\/reiserouten\/","og_site_name":"Kreuzfahrten nach Chile und Patagonien","article_modified_time":"2025-05-14T13:42:13+00:00","og_image":[{"width":1080,"height":562,"url":"https:\/\/www.australis.com\/de\/wp-content\/uploads\/sites\/6\/2025\/02\/AU_feature-image_web.jpg","type":"image\/jpeg"}],"twitter_card":"summary_large_image","twitter_misc":{"Gesch\u00e4tzte Lesezeit":"1\u00a0Minute"},"schema":{"@context":"https:\/\/schema.org","@graph":[{"@type":"WebPage","@id":"https:\/\/www.australis.com\/de\/reiserouten\/","url":"https:\/\/www.australis.com\/de\/reiserouten\/","name":"Reiserouten durch Patagonien | Australis Expeditionsreisen","isPartOf":{"@id":"https:\/\/www.australis.com\/de\/#website"},"primaryImageOfPage":{"@id":"https:\/\/www.australis.com\/de\/reiserouten\/#primaryimage"},"image":{"@id":"https:\/\/www.australis.com\/de\/reiserouten\/#primaryimage"},"thumbnailUrl":"https:\/\/www.australis.com\/de\/wp-content\/uploads\/sites\/6\/2025\/02\/AU_feature-image_web.jpg","datePublished":"2024-12-23T14:15:47+00:00","dateModified":"2025-05-14T13:42:13+00:00","description":"Entdecken Sie exklusive Australis Reiserouten. Segeln Sie durch majest\u00e4tische Fjorde und entdecken Sie die Sch\u00f6nheit des S\u00fcdens Chile und Argentiniens.","breadcrumb":{"@id":"https:\/\/www.australis.com\/de\/reiserouten\/#breadcrumb"},"inLanguage":"de","potentialAction":[{"@type":"ReadAction","target":["https:\/\/www.australis.com\/de\/reiserouten\/"]}]},{"@type":"ImageObject","inLanguage":"de","@id":"https:\/\/www.australis.com\/de\/reiserouten\/#primaryimage","url":"https:\/\/www.australis.com\/de\/wp-content\/uploads\/sites\/6\/2025\/02\/AU_feature-image_web.jpg","contentUrl":"https:\/\/www.australis.com\/de\/wp-content\/uploads\/sites\/6\/2025\/02\/AU_feature-image_web.jpg","width":1080,"height":562},{"@type":"BreadcrumbList","@id":"https:\/\/www.australis.com\/de\/reiserouten\/#breadcrumb","itemListElement":[{"@type":"ListItem","position":1,"name":"Home","item":"https:\/\/www.australis.com\/de\/"},{"@type":"ListItem","position":2,"name":"Itineraries"}]},{"@type":"WebSite","@id":"https:\/\/www.australis.com\/de\/#website","url":"https:\/\/www.australis.com\/de\/","name":"Kreuzfahrten nach Chile und Patagonien","description":"Erkunden Sie die Fjorde mit Australis","potentialAction":[{"@type":"SearchAction","target":{"@type":"EntryPoint","urlTemplate":"https:\/\/www.australis.com\/de\/?s={search_term_string}"},"query-input":{"@type":"PropertyValueSpecification","valueRequired":true,"valueName":"search_term_string"}}],"inLanguage":"de"}]}},"_links":{"self":[{"href":"https:\/\/www.australis.com\/de\/wp-json\/wp\/v2\/pages\/57","targetHints":{"allow":["GET"]}}],"collection":[{"href":"https:\/\/www.australis.com\/de\/wp-json\/wp\/v2\/pages"}],"about":[{"href":"https:\/\/www.australis.com\/de\/wp-json\/wp\/v2\/types\/page"}],"author":[{"embeddable":true,"href":"https:\/\/www.australis.com\/de\/wp-json\/wp\/v2\/users\/1"}],"replies":[{"embeddable":true,"href":"https:\/\/www.australis.com\/de\/wp-json\/wp\/v2\/comments?post=57"}],"version-history":[{"count":11,"href":"https:\/\/www.australis.com\/de\/wp-json\/wp\/v2\/pages\/57\/revisions"}],"predecessor-version":[{"id":3999,"href":"https:\/\/www.australis.com\/de\/wp-json\/wp\/v2\/pages\/57\/revisions\/3999"}],"wp:featuredmedia":[{"embeddable":true,"href":"https:\/\/www.australis.com\/de\/wp-json\/wp\/v2\/media\/3784"}],"wp:attachment":[{"href":"https:\/\/www.australis.com\/de\/wp-json\/wp\/v2\/media?parent=57"}],"curies":[{"name":"wp","href":"https:\/\/api.w.org\/{rel}","templated":true}]}}