{"id":31,"date":"2024-09-25T20:49:46","date_gmt":"2024-09-25T20:49:46","guid":{"rendered":"https:\/\/qa-aws.australis.com\/?page_id=31"},"modified":"2025-05-28T13:31:50","modified_gmt":"2025-05-28T13:31:50","slug":"kontakt","status":"publish","type":"page","link":"https:\/\/www.australis.com\/de\/kontakt\/","title":{"rendered":"Contact"},"content":{"rendered":"\n<span class=\"wp-block-australis-bp-spacer bp-spacer\" style=\"--_spacer-desktop-top:0;--_spacer-desktop-bot:120;--_spacer-mobile-top:0;--_spacer-mobile-bot:120\" id=\"bp-spacer\" aria-hidden=\"true\"><\/span>\n\n\n\n<section class=\"wp-block-australis-bp-container container  contact-form\" id=\"\" data-name=\"\" style=\"background-color:var(--azul);--background-color:var(--azul);color:var(--crema-fondo)\">\n<section class=\"wp-block-australis-bp-row row left middle mobile-center mobile-middle is-style-fixed\" style=\"--row-desktop-gap:0rem;--row-mobile-gap:0rem\">\n<div class=\"wp-block-columns is-layout-flex wp-container-core-columns-is-layout-9d6595d7 wp-block-columns-is-layout-flex\">\n<div class=\"wp-block-column title-box is-layout-flow wp-block-column-is-layout-flow\">\n<h1 class=\"wp-block-heading has-l-font-size\">Begeben Sie sich mit Australis auf eine Reise nach Patagonien.<\/h1>\n<\/div>\n<\/div>\n<\/section>\n\n\n\n<section class=\"wp-block-australis-bp-row row between start mobile-center mobile-middle is-style-fixed\" style=\"--row-desktop-gap:0rem;--row-mobile-gap:0rem\">\n<div class=\"wp-block-columns is-layout-flex wp-container-core-columns-is-layout-9d6595d7 wp-block-columns-is-layout-flex\">\n<div class=\"wp-block-column form-box is-layout-flow wp-block-column-is-layout-flow\" style=\"flex-basis:60%\">\n<script charset=\"utf-8\" type=\"text\/javascript\" src=\"\/\/js.hsforms.net\/forms\/embed\/v2.js\"><\/script>\n<script>\n  hbspt.forms.create({\n    portalId: \"1822104\",\n    formId: \"f10c9c46-872e-4758-ab42-6e2d12a1ba49\",\n    region: \"na1\"\n  });\n<\/script>\n<\/div>\n\n\n\n<div class=\"wp-block-column information-box is-layout-flow wp-block-column-is-layout-flow\" style=\"flex-basis:33%\">\n<h3 class=\"wp-block-heading has-s-font-size\" style=\"text-transform:capitalize\">B\u00dcROS<\/h3>\n\n\n\n<div class=\"wp-block-group\"><div class=\"wp-block-group__inner-container is-layout-constrained wp-block-group-is-layout-constrained\">\n<h3 class=\"wp-block-heading has-s-font-size\" style=\"text-transform:capitalize\">Chile<\/h3>\n\n\n\n<div class=\"wp-block-buttons is-vertical is-layout-flex wp-container-core-buttons-is-layout-8cf370e7 wp-block-buttons-is-layout-flex\">\n<div class=\"wp-block-button\"><a class=\"wp-block-button__link has-cream-color has-darker-blue-background-color has-text-color has-background has-link-color wp-element-button\" href=\"tel:56227971000\" target=\"_blank\" rel=\"noreferrer noopener\"><img decoding=\"async\" class=\"wp-image-979\" style=\"width: 18px;\" src=\"https:\/\/www.australis.com\/wp-content\/uploads\/2025\/01\/icon-phone.svg\" alt=\"\">+56 22 797 1000<\/a><\/div>\n\n\n\n<div class=\"wp-block-button\"><a class=\"wp-block-button__link has-cream-color has-darker-blue-background-color has-text-color has-background has-link-color wp-element-button\" href=\"mailto:sales@australis.com\" target=\"_blank\" rel=\"noreferrer noopener\"><img decoding=\"async\" class=\"wp-image-978\" style=\"width: 20px;\" src=\"https:\/\/www.australis.com\/wp-content\/uploads\/2025\/01\/icon-email.svg\" alt=\"\">sales@australis.com<\/a><\/div>\n<\/div>\n<\/div><\/div>\n\n\n\n<div class=\"wp-block-group\"><div class=\"wp-block-group__inner-container is-layout-constrained wp-block-group-is-layout-constrained\">\n<h3 class=\"wp-block-heading has-s-font-size\" style=\"text-transform:capitalize\">Europa<\/h3>\n\n\n\n<div class=\"wp-block-buttons is-vertical is-layout-flex wp-container-core-buttons-is-layout-8cf370e7 wp-block-buttons-is-layout-flex\">\n<div class=\"wp-block-button\"><a class=\"wp-block-button__link has-cream-color has-darker-blue-background-color has-text-color has-background has-link-color wp-element-button\" href=\"tel:34934970484\" target=\"_blank\" rel=\"noreferrer noopener\"><img decoding=\"async\" class=\"wp-image-979\" style=\"width: 18px;\" src=\"https:\/\/www.australis.com\/wp-content\/uploads\/2025\/01\/icon-phone.svg\" alt=\"\">+34 93 497 0484<\/a><\/div>\n\n\n\n<div class=\"wp-block-button\"><a class=\"wp-block-button__link has-cream-color has-darker-blue-background-color has-text-color has-background has-link-color wp-element-button\" href=\"mailto:europe@australis.com\" target=\"_blank\" rel=\"noreferrer noopener\"><img decoding=\"async\" class=\"wp-image-978\" style=\"width: 20px;\" src=\"https:\/\/www.australis.com\/wp-content\/uploads\/2025\/01\/icon-email.svg\" alt=\"\">europe@australis.com<\/a><\/div>\n<\/div>\n<\/div><\/div>\n\n\n\n<div class=\"wp-block-group\"><div class=\"wp-block-group__inner-container is-layout-constrained wp-block-group-is-layout-constrained\">\n<h3 class=\"wp-block-heading has-s-font-size\" style=\"text-transform:capitalize\">USA<\/h3>\n\n\n\n<div class=\"wp-block-buttons is-vertical is-layout-flex wp-container-core-buttons-is-layout-8cf370e7 wp-block-buttons-is-layout-flex\">\n<div class=\"wp-block-button\"><a class=\"wp-block-button__link has-cream-color has-darker-blue-background-color has-text-color has-background has-link-color wp-element-button\" href=\"tel:18007430119\" target=\"_blank\" rel=\"noreferrer noopener\"><img decoding=\"async\" class=\"wp-image-979\" style=\"width: 18px;\" src=\"https:\/\/www.australis.com\/wp-content\/uploads\/2025\/01\/icon-phone.svg\" alt=\"\">+1 800 743 0119<\/a><\/div>\n\n\n\n<div class=\"wp-block-button\"><a class=\"wp-block-button__link has-cream-color has-darker-blue-background-color has-text-color has-background has-link-color wp-element-button\" href=\"mailto:northamerica@australis.com\" target=\"_blank\" rel=\"noreferrer noopener\"><img decoding=\"async\" class=\"wp-image-978\" style=\"width: 20px;\" src=\"https:\/\/www.australis.com\/wp-content\/uploads\/2025\/01\/icon-email.svg\" alt=\"\">northamerica@australis.com<\/a><\/div>\n<\/div>\n<\/div><\/div>\n\n\n\n<div class=\"wp-block-group\"><div class=\"wp-block-group__inner-container is-layout-constrained wp-block-group-is-layout-constrained\">\n<h3 class=\"wp-block-heading has-s-font-size\" style=\"text-transform:capitalize\">Argentinien<\/h3>\n\n\n\n<div class=\"wp-block-buttons is-vertical is-layout-flex wp-container-core-buttons-is-layout-8cf370e7 wp-block-buttons-is-layout-flex\">\n<div class=\"wp-block-button\"><a class=\"wp-block-button__link has-cream-color has-darker-blue-background-color has-text-color has-background has-link-color wp-element-button\" href=\"tel:541159839402\" target=\"_blank\" rel=\"noreferrer noopener\"><img decoding=\"async\" class=\"wp-image-979\" style=\"width: 18px;\" src=\"https:\/\/www.australis.com\/wp-content\/uploads\/2025\/01\/icon-phone.svg\" alt=\"\">+54 11 5983 9402<\/a><\/div>\n\n\n\n<div class=\"wp-block-button\"><a class=\"wp-block-button__link has-cream-color has-darker-blue-background-color has-text-color has-background has-link-color wp-element-button\" href=\"mailto:sales@australis.com\" target=\"_blank\" rel=\"noreferrer noopener\"><img decoding=\"async\" class=\"wp-image-978\" style=\"width: 20px;\" src=\"https:\/\/www.australis.com\/wp-content\/uploads\/2025\/01\/icon-email.svg\" alt=\"\">sales@australis.com<\/a><\/div>\n<\/div>\n<\/div><\/div>\n<\/div>\n<\/div>\n<\/section>\n<\/section>\n\n\n\n<span class=\"wp-block-australis-bp-spacer bp-spacer\" style=\"--_spacer-desktop-top:0;--_spacer-desktop-bot:120;--_spacer-mobile-top:0;--_spacer-mobile-bot:120\" id=\"bp-spacer\" aria-hidden=\"true\"><\/span>\n\n\n\n<section class=\"wp-block-australis-bp-container container  trust-section\" id=\"\" data-name=\"\" style=\"background-color:var(--azul);--background-color:var(--azul);color:var(--crema-fondo)\">\n<section class=\"wp-block-australis-bp-row row center middle mobile-center mobile-middle\" style=\"--row-desktop-gap:0rem;--row-mobile-gap:0rem\">\n<div class=\"wp-block-columns is-layout-flex wp-container-core-columns-is-layout-9d6595d7 wp-block-columns-is-layout-flex\">\n<div class=\"wp-block-column is-layout-flow wp-block-column-is-layout-flow\">\n<h2 class=\"wp-block-heading has-text-align-center title has-l-font-size\">Von anderen gesch\u00e4tzt<\/h2>\n\n\n\n<div class=\"wp-block-australis-bp-slider row full-width bp-slider undefined articles-slider\"><div class=\"splide\" data-splide=\"{&quot;destroy&quot;:true,&quot;pagination&quot;:true,&quot;arrows&quot;:false,&quot;breakpoints&quot;:{&quot;960&quot;:{&quot;destroy&quot;:false}}}\"><div class=\"splide__track\"><ul class=\"splide__list\">\n<li class=\"wp-block-australis-bp-slide splide__slide\">\n<div aria-label=\"\" class=\"wp-block-australis-bp-group bp-group stack\" style=\"--_offset-custom-left-desktop:0rem;--_offset-custom-left-mobile:0rem;--_width-desktop:100%;--_width-mobile:100%;background-color:;color:\">\n<h2 class=\"wp-block-heading has-m-font-size\">My Life<\/h2>\n\n\n\n<p class=\"has-xs-font-size\" style=\"text-transform:uppercase\">Zwischen Fjord und Felsen<\/p>\n\n\n\n<p class=\"has-s-font-size\">\u00ab Es ist bitterkalt an diesem Sommermorgen. Langsam tuckert die \u201eVentus Australis\u201c durch einen Seitenarm der Magellanstra\u00dfe, die das Festland Patagoniens von den Inseln Feuerlands trennt. Am Himmel ein Farbenspiel aus gl\u00fchendem&#8230; \u00bb<\/p>\n\n\n\n<div class=\"wp-block-buttons is-layout-flex wp-block-buttons-is-layout-flex\">\n<div class=\"wp-block-button is-style-textlink\"><a class=\"wp-block-button__link wp-element-button\" href=\"https:\/\/www.australis.com\/de\/wp-content\/uploads\/sites\/6\/2025\/03\/myli_2024-10-15_2024-020_052-055.pdf\" target=\"_blank\" rel=\"noreferrer noopener\">Lesen Sie den Artikel<\/a><\/div>\n<\/div>\n<\/div>\n<\/li>\n\n\n\n<li class=\"wp-block-australis-bp-slide splide__slide\">\n<div aria-label=\"\" class=\"wp-block-australis-bp-group bp-group stack\" style=\"--_offset-custom-left-desktop:0rem;--_offset-custom-left-mobile:0rem;--_width-desktop:100%;--_width-mobile:100%;background-color:;color:\">\n<h2 class=\"wp-block-heading has-m-font-size\">Knack Weekend<\/h2>\n\n\n\n<p class=\"has-xs-font-size\" style=\"text-transform:uppercase\">Natuurgeweld<\/p>\n\n\n\n<p class=\"has-s-font-size\">\u00ab Patagoni\u00eb. Een land aan het einde van de wereld dat generaties ontdekkingsreizigers en avonturiers heeft ge\u00efnspireerd. De naam roept het beeld op van wilde vlaktes, duizend jaar oude gletsjers, actieve vulkanen en kleurrijke toendra&#8217;s&#8230; \u00bb<\/p>\n\n\n\n<div class=\"wp-block-buttons is-layout-flex wp-block-buttons-is-layout-flex\">\n<div class=\"wp-block-button is-style-textlink\"><a class=\"wp-block-button__link wp-element-button\" href=\"https:\/\/www.australis.com\/de\/wp-content\/uploads\/sites\/6\/2025\/03\/Knack-Weekend-KW_23_24_REIZEN_044-LR-Combined.pdf\" target=\"_blank\" rel=\"noreferrer noopener\">Lesen Sie den Artikel<\/a><\/div>\n<\/div>\n<\/div>\n<\/li>\n\n\n\n<li class=\"wp-block-australis-bp-slide splide__slide\">\n<div aria-label=\"\" class=\"wp-block-australis-bp-group bp-group stack\" style=\"--_offset-custom-left-desktop:0rem;--_offset-custom-left-mobile:0rem;--_width-desktop:100%;--_width-mobile:100%;background-color:;color:\">\n<h2 class=\"wp-block-heading has-m-font-size\">Harbor Magazine<\/h2>\n\n\n\n<p class=\"has-xs-font-size\" style=\"text-transform:uppercase\">DAS ENDE Der WELT<\/p>\n\n\n\n<p class=\"has-s-font-size\">\u00ab \u201eDie Ebenen von Patagonien k\u00f6nnen nur negativ beschrieben werden\u201c, notierte Charles Darwin einst in den Schriften \u00fcber seine Weltreise. \u201eOhne Wohnst\u00e4tten, ohne Wasser, ohne B\u00e4ume \u2026 tragen sie nur einige wenige zwerghafte Pflanzen&#8230; \u00bb<\/p>\n\n\n\n<div class=\"wp-block-buttons is-layout-flex wp-block-buttons-is-layout-flex\">\n<div class=\"wp-block-button is-style-textlink\"><a class=\"wp-block-button__link wp-element-button\" href=\"https:\/\/www.australis.com\/de\/wp-content\/uploads\/sites\/6\/2025\/03\/Harbor-Magazine-mayo-2024.pdf\" target=\"_blank\" rel=\"noreferrer noopener\">Lesen Sie den Artikel<\/a><\/div>\n<\/div>\n<\/div>\n<\/li>\n<\/ul><\/div><nav class=\"splide__arrows\"><button class=\"splide__arrow splide__arrow--prev\"><i class=\"icon-slider-small-left\"><\/i><\/button><button class=\"splide__arrow splide__arrow--next\"><i class=\"icon-slider-small-rigth\"><\/i><\/button><\/nav><header class=\"col-36-36 slide-overlap\"><\/header><\/div><\/div>\n\n\n\n<div class=\"wp-block-australis-bp-slider row full-width bp-slider undefined testimonials-slider\"><div class=\"splide\" data-splide=\"{&quot;pagination&quot;:true,&quot;breakpoints&quot;:{&quot;960&quot;:{}}}\"><div class=\"splide__track\"><ul class=\"splide__list\">\n<li class=\"wp-block-australis-bp-slide splide__slide\">\n<div aria-label=\"\" class=\"wp-block-australis-bp-group bp-group stack\" style=\"--_offset-custom-left-desktop:0rem;--_offset-custom-left-mobile:0rem;--_width-desktop:100%;--_width-mobile:100%;background-color:;color:\">\n<p class=\"has-l-font-size\">&#8222;Die Reise mit der Ventus Australis war unsere erste Schiffsreise \u00fcberhaupt gewesen. Wir hatten zuvor etwas Angst gehabt, waren dann aber von der Qualit\u00e4t des Schiffes mit seinem Team mehr als positiv \u00fcberrascht gewesen. Es war eine fantastische Reise gewesen, die wir gerne weiterempfehlen!! Es war einfach nur genial gewesen&nbsp; &#8211; perfekter Service gepaart mit \u00fcberragender Qualit\u00e4t.&#8220;<br><\/p>\n\n\n\n<p class=\"has-xs-font-size\">Claus-Dierk, Deutschland.<br>Okt. 2024, Ventus Australis Passagier.<\/p>\n<\/div>\n<\/li>\n\n\n\n<li class=\"wp-block-australis-bp-slide splide__slide\">\n<div aria-label=\"\" class=\"wp-block-australis-bp-group bp-group stack\" style=\"--_offset-custom-left-desktop:0rem;--_offset-custom-left-mobile:0rem;--_width-desktop:100%;--_width-mobile:100%;background-color:;color:\">\n<p class=\"has-l-font-size\">&#8222;Die Tage auf der Ventus Australis waren unvergesslich sch\u00f6n. Wir haben unbeschreibliche Landschaften gesehen und haben eine engagierte, fr\u00f6hliche, hilfsbereite und sympathische Crew erlebt. Einen herzlichen Dank an euch alle!&#8220;<br><\/p>\n\n\n\n<p class=\"has-xs-font-size\">DAngela, Schweiz.<br>OKT. 2024, Ventus Australis Passagier.<\/p>\n<\/div>\n<\/li>\n\n\n\n<li class=\"wp-block-australis-bp-slide splide__slide\">\n<div aria-label=\"\" class=\"wp-block-australis-bp-group bp-group stack\" style=\"--_offset-custom-left-desktop:0rem;--_offset-custom-left-mobile:0rem;--_width-desktop:100%;--_width-mobile:100%;background-color:;color:\">\n<p class=\"has-l-font-size\">&#8222;Ich habe auf der Ventus Australis eine absolut tolle, sehr interessante,&nbsp; mega eindr\u00fcckliche und unvergessliche Reise durchs s\u00fcdliche Patagonien \/ Feuerland bis zum Kap Horn erlebt. Ich kann diese Reise allen Interessierten w\u00e4rmstens weiter empfehlen. So etwas einmaliges muss man einfach erleben. Und diese Reise auf der Ventus Australis machen zu k\u00f6nnen macht das Erlebnis noch sch\u00f6ner.&#8220;<br><\/p>\n\n\n\n<p class=\"has-xs-font-size\">Bruna, Schweiz<\/p>\n\n\n\n<p class=\"has-xs-font-size\">Okt. 2024, Ventus Australis Passagier.<\/p>\n<\/div>\n<\/li>\n\n\n\n<li class=\"wp-block-australis-bp-slide splide__slide\">\n<div aria-label=\"\" class=\"wp-block-australis-bp-group bp-group stack\" style=\"--_offset-custom-left-desktop:0rem;--_offset-custom-left-mobile:0rem;--_width-desktop:100%;--_width-mobile:100%;background-color:;color:\">\n<p class=\"has-l-font-size\">&nbsp;&#8222;Es war die Erf\u00fcllung eines Traums! Kann ich nur weiterempfehlen\ud83d\udc4d\ud83c\udffd Wenn es sich einrichten l\u00e4sst, so bald als m\u00f6glich wieder. Ich werde Freunde \u00fcberzeugen, bald diese Reise mit uns zu machen\ud83d\ude0a\ud83d\ude0a\ud83d\ude0a&#8220;<\/p>\n\n\n\n<p class=\"has-xs-font-size\">Dr. med. Gandhi Boenisch, Deutschland<\/p>\n\n\n\n<p class=\"has-xs-font-size\">Dez. 2024, Stella Australis Passenger.<\/p>\n<\/div>\n<\/li>\n<\/ul><\/div><nav class=\"splide__arrows\"><button class=\"splide__arrow splide__arrow--prev\"><i class=\"icon-slider-small-left\"><\/i><\/button><button class=\"splide__arrow splide__arrow--next\"><i class=\"icon-slider-small-rigth\"><\/i><\/button><\/nav><header class=\"col-36-36 slide-overlap\"><\/header><\/div><\/div>\n<\/div>\n<\/div>\n<\/section>\n\n\n\n<span class=\"wp-block-australis-bp-spacer bp-spacer\" style=\"--_spacer-desktop-top:0;--_spacer-desktop-bot:120;--_spacer-mobile-top:0;--_spacer-mobile-bot:72\" id=\"bp-spacer\" aria-hidden=\"true\"><\/span>\n<\/section>\n","protected":false},"excerpt":{"rendered":"","protected":false},"author":1,"featured_media":3784,"parent":0,"menu_order":10,"comment_status":"closed","ping_status":"closed","template":"templates\/standard-template.php","meta":{"_acf_changed":false,"footnotes":""},"class_list":["post-31","page","type-page","status-publish","has-post-thumbnail","hentry"],"acf":[],"yoast_head":"<!-- This site is optimized with the Yoast SEO plugin v26.3 - https:\/\/yoast.com\/wordpress\/plugins\/seo\/ -->\n<title>Kontakt mit Australis | Buchen Sie Ihre Patagonien-Kreuzfahrt<\/title>\n<meta name=\"description\" content=\"Fragen? Kontaktieren Sie Australis, um Ihre Kreuzfahrt in den chilenischen Fjorden zu buchen, sich zu informieren und fachkundige Reisetipps zu erhalten.\" \/>\n<meta name=\"robots\" content=\"index, follow, max-snippet:-1, max-image-preview:large, max-video-preview:-1\" \/>\n<link rel=\"canonical\" href=\"https:\/\/www.australis.com\/de\/kontakt\/\" \/>\n<meta property=\"og:locale\" content=\"de_DE\" \/>\n<meta property=\"og:type\" content=\"article\" \/>\n<meta property=\"og:title\" content=\"Kontakt mit Australis | Buchen Sie Ihre Patagonien-Kreuzfahrt\" \/>\n<meta property=\"og:description\" content=\"Fragen? Kontaktieren Sie Australis, um Ihre Kreuzfahrt in den chilenischen Fjorden zu buchen, sich zu informieren und fachkundige Reisetipps zu erhalten.\" \/>\n<meta property=\"og:url\" content=\"https:\/\/www.australis.com\/de\/kontakt\/\" \/>\n<meta property=\"og:site_name\" content=\"Kreuzfahrten nach Chile und Patagonien\" \/>\n<meta property=\"article:modified_time\" content=\"2025-05-28T13:31:50+00:00\" \/>\n<meta property=\"og:image\" content=\"https:\/\/www.australis.com\/de\/wp-content\/uploads\/sites\/6\/2025\/02\/AU_feature-image_web.jpg\" \/>\n\t<meta property=\"og:image:width\" content=\"1080\" \/>\n\t<meta property=\"og:image:height\" content=\"562\" \/>\n\t<meta property=\"og:image:type\" content=\"image\/jpeg\" \/>\n<meta name=\"twitter:card\" content=\"summary_large_image\" \/>\n<meta name=\"twitter:label1\" content=\"Gesch\u00e4tzte Lesezeit\" \/>\n\t<meta name=\"twitter:data1\" content=\"1\u00a0Minute\" \/>\n<script type=\"application\/ld+json\" class=\"yoast-schema-graph\">{\"@context\":\"https:\/\/schema.org\",\"@graph\":[{\"@type\":\"WebPage\",\"@id\":\"https:\/\/www.australis.com\/de\/kontakt\/\",\"url\":\"https:\/\/www.australis.com\/de\/kontakt\/\",\"name\":\"Kontakt mit Australis | Buchen Sie Ihre Patagonien-Kreuzfahrt\",\"isPartOf\":{\"@id\":\"https:\/\/www.australis.com\/de\/#website\"},\"primaryImageOfPage\":{\"@id\":\"https:\/\/www.australis.com\/de\/kontakt\/#primaryimage\"},\"image\":{\"@id\":\"https:\/\/www.australis.com\/de\/kontakt\/#primaryimage\"},\"thumbnailUrl\":\"https:\/\/www.australis.com\/de\/wp-content\/uploads\/sites\/6\/2025\/02\/AU_feature-image_web.jpg\",\"datePublished\":\"2024-09-25T20:49:46+00:00\",\"dateModified\":\"2025-05-28T13:31:50+00:00\",\"description\":\"Fragen? Kontaktieren Sie Australis, um Ihre Kreuzfahrt in den chilenischen Fjorden zu buchen, sich zu informieren und fachkundige Reisetipps zu erhalten.\",\"breadcrumb\":{\"@id\":\"https:\/\/www.australis.com\/de\/kontakt\/#breadcrumb\"},\"inLanguage\":\"de\",\"potentialAction\":[{\"@type\":\"ReadAction\",\"target\":[\"https:\/\/www.australis.com\/de\/kontakt\/\"]}]},{\"@type\":\"ImageObject\",\"inLanguage\":\"de\",\"@id\":\"https:\/\/www.australis.com\/de\/kontakt\/#primaryimage\",\"url\":\"https:\/\/www.australis.com\/de\/wp-content\/uploads\/sites\/6\/2025\/02\/AU_feature-image_web.jpg\",\"contentUrl\":\"https:\/\/www.australis.com\/de\/wp-content\/uploads\/sites\/6\/2025\/02\/AU_feature-image_web.jpg\",\"width\":1080,\"height\":562},{\"@type\":\"BreadcrumbList\",\"@id\":\"https:\/\/www.australis.com\/de\/kontakt\/#breadcrumb\",\"itemListElement\":[{\"@type\":\"ListItem\",\"position\":1,\"name\":\"Home\",\"item\":\"https:\/\/www.australis.com\/de\/\"},{\"@type\":\"ListItem\",\"position\":2,\"name\":\"Contact\"}]},{\"@type\":\"WebSite\",\"@id\":\"https:\/\/www.australis.com\/de\/#website\",\"url\":\"https:\/\/www.australis.com\/de\/\",\"name\":\"Kreuzfahrten nach Chile und Patagonien\",\"description\":\"Erkunden Sie die Fjorde mit Australis\",\"potentialAction\":[{\"@type\":\"SearchAction\",\"target\":{\"@type\":\"EntryPoint\",\"urlTemplate\":\"https:\/\/www.australis.com\/de\/?s={search_term_string}\"},\"query-input\":{\"@type\":\"PropertyValueSpecification\",\"valueRequired\":true,\"valueName\":\"search_term_string\"}}],\"inLanguage\":\"de\"}]}<\/script>\n<!-- \/ Yoast SEO plugin. -->","yoast_head_json":{"title":"Kontakt mit Australis | Buchen Sie Ihre Patagonien-Kreuzfahrt","description":"Fragen? Kontaktieren Sie Australis, um Ihre Kreuzfahrt in den chilenischen Fjorden zu buchen, sich zu informieren und fachkundige Reisetipps zu erhalten.","robots":{"index":"index","follow":"follow","max-snippet":"max-snippet:-1","max-image-preview":"max-image-preview:large","max-video-preview":"max-video-preview:-1"},"canonical":"https:\/\/www.australis.com\/de\/kontakt\/","og_locale":"de_DE","og_type":"article","og_title":"Kontakt mit Australis | Buchen Sie Ihre Patagonien-Kreuzfahrt","og_description":"Fragen? Kontaktieren Sie Australis, um Ihre Kreuzfahrt in den chilenischen Fjorden zu buchen, sich zu informieren und fachkundige Reisetipps zu erhalten.","og_url":"https:\/\/www.australis.com\/de\/kontakt\/","og_site_name":"Kreuzfahrten nach Chile und Patagonien","article_modified_time":"2025-05-28T13:31:50+00:00","og_image":[{"width":1080,"height":562,"url":"https:\/\/www.australis.com\/de\/wp-content\/uploads\/sites\/6\/2025\/02\/AU_feature-image_web.jpg","type":"image\/jpeg"}],"twitter_card":"summary_large_image","twitter_misc":{"Gesch\u00e4tzte Lesezeit":"1\u00a0Minute"},"schema":{"@context":"https:\/\/schema.org","@graph":[{"@type":"WebPage","@id":"https:\/\/www.australis.com\/de\/kontakt\/","url":"https:\/\/www.australis.com\/de\/kontakt\/","name":"Kontakt mit Australis | Buchen Sie Ihre Patagonien-Kreuzfahrt","isPartOf":{"@id":"https:\/\/www.australis.com\/de\/#website"},"primaryImageOfPage":{"@id":"https:\/\/www.australis.com\/de\/kontakt\/#primaryimage"},"image":{"@id":"https:\/\/www.australis.com\/de\/kontakt\/#primaryimage"},"thumbnailUrl":"https:\/\/www.australis.com\/de\/wp-content\/uploads\/sites\/6\/2025\/02\/AU_feature-image_web.jpg","datePublished":"2024-09-25T20:49:46+00:00","dateModified":"2025-05-28T13:31:50+00:00","description":"Fragen? Kontaktieren Sie Australis, um Ihre Kreuzfahrt in den chilenischen Fjorden zu buchen, sich zu informieren und fachkundige Reisetipps zu erhalten.","breadcrumb":{"@id":"https:\/\/www.australis.com\/de\/kontakt\/#breadcrumb"},"inLanguage":"de","potentialAction":[{"@type":"ReadAction","target":["https:\/\/www.australis.com\/de\/kontakt\/"]}]},{"@type":"ImageObject","inLanguage":"de","@id":"https:\/\/www.australis.com\/de\/kontakt\/#primaryimage","url":"https:\/\/www.australis.com\/de\/wp-content\/uploads\/sites\/6\/2025\/02\/AU_feature-image_web.jpg","contentUrl":"https:\/\/www.australis.com\/de\/wp-content\/uploads\/sites\/6\/2025\/02\/AU_feature-image_web.jpg","width":1080,"height":562},{"@type":"BreadcrumbList","@id":"https:\/\/www.australis.com\/de\/kontakt\/#breadcrumb","itemListElement":[{"@type":"ListItem","position":1,"name":"Home","item":"https:\/\/www.australis.com\/de\/"},{"@type":"ListItem","position":2,"name":"Contact"}]},{"@type":"WebSite","@id":"https:\/\/www.australis.com\/de\/#website","url":"https:\/\/www.australis.com\/de\/","name":"Kreuzfahrten nach Chile und Patagonien","description":"Erkunden Sie die Fjorde mit Australis","potentialAction":[{"@type":"SearchAction","target":{"@type":"EntryPoint","urlTemplate":"https:\/\/www.australis.com\/de\/?s={search_term_string}"},"query-input":{"@type":"PropertyValueSpecification","valueRequired":true,"valueName":"search_term_string"}}],"inLanguage":"de"}]}},"_links":{"self":[{"href":"https:\/\/www.australis.com\/de\/wp-json\/wp\/v2\/pages\/31","targetHints":{"allow":["GET"]}}],"collection":[{"href":"https:\/\/www.australis.com\/de\/wp-json\/wp\/v2\/pages"}],"about":[{"href":"https:\/\/www.australis.com\/de\/wp-json\/wp\/v2\/types\/page"}],"author":[{"embeddable":true,"href":"https:\/\/www.australis.com\/de\/wp-json\/wp\/v2\/users\/1"}],"replies":[{"embeddable":true,"href":"https:\/\/www.australis.com\/de\/wp-json\/wp\/v2\/comments?post=31"}],"version-history":[{"count":9,"href":"https:\/\/www.australis.com\/de\/wp-json\/wp\/v2\/pages\/31\/revisions"}],"predecessor-version":[{"id":3048,"href":"https:\/\/www.australis.com\/de\/wp-json\/wp\/v2\/pages\/31\/revisions\/3048"}],"wp:featuredmedia":[{"embeddable":true,"href":"https:\/\/www.australis.com\/de\/wp-json\/wp\/v2\/media\/3784"}],"wp:attachment":[{"href":"https:\/\/www.australis.com\/de\/wp-json\/wp\/v2\/media?parent=31"}],"curies":[{"name":"wp","href":"https:\/\/api.w.org\/{rel}","templated":true}]}}