{"id":2830,"date":"2025-02-05T12:18:03","date_gmt":"2025-02-05T12:18:03","guid":{"rendered":"https:\/\/qa-aws.australis.com\/?page_id=2830"},"modified":"2025-05-14T14:04:47","modified_gmt":"2025-05-14T14:04:47","slug":"ticketvereinbarung","status":"publish","type":"page","link":"https:\/\/www.australis.com\/de\/ticketvereinbarung\/","title":{"rendered":"Ticketvertrag"},"content":{"rendered":"\n<span class=\"wp-block-australis-bp-spacer bp-spacer\" style=\"--_spacer-desktop-top:0;--_spacer-desktop-bot:160;--_spacer-mobile-top:0;--_spacer-mobile-bot:120\" id=\"bp-spacer\" aria-hidden=\"true\"><\/span>\n\n\n\n<section class=\"wp-block-australis-bp-container container  title-with-paragraph\" id=\"\" data-name=\"\" style=\"color:var(--crema-secondary)\">\n<section class=\"wp-block-australis-bp-row row center middle mobile-center mobile-middle row-txt-box is-style-fixed\" style=\"--row-desktop-gap:46rem;--row-mobile-gap:0rem\">\n<div class=\"wp-block-columns is-not-stacked-on-mobile is-layout-flex wp-container-core-columns-is-layout-9d6595d7 wp-block-columns-is-layout-flex\">\n<div class=\"wp-block-column is-layout-flow wp-block-column-is-layout-flow\" style=\"flex-basis:100%\">\n<h1 class=\"wp-block-heading has-text-align-left has-xl-font-size\">Ticketvertrag<br><br><\/h1>\n\n\n\n<p class=\"has-text-align-left has-l-font-size\">1. Dieses Ticket bildet den Bef\u00f6rderungsvertrag zwischen dem Passagier und dem Schiffsbetreiber und enth\u00e4lt dessen Bestimmungen.<br>Der Vertrag besteht aus den auf dem Ticket aufgedruckten Anweisungen, den nachstehenden Bedingungen sowie den einschl\u00e4gigen Vorschriften des Dritten Buches des Handelsgesetzbuchs der Republik Chile.<br><br><\/p>\n\n\n\n<p class=\"has-l-font-size\">2. Das Ticket gilt ausschlie\u00dflich f\u00fcr das angegebene Schiff, die angegebene Reise und den namentlich genannten Passagier. Erscheint der Reisende ohne vorherige Umbuchung oder Stornierung nicht zum Boarding, verliert er s\u00e4mtliche Rechte aus dem Ticket.<br>Eine \u00dcbertragung auf Dritte ist nur mit vorheriger schriftlicher Zustimmung des Schiffs Betreibers zul\u00e4ssig.<br>Ungeachtet der auf dem Ticket angegebenen Schiffsbezeichnung darf die Reise nach Ermessen des Schiffsbetriebs alternativ mit der Stella Australis oder der Ventus Australis \u2013 Schiffen gleicher Art und Ausstattung \u2013 durchgef\u00fchrt werden.<br><br><\/p>\n\n\n\n<p class=\"has-l-font-size\">3. Der Passagier muss das Ticket w\u00e4hrend der gesamten Reise mitf\u00fchren und es auf Verlangen des Schiffsbetreibers oder der Seebeh\u00f6rde bei der Ein- und Ausschiffung sowie w\u00e4hrend der Fahrt vorzeigen.<br><br><\/p>\n\n\n\n<p class=\"has-l-font-size\">4. Das Boarding ist sp\u00e4testens 48 Stunden vor Abfahrt zu best\u00e4tigen. Am Abreisetag ist das Ticket zur angegebenen Zeit und am angegebenen Ort beim Check-in vorzulegen.<br>Ein Buchungswunsch ist schriftlich einzureichen; der Schiffsbetreiber kann ihn ohne Angabe von Gr\u00fcnden annehmen oder ablehnen. Bei Annahme zahlt der Passagier eine Geb\u00fchr von 100 USD (hundert US-Dollar) bzw. den Gegenwert in chilenischen Pesos sowie eventuelle Tarifdifferenzen.<br>Unterbleibt der Antrag oder wird er abgelehnt und erscheint der Passagier nicht rechtzeitig, gilt das Ticket als aufgegeben; es greifen die daf\u00fcr vorgesehenen Regelungen.<br><br><\/p>\n\n\n\n<p class=\"has-l-font-size\">5. Die auf dem Ticket genannten Abfahrts- und Ankunftszeiten sind Richtwerte. Verz\u00f6gerungen aufgrund von Witterung, beh\u00f6rdlichen Anweisungen, Sicherheits- bzw. Gesundheitsgr\u00fcnden oder h\u00f6herer Gewalt begr\u00fcnden keinen Entsch\u00e4digungsanspruch.<br>Der Schiffsbetreiber kann die Reise bei h\u00f6herer Gewalt ganz absagen, ohne zur R\u00fcckzahlung des Ticketpreises oder zu Schadenersatz verpflichtet zu sein.<br>Bei Verz\u00f6gerungen hat der Passagier f\u00fcr deren Dauer Anspruch auf Verpflegung und Unterkunft an Bord.<br><br><\/p>\n\n\n\n<p class=\"has-l-font-size\">6. Im Ticketpreis nicht enthalten sind Hafengeb\u00fchren in Punta Arenas (Chile) und Ushuaia (Argentinien) sowie Visa-, Migrations-, Reziprozit\u00e4ts- oder \u00e4hnliche Abgaben der Staaten Chile und Argentinien. Diese sind gesondert zu entrichten.<br>Nicht eingeschlossen sind Trinkgelder, Eink\u00e4ufe an Bord und pers\u00f6nliche Ausgaben, z. B. f\u00fcr eine auf Wunsch des Passagiers veranlasste medizinische Evakuierung.<br><br><\/p>\n\n\n\n<p class=\"has-l-font-size\">7. Gem\u00e4\u00df geltendem Recht ist der Kapit\u00e4n h\u00f6chster Vorgesetzter an Bord, befugt zur Durchsetzung der Gesetze der Republik Chile und zur Aufrechterhaltung von Ordnung und Disziplin.<br>Passagiere haben alle Vorschriften des Eigners sowie die Befehle des Kapit\u00e4ns zu befolgen und d\u00fcrfen keine gesperrten Bereiche betreten.<br>Der Kapit\u00e4n kann Personen, die eine k\u00f6rperliche oder psychische Gefahr darstellen oder die Bordordnung verletzen, das Boarding verwehren oder ausschiffen lassen. Entstehende Kosten tr\u00e4gt der Passagier; weitergehende Schadensersatz- oder beh\u00f6rdliche Anspr\u00fcche bleiben unber\u00fchrt.<br><br><\/p>\n\n\n\n<p class=\"has-l-font-size\">8. Es handelt sich um eine Expeditionskreuzfahrt; das Schiff verf\u00fcgt weder \u00fcber Aufz\u00fcge noch \u00fcber spezielle Einrichtungen f\u00fcr Menschen mit eingeschr\u00e4nkter Mobilit\u00e4t. Betroffene Passagiere sollten sich vor Buchung \u00fcber m\u00f6gliche Unterst\u00fctzung informieren. Mit Vertragsschluss erkennt der Passagier diese Einschr\u00e4nkungen an und verzichtet auf Anspr\u00fcche hieraus.<br><br><\/p>\n\n\n\n<p class=\"has-l-font-size\">9. Begleitende, vollj\u00e4hrige Passagiere haften f\u00fcr das Verhalten und die Sicherheit mitreisender Minderj\u00e4hriger.<br><br><\/p>\n\n\n\n<p class=\"has-l-font-size\">10. Das Mitf\u00fchren von Schusswaffen, gef\u00e4hrlichen Gegenst\u00e4nden oder Sprengstoff sowie von nach chilenischem oder argentinischem Recht verbotenen Drogen ist untersagt. Zuwiderhandelnde Passagiere haften f\u00fcr alle daraus entstehenden Sch\u00e4den.<br><br><\/p>\n\n\n\n<p class=\"has-l-font-size\">11. Tiere sind an Bord der Schiffe des Betreibers nicht gestattet.<br><br><\/p>\n\n\n\n<p class=\"has-l-font-size\">12. Jede Kabine verf\u00fcgt \u00fcber einen Safe, den der Passagier eigenverantwortlich nutzt. Der Schiffsbetreiber haftet nicht f\u00fcr Verlust oder Besch\u00e4digung von Geld, Wertpapieren, Schmuck oder sonstigen Wertgegenst\u00e4nden.<br><br><\/p>\n\n\n\n<p class=\"has-l-font-size\">13. Das Schiff darf jede Route w\u00e4hlen, H\u00e4fen anlaufen, auslassen oder zur\u00fcckkehren, Abschlepp- oder Hilfeleistungen durchf\u00fchren oder aus Gr\u00fcnden h\u00f6herer Gewalt geplante Stopps auslassen, ohne dass dem Passagier Entsch\u00e4digungen zustehen.<br><br><\/p>\n\n\n\n<p class=\"has-l-font-size\">14. Der Schiffsbetreiber befolgt alle beh\u00f6rdlichen Anordnungen. K\u00f6nnen Passagiere dadurch nicht am vorgesehenen Zielhafen ausgeschifft werden, erfolgt die Ausschiffung in einem anderen Hafen; der Bef\u00f6rderungsvertrag gilt damit als erf\u00fcllt. Eine R\u00fcckerstattung, Weiterbef\u00f6rderung oder Entsch\u00e4digungspflicht besteht nicht.<br><br><\/p>\n\n\n\n<p class=\"has-l-font-size\">15. Passagiere, die auf Zwischenstopps selbst\u00e4ndig ausschiffen, tragen alle Landboarding- und Ausschiffung Kosten. Erscheint ein Passagier nicht rechtzeitig zur Weiterfahrt, setzt das Schiff die Reise ohne ihn fort; Erstattungen oder Entsch\u00e4digungen sind ausgeschlossen.<br><br><\/p>\n\n\n\n<p class=\"has-l-font-size\">16. Unterbricht der Betreiber die Reise vor\u00fcbergehend, erh\u00e4lt der Passagier Unterkunft und Verpflegung; weitere Anspr\u00fcche bestehen nicht.<br><br><\/p>\n\n\n\n<p class=\"has-l-font-size\">17. Bei h\u00f6herer Gewalt oder Zufall haftet der Schiffsbetreiber nicht und ist von R\u00fcckzahlungs- oder Schadensersatzpflichten befreit.<br><br><\/p>\n\n\n\n<p class=\"has-l-font-size\">18. Die Gesellschaft kann Reisen infolge h\u00f6herer Gewalt oder beh\u00f6rdlicher Gesundheits- bzw. Reisebeschr\u00e4nkungen stornieren.<br><br><\/p>\n\n\n\n<p class=\"has-l-font-size\">19. F\u00fcr pers\u00f6nliche Risiken (Gesundheit, Tod, Gep\u00e4ck, Reiseassistenz u. \u00e4.) sollte der Passagier eine eigene Versicherung abschlie\u00dfen. Der Schiffsbetreiber verf\u00fcgt \u00fcber eine Haftpflichtversicherung gem\u00e4\u00df chilenischem Handelsgesetzbuch.<br><br><\/p>\n\n\n\n<p class=\"has-l-font-size\">20. Verursacht der Passagier Sch\u00e4den am Schiff oder Eigentum des Betreibers, hat er Ersatz zu leisten.<br><br><\/p>\n\n\n\n<p class=\"has-text-align-left has-l-font-size\">21. Alle Streitigkeiten unterliegen den einschl\u00e4gigen Bestimmungen des Dritten Buches des Handelsgesetzbuchs der Republik Chile.<\/p>\n<\/div>\n<\/div>\n<\/section>\n<\/section>\n\n\n\n<span class=\"wp-block-australis-bp-spacer bp-spacer\" style=\"--_spacer-desktop-top:0;--_spacer-desktop-bot:160;--_spacer-mobile-top:0;--_spacer-mobile-bot:120\" id=\"bp-spacer\" aria-hidden=\"true\"><\/span>\n","protected":false},"excerpt":{"rendered":"","protected":false},"author":1,"featured_media":3784,"parent":0,"menu_order":0,"comment_status":"closed","ping_status":"closed","template":"","meta":{"_acf_changed":false,"footnotes":""},"class_list":["post-2830","page","type-page","status-publish","has-post-thumbnail","hentry"],"acf":[],"yoast_head":"<!-- This site is optimized with the Yoast SEO plugin v26.3 - https:\/\/yoast.com\/wordpress\/plugins\/seo\/ -->\n<title>Ticketvereinbarung &amp; Reisebedingungen | Australis<\/title>\n<meta name=\"description\" content=\"Lesen Sie die Ticketvereinbarung und Reisebedingungen von Australis. Informieren Sie sich \u00fcber Buchungsrichtlinien und Stornierungskonditionen.\" \/>\n<meta name=\"robots\" content=\"index, follow, max-snippet:-1, max-image-preview:large, max-video-preview:-1\" \/>\n<link rel=\"canonical\" href=\"https:\/\/www.australis.com\/de\/ticketvereinbarung\/\" \/>\n<meta property=\"og:locale\" content=\"de_DE\" \/>\n<meta property=\"og:type\" content=\"article\" \/>\n<meta property=\"og:title\" content=\"Ticketvereinbarung &amp; Reisebedingungen | Australis\" \/>\n<meta property=\"og:description\" content=\"Lesen Sie die Ticketvereinbarung und Reisebedingungen von Australis. Informieren Sie sich \u00fcber Buchungsrichtlinien und Stornierungskonditionen.\" \/>\n<meta property=\"og:url\" content=\"https:\/\/www.australis.com\/de\/ticketvereinbarung\/\" \/>\n<meta property=\"og:site_name\" content=\"Kreuzfahrten nach Chile und Patagonien\" \/>\n<meta property=\"article:modified_time\" content=\"2025-05-14T14:04:47+00:00\" \/>\n<meta property=\"og:image\" content=\"https:\/\/www.australis.com\/de\/wp-content\/uploads\/sites\/6\/2025\/02\/AU_feature-image_web.jpg\" \/>\n\t<meta property=\"og:image:width\" content=\"1080\" \/>\n\t<meta property=\"og:image:height\" content=\"562\" \/>\n\t<meta property=\"og:image:type\" content=\"image\/jpeg\" \/>\n<meta name=\"twitter:card\" content=\"summary_large_image\" \/>\n<meta name=\"twitter:label1\" content=\"Gesch\u00e4tzte Lesezeit\" \/>\n\t<meta name=\"twitter:data1\" content=\"5\u00a0Minuten\" \/>\n<script type=\"application\/ld+json\" class=\"yoast-schema-graph\">{\"@context\":\"https:\/\/schema.org\",\"@graph\":[{\"@type\":\"WebPage\",\"@id\":\"https:\/\/www.australis.com\/de\/ticketvereinbarung\/\",\"url\":\"https:\/\/www.australis.com\/de\/ticketvereinbarung\/\",\"name\":\"Ticketvereinbarung & Reisebedingungen | Australis\",\"isPartOf\":{\"@id\":\"https:\/\/www.australis.com\/de\/#website\"},\"primaryImageOfPage\":{\"@id\":\"https:\/\/www.australis.com\/de\/ticketvereinbarung\/#primaryimage\"},\"image\":{\"@id\":\"https:\/\/www.australis.com\/de\/ticketvereinbarung\/#primaryimage\"},\"thumbnailUrl\":\"https:\/\/www.australis.com\/de\/wp-content\/uploads\/sites\/6\/2025\/02\/AU_feature-image_web.jpg\",\"datePublished\":\"2025-02-05T12:18:03+00:00\",\"dateModified\":\"2025-05-14T14:04:47+00:00\",\"description\":\"Lesen Sie die Ticketvereinbarung und Reisebedingungen von Australis. Informieren Sie sich \u00fcber Buchungsrichtlinien und Stornierungskonditionen.\",\"breadcrumb\":{\"@id\":\"https:\/\/www.australis.com\/de\/ticketvereinbarung\/#breadcrumb\"},\"inLanguage\":\"de\",\"potentialAction\":[{\"@type\":\"ReadAction\",\"target\":[\"https:\/\/www.australis.com\/de\/ticketvereinbarung\/\"]}]},{\"@type\":\"ImageObject\",\"inLanguage\":\"de\",\"@id\":\"https:\/\/www.australis.com\/de\/ticketvereinbarung\/#primaryimage\",\"url\":\"https:\/\/www.australis.com\/de\/wp-content\/uploads\/sites\/6\/2025\/02\/AU_feature-image_web.jpg\",\"contentUrl\":\"https:\/\/www.australis.com\/de\/wp-content\/uploads\/sites\/6\/2025\/02\/AU_feature-image_web.jpg\",\"width\":1080,\"height\":562},{\"@type\":\"BreadcrumbList\",\"@id\":\"https:\/\/www.australis.com\/de\/ticketvereinbarung\/#breadcrumb\",\"itemListElement\":[{\"@type\":\"ListItem\",\"position\":1,\"name\":\"Home\",\"item\":\"https:\/\/www.australis.com\/de\/\"},{\"@type\":\"ListItem\",\"position\":2,\"name\":\"Ticketvertrag\"}]},{\"@type\":\"WebSite\",\"@id\":\"https:\/\/www.australis.com\/de\/#website\",\"url\":\"https:\/\/www.australis.com\/de\/\",\"name\":\"Kreuzfahrten nach Chile und Patagonien\",\"description\":\"Erkunden Sie die Fjorde mit Australis\",\"potentialAction\":[{\"@type\":\"SearchAction\",\"target\":{\"@type\":\"EntryPoint\",\"urlTemplate\":\"https:\/\/www.australis.com\/de\/?s={search_term_string}\"},\"query-input\":{\"@type\":\"PropertyValueSpecification\",\"valueRequired\":true,\"valueName\":\"search_term_string\"}}],\"inLanguage\":\"de\"}]}<\/script>\n<!-- \/ Yoast SEO plugin. -->","yoast_head_json":{"title":"Ticketvereinbarung & Reisebedingungen | Australis","description":"Lesen Sie die Ticketvereinbarung und Reisebedingungen von Australis. Informieren Sie sich \u00fcber Buchungsrichtlinien und Stornierungskonditionen.","robots":{"index":"index","follow":"follow","max-snippet":"max-snippet:-1","max-image-preview":"max-image-preview:large","max-video-preview":"max-video-preview:-1"},"canonical":"https:\/\/www.australis.com\/de\/ticketvereinbarung\/","og_locale":"de_DE","og_type":"article","og_title":"Ticketvereinbarung & Reisebedingungen | Australis","og_description":"Lesen Sie die Ticketvereinbarung und Reisebedingungen von Australis. Informieren Sie sich \u00fcber Buchungsrichtlinien und Stornierungskonditionen.","og_url":"https:\/\/www.australis.com\/de\/ticketvereinbarung\/","og_site_name":"Kreuzfahrten nach Chile und Patagonien","article_modified_time":"2025-05-14T14:04:47+00:00","og_image":[{"width":1080,"height":562,"url":"https:\/\/www.australis.com\/de\/wp-content\/uploads\/sites\/6\/2025\/02\/AU_feature-image_web.jpg","type":"image\/jpeg"}],"twitter_card":"summary_large_image","twitter_misc":{"Gesch\u00e4tzte Lesezeit":"5\u00a0Minuten"},"schema":{"@context":"https:\/\/schema.org","@graph":[{"@type":"WebPage","@id":"https:\/\/www.australis.com\/de\/ticketvereinbarung\/","url":"https:\/\/www.australis.com\/de\/ticketvereinbarung\/","name":"Ticketvereinbarung & Reisebedingungen | Australis","isPartOf":{"@id":"https:\/\/www.australis.com\/de\/#website"},"primaryImageOfPage":{"@id":"https:\/\/www.australis.com\/de\/ticketvereinbarung\/#primaryimage"},"image":{"@id":"https:\/\/www.australis.com\/de\/ticketvereinbarung\/#primaryimage"},"thumbnailUrl":"https:\/\/www.australis.com\/de\/wp-content\/uploads\/sites\/6\/2025\/02\/AU_feature-image_web.jpg","datePublished":"2025-02-05T12:18:03+00:00","dateModified":"2025-05-14T14:04:47+00:00","description":"Lesen Sie die Ticketvereinbarung und Reisebedingungen von Australis. Informieren Sie sich \u00fcber Buchungsrichtlinien und Stornierungskonditionen.","breadcrumb":{"@id":"https:\/\/www.australis.com\/de\/ticketvereinbarung\/#breadcrumb"},"inLanguage":"de","potentialAction":[{"@type":"ReadAction","target":["https:\/\/www.australis.com\/de\/ticketvereinbarung\/"]}]},{"@type":"ImageObject","inLanguage":"de","@id":"https:\/\/www.australis.com\/de\/ticketvereinbarung\/#primaryimage","url":"https:\/\/www.australis.com\/de\/wp-content\/uploads\/sites\/6\/2025\/02\/AU_feature-image_web.jpg","contentUrl":"https:\/\/www.australis.com\/de\/wp-content\/uploads\/sites\/6\/2025\/02\/AU_feature-image_web.jpg","width":1080,"height":562},{"@type":"BreadcrumbList","@id":"https:\/\/www.australis.com\/de\/ticketvereinbarung\/#breadcrumb","itemListElement":[{"@type":"ListItem","position":1,"name":"Home","item":"https:\/\/www.australis.com\/de\/"},{"@type":"ListItem","position":2,"name":"Ticketvertrag"}]},{"@type":"WebSite","@id":"https:\/\/www.australis.com\/de\/#website","url":"https:\/\/www.australis.com\/de\/","name":"Kreuzfahrten nach Chile und Patagonien","description":"Erkunden Sie die Fjorde mit Australis","potentialAction":[{"@type":"SearchAction","target":{"@type":"EntryPoint","urlTemplate":"https:\/\/www.australis.com\/de\/?s={search_term_string}"},"query-input":{"@type":"PropertyValueSpecification","valueRequired":true,"valueName":"search_term_string"}}],"inLanguage":"de"}]}},"_links":{"self":[{"href":"https:\/\/www.australis.com\/de\/wp-json\/wp\/v2\/pages\/2830","targetHints":{"allow":["GET"]}}],"collection":[{"href":"https:\/\/www.australis.com\/de\/wp-json\/wp\/v2\/pages"}],"about":[{"href":"https:\/\/www.australis.com\/de\/wp-json\/wp\/v2\/types\/page"}],"author":[{"embeddable":true,"href":"https:\/\/www.australis.com\/de\/wp-json\/wp\/v2\/users\/1"}],"replies":[{"embeddable":true,"href":"https:\/\/www.australis.com\/de\/wp-json\/wp\/v2\/comments?post=2830"}],"version-history":[{"count":12,"href":"https:\/\/www.australis.com\/de\/wp-json\/wp\/v2\/pages\/2830\/revisions"}],"predecessor-version":[{"id":4324,"href":"https:\/\/www.australis.com\/de\/wp-json\/wp\/v2\/pages\/2830\/revisions\/4324"}],"wp:featuredmedia":[{"embeddable":true,"href":"https:\/\/www.australis.com\/de\/wp-json\/wp\/v2\/media\/3784"}],"wp:attachment":[{"href":"https:\/\/www.australis.com\/de\/wp-json\/wp\/v2\/media?parent=2830"}],"curies":[{"name":"wp","href":"https:\/\/api.w.org\/{rel}","templated":true}]}}