{"id":2829,"date":"2025-02-05T12:18:05","date_gmt":"2025-02-05T12:18:05","guid":{"rendered":"https:\/\/qa-aws.australis.com\/?page_id=2829"},"modified":"2025-05-26T15:41:45","modified_gmt":"2025-05-26T15:41:45","slug":"eidesstattliche-erklaerung","status":"publish","type":"page","link":"https:\/\/www.australis.com\/de\/eidesstattliche-erklaerung\/","title":{"rendered":"Eidesstattliche Erkl\u00e4rung"},"content":{"rendered":"\n<span class=\"wp-block-australis-bp-spacer bp-spacer\" style=\"--_spacer-desktop-top:0;--_spacer-desktop-bot:160;--_spacer-mobile-top:0;--_spacer-mobile-bot:120\" id=\"bp-spacer\" aria-hidden=\"true\"><\/span>\n\n\n\n<p><\/p>\n\n\n\n<section class=\"wp-block-australis-bp-container container  title-with-paragraph\" id=\"\" data-name=\"\" style=\"color:var(--crema-secondary)\">\n<section class=\"wp-block-australis-bp-row row center middle mobile-center mobile-middle row-txt-box is-style-fixed\" style=\"--row-desktop-gap:46rem;--row-mobile-gap:0rem\">\n<div class=\"wp-block-columns is-not-stacked-on-mobile is-layout-flex wp-container-core-columns-is-layout-9d6595d7 wp-block-columns-is-layout-flex\">\n<div class=\"wp-block-column is-layout-flow wp-block-column-is-layout-flow\" style=\"flex-basis:100%\">\n<h1 class=\"wp-block-heading has-text-align-center has-xl-font-size\">Eidesstattliche Erkl\u00e4rung<\/h1>\n\n\n\n<p class=\"has-text-align-center has-l-font-size\">Vor dem Einschiffen muss der Passagier die unterzeichnete eidesstattliche Erkl\u00e4rung vorlegen, in der die Rechte und Pflichten des Passagiers und des Bef\u00f6rderers w\u00e4hrend der Reise erl\u00e4utert werden. Der Passagier ist verpfichtet, dieses Dokument sorgf\u00e4ltig zu lesen. Es kann hier heruntergeladen, gelesen und gedruckt werden.<\/p>\n\n\n\n<span class=\"wp-block-australis-bp-spacer bp-spacer\" style=\"--_spacer-desktop-top:0;--_spacer-desktop-bot:20;--_spacer-mobile-top:0;--_spacer-mobile-bot:20\" id=\"bp-spacer\" aria-hidden=\"true\"><\/span>\n\n\n\n<p class=\"has-text-align-center has-l-font-size\">Eine Kopie der Eidesstattlichen Erkl\u00e4rung wird auch beim Check-in zur Verf\u00fcgung gestellt.<\/p>\n<\/div>\n<\/div>\n<\/section>\n\n\n\n<span class=\"wp-block-australis-bp-spacer bp-spacer\" style=\"--_spacer-desktop-top:0;--_spacer-desktop-bot:49;--_spacer-mobile-top:0;--_spacer-mobile-bot:20\" id=\"bp-spacer\" aria-hidden=\"true\"><\/span>\n<\/section>\n\n\n\n<div class=\"wp-block-buttons is-vertical is-content-justification-center is-layout-flex wp-container-core-buttons-is-layout-cc3cdef1 wp-block-buttons-is-layout-flex\">\n<div class=\"wp-block-button is-style-outline is-style-outline--1\"><a class=\"wp-block-button__link has-label-button-font-size has-custom-font-size wp-element-button\" href=\"https:\/\/assets.australis.com\/declaracion-jurada\/Eidesstattliche-Erklarung-Ventus-Australis.pdf\" target=\"_blank\" rel=\"noreferrer noopener\">Dokument VENTUS Australis<br>herunterladen<\/a><\/div>\n<\/div>\n\n\n\n<span class=\"wp-block-australis-bp-spacer bp-spacer\" style=\"--_spacer-desktop-top:0;--_spacer-desktop-bot:20;--_spacer-mobile-top:0;--_spacer-mobile-bot:20\" id=\"bp-spacer\" aria-hidden=\"true\"><\/span>\n\n\n\n<div class=\"wp-block-buttons is-vertical is-content-justification-center is-layout-flex wp-container-core-buttons-is-layout-cc3cdef1 wp-block-buttons-is-layout-flex\">\n<div class=\"wp-block-button is-style-outline is-style-outline--2\"><a class=\"wp-block-button__link has-label-button-font-size has-custom-font-size wp-element-button\" href=\"https:\/\/assets.australis.com\/declaracion-jurada\/Eidesstattliche-Erklarung-Stella-Australis.pdf\" target=\"_blank\" rel=\"noreferrer noopener\">Dokument Stella Australis<br>herunterladen<\/a><\/div>\n<\/div>\n\n\n\n<span class=\"wp-block-australis-bp-spacer bp-spacer\" style=\"--_spacer-desktop-top:0;--_spacer-desktop-bot:133;--_spacer-mobile-top:0;--_spacer-mobile-bot:120\" id=\"bp-spacer\" aria-hidden=\"true\"><\/span>\n","protected":false},"excerpt":{"rendered":"","protected":false},"author":1,"featured_media":3784,"parent":0,"menu_order":0,"comment_status":"closed","ping_status":"closed","template":"","meta":{"_acf_changed":false,"footnotes":""},"class_list":["post-2829","page","type-page","status-publish","has-post-thumbnail","hentry"],"acf":[],"yoast_head":"<!-- This site is optimized with the Yoast SEO plugin v26.3 - https:\/\/yoast.com\/wordpress\/plugins\/seo\/ -->\n<title>Eidesstattliche Erkl\u00e4rung | Wichtige Reisedokumente f\u00fcr Australis<\/title>\n<meta name=\"description\" content=\"Laden Sie hier die erforderliche eidesstattliche Erkl\u00e4rung f\u00fcr Ihre Australis-Kreuzfahrt herunter und f\u00fcllen Sie sie aus.\" \/>\n<meta name=\"robots\" content=\"index, follow, max-snippet:-1, max-image-preview:large, max-video-preview:-1\" \/>\n<link rel=\"canonical\" href=\"https:\/\/www.australis.com\/de\/eidesstattliche-erklaerung\/\" \/>\n<meta property=\"og:locale\" content=\"de_DE\" \/>\n<meta property=\"og:type\" content=\"article\" \/>\n<meta property=\"og:title\" content=\"Eidesstattliche Erkl\u00e4rung | Wichtige Reisedokumente f\u00fcr Australis\" \/>\n<meta property=\"og:description\" content=\"Laden Sie hier die erforderliche eidesstattliche Erkl\u00e4rung f\u00fcr Ihre Australis-Kreuzfahrt herunter und f\u00fcllen Sie sie aus.\" \/>\n<meta property=\"og:url\" content=\"https:\/\/www.australis.com\/de\/eidesstattliche-erklaerung\/\" \/>\n<meta property=\"og:site_name\" content=\"Kreuzfahrten nach Chile und Patagonien\" \/>\n<meta property=\"article:modified_time\" content=\"2025-05-26T15:41:45+00:00\" \/>\n<meta property=\"og:image\" content=\"https:\/\/www.australis.com\/de\/wp-content\/uploads\/sites\/6\/2025\/02\/AU_feature-image_web.jpg\" \/>\n\t<meta property=\"og:image:width\" content=\"1080\" \/>\n\t<meta property=\"og:image:height\" content=\"562\" \/>\n\t<meta property=\"og:image:type\" content=\"image\/jpeg\" \/>\n<meta name=\"twitter:card\" content=\"summary_large_image\" \/>\n<meta name=\"twitter:label1\" content=\"Gesch\u00e4tzte Lesezeit\" \/>\n\t<meta name=\"twitter:data1\" content=\"1\u00a0Minute\" \/>\n<script type=\"application\/ld+json\" class=\"yoast-schema-graph\">{\"@context\":\"https:\/\/schema.org\",\"@graph\":[{\"@type\":\"WebPage\",\"@id\":\"https:\/\/www.australis.com\/de\/eidesstattliche-erklaerung\/\",\"url\":\"https:\/\/www.australis.com\/de\/eidesstattliche-erklaerung\/\",\"name\":\"Eidesstattliche Erkl\u00e4rung | Wichtige Reisedokumente f\u00fcr Australis\",\"isPartOf\":{\"@id\":\"https:\/\/www.australis.com\/de\/#website\"},\"primaryImageOfPage\":{\"@id\":\"https:\/\/www.australis.com\/de\/eidesstattliche-erklaerung\/#primaryimage\"},\"image\":{\"@id\":\"https:\/\/www.australis.com\/de\/eidesstattliche-erklaerung\/#primaryimage\"},\"thumbnailUrl\":\"https:\/\/www.australis.com\/de\/wp-content\/uploads\/sites\/6\/2025\/02\/AU_feature-image_web.jpg\",\"datePublished\":\"2025-02-05T12:18:05+00:00\",\"dateModified\":\"2025-05-26T15:41:45+00:00\",\"description\":\"Laden Sie hier die erforderliche eidesstattliche Erkl\u00e4rung f\u00fcr Ihre Australis-Kreuzfahrt herunter und f\u00fcllen Sie sie aus.\",\"breadcrumb\":{\"@id\":\"https:\/\/www.australis.com\/de\/eidesstattliche-erklaerung\/#breadcrumb\"},\"inLanguage\":\"de\",\"potentialAction\":[{\"@type\":\"ReadAction\",\"target\":[\"https:\/\/www.australis.com\/de\/eidesstattliche-erklaerung\/\"]}]},{\"@type\":\"ImageObject\",\"inLanguage\":\"de\",\"@id\":\"https:\/\/www.australis.com\/de\/eidesstattliche-erklaerung\/#primaryimage\",\"url\":\"https:\/\/www.australis.com\/de\/wp-content\/uploads\/sites\/6\/2025\/02\/AU_feature-image_web.jpg\",\"contentUrl\":\"https:\/\/www.australis.com\/de\/wp-content\/uploads\/sites\/6\/2025\/02\/AU_feature-image_web.jpg\",\"width\":1080,\"height\":562},{\"@type\":\"BreadcrumbList\",\"@id\":\"https:\/\/www.australis.com\/de\/eidesstattliche-erklaerung\/#breadcrumb\",\"itemListElement\":[{\"@type\":\"ListItem\",\"position\":1,\"name\":\"Home\",\"item\":\"https:\/\/www.australis.com\/de\/\"},{\"@type\":\"ListItem\",\"position\":2,\"name\":\"Eidesstattliche Erkl\u00e4rung\"}]},{\"@type\":\"WebSite\",\"@id\":\"https:\/\/www.australis.com\/de\/#website\",\"url\":\"https:\/\/www.australis.com\/de\/\",\"name\":\"Kreuzfahrten nach Chile und Patagonien\",\"description\":\"Erkunden Sie die Fjorde mit Australis\",\"potentialAction\":[{\"@type\":\"SearchAction\",\"target\":{\"@type\":\"EntryPoint\",\"urlTemplate\":\"https:\/\/www.australis.com\/de\/?s={search_term_string}\"},\"query-input\":{\"@type\":\"PropertyValueSpecification\",\"valueRequired\":true,\"valueName\":\"search_term_string\"}}],\"inLanguage\":\"de\"}]}<\/script>\n<!-- \/ Yoast SEO plugin. -->","yoast_head_json":{"title":"Eidesstattliche Erkl\u00e4rung | Wichtige Reisedokumente f\u00fcr Australis","description":"Laden Sie hier die erforderliche eidesstattliche Erkl\u00e4rung f\u00fcr Ihre Australis-Kreuzfahrt herunter und f\u00fcllen Sie sie aus.","robots":{"index":"index","follow":"follow","max-snippet":"max-snippet:-1","max-image-preview":"max-image-preview:large","max-video-preview":"max-video-preview:-1"},"canonical":"https:\/\/www.australis.com\/de\/eidesstattliche-erklaerung\/","og_locale":"de_DE","og_type":"article","og_title":"Eidesstattliche Erkl\u00e4rung | Wichtige Reisedokumente f\u00fcr Australis","og_description":"Laden Sie hier die erforderliche eidesstattliche Erkl\u00e4rung f\u00fcr Ihre Australis-Kreuzfahrt herunter und f\u00fcllen Sie sie aus.","og_url":"https:\/\/www.australis.com\/de\/eidesstattliche-erklaerung\/","og_site_name":"Kreuzfahrten nach Chile und Patagonien","article_modified_time":"2025-05-26T15:41:45+00:00","og_image":[{"width":1080,"height":562,"url":"https:\/\/www.australis.com\/de\/wp-content\/uploads\/sites\/6\/2025\/02\/AU_feature-image_web.jpg","type":"image\/jpeg"}],"twitter_card":"summary_large_image","twitter_misc":{"Gesch\u00e4tzte Lesezeit":"1\u00a0Minute"},"schema":{"@context":"https:\/\/schema.org","@graph":[{"@type":"WebPage","@id":"https:\/\/www.australis.com\/de\/eidesstattliche-erklaerung\/","url":"https:\/\/www.australis.com\/de\/eidesstattliche-erklaerung\/","name":"Eidesstattliche Erkl\u00e4rung | Wichtige Reisedokumente f\u00fcr Australis","isPartOf":{"@id":"https:\/\/www.australis.com\/de\/#website"},"primaryImageOfPage":{"@id":"https:\/\/www.australis.com\/de\/eidesstattliche-erklaerung\/#primaryimage"},"image":{"@id":"https:\/\/www.australis.com\/de\/eidesstattliche-erklaerung\/#primaryimage"},"thumbnailUrl":"https:\/\/www.australis.com\/de\/wp-content\/uploads\/sites\/6\/2025\/02\/AU_feature-image_web.jpg","datePublished":"2025-02-05T12:18:05+00:00","dateModified":"2025-05-26T15:41:45+00:00","description":"Laden Sie hier die erforderliche eidesstattliche Erkl\u00e4rung f\u00fcr Ihre Australis-Kreuzfahrt herunter und f\u00fcllen Sie sie aus.","breadcrumb":{"@id":"https:\/\/www.australis.com\/de\/eidesstattliche-erklaerung\/#breadcrumb"},"inLanguage":"de","potentialAction":[{"@type":"ReadAction","target":["https:\/\/www.australis.com\/de\/eidesstattliche-erklaerung\/"]}]},{"@type":"ImageObject","inLanguage":"de","@id":"https:\/\/www.australis.com\/de\/eidesstattliche-erklaerung\/#primaryimage","url":"https:\/\/www.australis.com\/de\/wp-content\/uploads\/sites\/6\/2025\/02\/AU_feature-image_web.jpg","contentUrl":"https:\/\/www.australis.com\/de\/wp-content\/uploads\/sites\/6\/2025\/02\/AU_feature-image_web.jpg","width":1080,"height":562},{"@type":"BreadcrumbList","@id":"https:\/\/www.australis.com\/de\/eidesstattliche-erklaerung\/#breadcrumb","itemListElement":[{"@type":"ListItem","position":1,"name":"Home","item":"https:\/\/www.australis.com\/de\/"},{"@type":"ListItem","position":2,"name":"Eidesstattliche Erkl\u00e4rung"}]},{"@type":"WebSite","@id":"https:\/\/www.australis.com\/de\/#website","url":"https:\/\/www.australis.com\/de\/","name":"Kreuzfahrten nach Chile und Patagonien","description":"Erkunden Sie die Fjorde mit Australis","potentialAction":[{"@type":"SearchAction","target":{"@type":"EntryPoint","urlTemplate":"https:\/\/www.australis.com\/de\/?s={search_term_string}"},"query-input":{"@type":"PropertyValueSpecification","valueRequired":true,"valueName":"search_term_string"}}],"inLanguage":"de"}]}},"_links":{"self":[{"href":"https:\/\/www.australis.com\/de\/wp-json\/wp\/v2\/pages\/2829","targetHints":{"allow":["GET"]}}],"collection":[{"href":"https:\/\/www.australis.com\/de\/wp-json\/wp\/v2\/pages"}],"about":[{"href":"https:\/\/www.australis.com\/de\/wp-json\/wp\/v2\/types\/page"}],"author":[{"embeddable":true,"href":"https:\/\/www.australis.com\/de\/wp-json\/wp\/v2\/users\/1"}],"replies":[{"embeddable":true,"href":"https:\/\/www.australis.com\/de\/wp-json\/wp\/v2\/comments?post=2829"}],"version-history":[{"count":29,"href":"https:\/\/www.australis.com\/de\/wp-json\/wp\/v2\/pages\/2829\/revisions"}],"predecessor-version":[{"id":4332,"href":"https:\/\/www.australis.com\/de\/wp-json\/wp\/v2\/pages\/2829\/revisions\/4332"}],"wp:featuredmedia":[{"embeddable":true,"href":"https:\/\/www.australis.com\/de\/wp-json\/wp\/v2\/media\/3784"}],"wp:attachment":[{"href":"https:\/\/www.australis.com\/de\/wp-json\/wp\/v2\/media?parent=2829"}],"curies":[{"name":"wp","href":"https:\/\/api.w.org\/{rel}","templated":true}]}}